{"id":9068,"date":"2025-09-09T11:28:20","date_gmt":"2025-09-09T11:28:20","guid":{"rendered":"https:\/\/valenti-test.ca\/histoire-de-reussite-dun-proprietaire\/"},"modified":"2025-09-09T11:45:52","modified_gmt":"2025-09-09T11:45:52","slug":"histoire-de-reussite-dun-proprietaire","status":"publish","type":"page","link":"https:\/\/valenti-test.ca\/fr\/histoire-de-reussite-dun-proprietaire\/","title":{"rendered":"Histoire de r\u00e9ussite d&rsquo;un propri\u00e9taire"},"content":{"rendered":"\t\t<div data-elementor-type=\"wp-page\" data-elementor-id=\"9068\" class=\"elementor elementor-9068 elementor-9044\" data-elementor-post-type=\"page\">\n\t\t\t\t<div class=\"elementor-element elementor-element-5015fdd e-con-full e-flex e-con e-parent\" data-id=\"5015fdd\" data-element_type=\"container\" data-settings=\"{&quot;background_background&quot;:&quot;classic&quot;}\">\n\t\t\t\t<\/div>\n\t\t<div class=\"elementor-element elementor-element-22fb57e e-flex e-con-boxed e-con e-parent\" data-id=\"22fb57e\" data-element_type=\"container\">\n\t\t\t\t\t<div class=\"e-con-inner\">\n\t\t\t\t<div class=\"elementor-element elementor-element-1960177 elementor-invisible elementor-widget elementor-widget-heading\" data-id=\"1960177\" data-element_type=\"widget\" data-settings=\"{&quot;_animation&quot;:&quot;fadeInUp&quot;}\" data-widget_type=\"heading.default\">\n\t\t\t\t<div class=\"elementor-widget-container\">\n\t\t\t\t\t<h2 class=\"elementor-heading-title elementor-size-default\">Histoire de r\u00e9ussite d'un propri\u00e9taire\u00a0: <i>pourquoi la confiance, et non la tactique, a gagn\u00e9<\/i><\/h2>\t\t\t\t<\/div>\n\t\t\t\t<\/div>\n\t\t\t\t<div class=\"elementor-element elementor-element-3f999a0 elementor-invisible elementor-widget elementor-widget-text-editor\" data-id=\"3f999a0\" data-element_type=\"widget\" data-settings=\"{&quot;_animation&quot;:&quot;fadeInUp&quot;}\" data-widget_type=\"text-editor.default\">\n\t\t\t\t<div class=\"elementor-widget-container\">\n\t\t\t\t\t\t\t\t\t<p>\u00ab Par o\u00f9 commencer ? Le premier nom qui me vient \u00e0 l&rsquo;esprit est Mark Rossi. \u00bb<br \/>C&rsquo;est ainsi que commence l&rsquo;histoire de ce client, et c&rsquo;est exactement le genre de retour qui nourrit notre mission au sein du Groupe BW.<\/p>\n<p>L&rsquo;achat d&rsquo;une premi\u00e8re maison est l&rsquo;une des \u00e9tapes les plus importantes d&rsquo;une vie. Mais cela peut aussi \u00eatre l&rsquo;une des plus intimidantes. Entre les ench\u00e8res, les inspections, les formalit\u00e9s administratives et les conseils avis\u00e9s de tous vos proches, il est difficile de savoir \u00e0 qui faire confiance.<\/p>\n<p>C&rsquo;est ainsi que commence l&rsquo;histoire de Maxime et Dave, un jeune couple impatient d&rsquo;acheter sa premi\u00e8re maison, ne sachant pas par o\u00f9 commencer, mais assez intelligent pour comprendre qu&rsquo;il avait besoin d&rsquo;un guide, pas seulement d&rsquo;un vendeur.<\/p>\n\t\t\t\t\t\t\t\t<\/div>\n\t\t\t\t<\/div>\n\t\t\t\t<div class=\"elementor-element elementor-element-7cce9a7 elementor-invisible elementor-widget elementor-widget-heading\" data-id=\"7cce9a7\" data-element_type=\"widget\" data-settings=\"{&quot;_animation&quot;:&quot;fadeInUp&quot;}\" data-widget_type=\"heading.default\">\n\t\t\t\t<div class=\"elementor-widget-container\">\n\t\t\t\t\t<h4 class=\"elementor-heading-title elementor-size-default\">Le probl\u00e8me que la plupart des propri\u00e9taires ne voient pas venir<\/h4>\t\t\t\t<\/div>\n\t\t\t\t<\/div>\n\t\t\t\t<div class=\"elementor-element elementor-element-8b5f6e1 elementor-invisible elementor-widget elementor-widget-text-editor\" data-id=\"8b5f6e1\" data-element_type=\"widget\" data-settings=\"{&quot;_animation&quot;:&quot;fadeInUp&quot;}\" data-widget_type=\"text-editor.default\">\n\t\t\t\t<div class=\"elementor-widget-container\">\n\t\t\t\t\t\t\t\t\t<p>Le secteur immobilier a conditionn\u00e9 le public \u00e0 consid\u00e9rer les courtiers comme des vendeurs. Vous devez acheter ou vendre\u00a0? Appelez un courtier. Concluez la transaction. Passez \u00e0 autre chose. Mais que faire si vous n&rsquo;\u00eates pas pr\u00eat \u00e0 agir vite\u00a0? Et si vous avez besoin de quelqu&rsquo;un qui vous \u00e9coute, pas qui vous pousse\u00a0? Qui vous informe, pas qui vous vend\u00a0? Maxime et Dave avaient d\u00e9j\u00e0 constat\u00e9 la diff\u00e9rence. Ils avaient discut\u00e9 avec d&rsquo;autres courtiers avant de rencontrer Mark. Des courtiers qui les faisaient se sentir comme des num\u00e9ros parmi d&rsquo;autres. Mark les faisait se sentir comme une priorit\u00e9.<\/p>\n\t\t\t\t\t\t\t\t<\/div>\n\t\t\t\t<\/div>\n\t\t\t\t<div class=\"elementor-element elementor-element-1b33e7b elementor-invisible elementor-widget elementor-widget-heading\" data-id=\"1b33e7b\" data-element_type=\"widget\" data-settings=\"{&quot;_animation&quot;:&quot;fadeInUp&quot;}\" data-widget_type=\"heading.default\">\n\t\t\t\t<div class=\"elementor-widget-container\">\n\t\t\t\t\t<h4 class=\"elementor-heading-title elementor-size-default\">La diff\u00e9rence du groupe BW\u00a0: le mod\u00e8le du conseiller<\/h4>\t\t\t\t<\/div>\n\t\t\t\t<\/div>\n\t\t\t\t<div class=\"elementor-element elementor-element-5b748c0 elementor-invisible elementor-widget elementor-widget-text-editor\" data-id=\"5b748c0\" data-element_type=\"widget\" data-settings=\"{&quot;_animation&quot;:&quot;fadeInUp&quot;}\" data-widget_type=\"text-editor.default\">\n\t\t\t\t<div class=\"elementor-widget-container\">\n\t\t\t\t\t\t\t\t\tMark ne les a pas press\u00e9s de visiter. Il les a \u00e9cout\u00e9s en premier. Il les a aid\u00e9s \u00e0 clarifier leurs besoins et leur a laiss\u00e9 le temps d&rsquo;affiner leur liste de souhaits au fil des visites. Lorsqu&rsquo;ils ont finalement trouv\u00e9 la maison id\u00e9ale, ce n&rsquo;\u00e9tait pas seulement une maison magnifique\u00a0; c&rsquo;\u00e9tait une d\u00e9cision en laquelle ils \u00e9taient enti\u00e8rement confiants.<br>Et une fois l&rsquo;achat finalis\u00e9, l&rsquo;histoire ne s&rsquo;est pas arr\u00eat\u00e9e l\u00e0.<br>\u00ab\u00a0Nous avons d\u00e9cid\u00e9 de poursuivre notre collaboration avec Mark et le Groupe BW pour la vente de notre appartement, ce qui a rendu le processus aussi fluide et agr\u00e9able que l&rsquo;achat.\u00bb<br>C&rsquo;est la diff\u00e9rence entre travailler avec un conseiller et un closing. On ne se sent pas abandonn\u00e9 apr\u00e8s la poign\u00e9e de main. On se sent soutenu \u00e0 chaque \u00e9tape, car nous ne nous int\u00e9ressons pas aux transactions ponctuelles. Nous sommes l\u00e0 pour vous accompagner sur le long terme dans votre parcours d&rsquo;accession \u00e0 la propri\u00e9t\u00e9.\t\t\t\t\t\t\t\t<\/div>\n\t\t\t\t<\/div>\n\t\t\t\t<div class=\"elementor-element elementor-element-e366d3b elementor-invisible elementor-widget elementor-widget-heading\" data-id=\"e366d3b\" data-element_type=\"widget\" data-settings=\"{&quot;_animation&quot;:&quot;fadeInUp&quot;}\" data-widget_type=\"heading.default\">\n\t\t\t\t<div class=\"elementor-widget-container\">\n\t\t\t\t\t<h4 class=\"elementor-heading-title elementor-size-default\">Quelques mots qui disent tout<\/h4>\t\t\t\t<\/div>\n\t\t\t\t<\/div>\n\t\t\t\t<div class=\"elementor-element elementor-element-8be81b7 elementor-invisible elementor-widget elementor-widget-text-editor\" data-id=\"8be81b7\" data-element_type=\"widget\" data-settings=\"{&quot;_animation&quot;:&quot;fadeInUp&quot;}\" data-widget_type=\"text-editor.default\">\n\t\t\t\t<div class=\"elementor-widget-container\">\n\t\t\t\t\t\t\t\t\t<p><span style=\"font-weight: 400;\">\u00ab<\/span><span style=\"font-weight: 400;\">Professionnel, esprit d&rsquo;\u00e9quipe et humain. C&rsquo;est exactement ce que nous recherchions chez notre conseiller.<\/span><span style=\"font-weight: 400;\"><\/span><span style=\"font-weight: 400;\">\u00bb<\/span><\/p>\n<p><span style=\"font-weight: 400;\">Difficile de faire mieux. Mais il est important de le r\u00e9p\u00e9ter\u00a0: l&rsquo;immobilier est avant tout une affaire de personnes.<\/span><\/p>\n<p><span style=\"font-weight: 400;\">Chez BW Group, nous red\u00e9finissons le m\u00e9tier de professionnel de l&rsquo;immobilier. Nous ne croyons pas \u00e0 la vente forc\u00e9e. Nous croyons \u00e0 la confiance. Et cela commence par une \u00e9coute attentive des besoins de nos clients, m\u00eame s&rsquo;ils ne les ont pas encore cern\u00e9s.<\/span><\/p>\n<ul>\n<li style=\"font-weight: 400;\" aria-level=\"1\"><span style=\"font-weight: 400;\">Fin ici pour les articles de blog. &#8211;<\/span><\/li>\n<\/ul>\n<p><b>\u00c0 utiliser uniquement pour les publications sur les r\u00e9seaux sociaux.<\/b><\/p>\n\t\t\t\t\t\t\t\t<\/div>\n\t\t\t\t<\/div>\n\t\t\t\t<div class=\"elementor-element elementor-element-c03f13c elementor-invisible elementor-widget elementor-widget-heading\" data-id=\"c03f13c\" data-element_type=\"widget\" data-settings=\"{&quot;_animation&quot;:&quot;fadeInUp&quot;}\" data-widget_type=\"heading.default\">\n\t\t\t\t<div class=\"elementor-widget-container\">\n\t\t\t\t\t<h4 class=\"elementor-heading-title elementor-size-default\">Prochainement\u00a0: Dans les coulisses avec Mark<\/h4>\t\t\t\t<\/div>\n\t\t\t\t<\/div>\n\t\t\t\t<div class=\"elementor-element elementor-element-ae70979 elementor-invisible elementor-widget elementor-widget-text-editor\" data-id=\"ae70979\" data-element_type=\"widget\" data-settings=\"{&quot;_animation&quot;:&quot;fadeInUp&quot;}\" data-widget_type=\"text-editor.default\">\n\t\t\t\t<div class=\"elementor-widget-container\">\n\t\t\t\t\t\t\t\t\t<p>Plus tard ce mois-ci, nous publierons une courte interview vid\u00e9o avec Mark et ce couple exceptionnel. Ils vous raconteront les hauts et les bas de leur parcours et ce qui a rendu leur exp\u00e9rience unique.<br \/>Restez connect\u00e9s.<\/p>\n\t\t\t\t\t\t\t\t<\/div>\n\t\t\t\t<\/div>\n\t\t\t\t\t<\/div>\n\t\t\t\t<\/div>\n\t\t\t\t<\/div>\n\t\t","protected":false},"excerpt":{"rendered":"<p>Histoire de r\u00e9ussite d&rsquo;un propri\u00e9taire\u00a0: pourquoi la confiance, et non la tactique, a gagn\u00e9 \u00ab Par o\u00f9 commencer ? Le premier nom qui me vient \u00e0 l&rsquo;esprit est Mark Rossi. \u00bbC&rsquo;est ainsi que commence l&rsquo;histoire de ce client, et c&rsquo;est exactement le genre de retour qui nourrit notre mission au sein du Groupe BW. L&rsquo;achat [&hellip;]<\/p>\n","protected":false},"author":1,"featured_media":0,"parent":0,"menu_order":0,"comment_status":"closed","ping_status":"closed","template":"","meta":{"_acf_changed":false,"footnotes":""},"class_list":["post-9068","page","type-page","status-publish","hentry"],"acf":[],"_links":{"self":[{"href":"https:\/\/valenti-test.ca\/fr\/wp-json\/wp\/v2\/pages\/9068","targetHints":{"allow":["GET"]}}],"collection":[{"href":"https:\/\/valenti-test.ca\/fr\/wp-json\/wp\/v2\/pages"}],"about":[{"href":"https:\/\/valenti-test.ca\/fr\/wp-json\/wp\/v2\/types\/page"}],"author":[{"embeddable":true,"href":"https:\/\/valenti-test.ca\/fr\/wp-json\/wp\/v2\/users\/1"}],"replies":[{"embeddable":true,"href":"https:\/\/valenti-test.ca\/fr\/wp-json\/wp\/v2\/comments?post=9068"}],"version-history":[{"count":10,"href":"https:\/\/valenti-test.ca\/fr\/wp-json\/wp\/v2\/pages\/9068\/revisions"}],"predecessor-version":[{"id":9097,"href":"https:\/\/valenti-test.ca\/fr\/wp-json\/wp\/v2\/pages\/9068\/revisions\/9097"}],"wp:attachment":[{"href":"https:\/\/valenti-test.ca\/fr\/wp-json\/wp\/v2\/media?parent=9068"}],"curies":[{"name":"wp","href":"https:\/\/api.w.org\/{rel}","templated":true}]}}