{"id":9045,"date":"2025-09-08T18:05:41","date_gmt":"2025-09-08T18:05:41","guid":{"rendered":"https:\/\/valenti-test.ca\/histoires-de-reussite-des-acheteurs\/"},"modified":"2025-09-12T18:33:40","modified_gmt":"2025-09-12T18:33:40","slug":"histoires-de-reussite-des-acheteurs","status":"publish","type":"page","link":"https:\/\/valenti-test.ca\/fr\/histoires-de-reussite-des-acheteurs\/","title":{"rendered":"Histoires de r\u00e9ussite des acheteurs"},"content":{"rendered":"\t\t<div data-elementor-type=\"wp-page\" data-elementor-id=\"9045\" class=\"elementor elementor-9045 elementor-9005\" data-elementor-post-type=\"page\">\n\t\t\t\t<div class=\"elementor-element elementor-element-ec4ce73 e-con-full e-flex e-con e-parent\" data-id=\"ec4ce73\" data-element_type=\"container\" data-settings=\"{&quot;background_background&quot;:&quot;classic&quot;}\">\n\t\t\t\t<\/div>\n\t\t<div class=\"elementor-element elementor-element-f352ffd e-flex e-con-boxed e-con e-parent\" data-id=\"f352ffd\" data-element_type=\"container\">\n\t\t\t\t\t<div class=\"e-con-inner\">\n\t\t\t\t<div class=\"elementor-element elementor-element-f128ebe elementor-invisible elementor-widget elementor-widget-heading\" data-id=\"f128ebe\" data-element_type=\"widget\" data-settings=\"{&quot;_animation&quot;:&quot;fadeInUp&quot;}\" data-widget_type=\"heading.default\">\n\t\t\t\t<div class=\"elementor-widget-container\">\n\t\t\t\t\t<h2 class=\"elementor-heading-title elementor-size-default\">Histoires de r\u00e9ussite des acheteurs chez BW<\/h2>\t\t\t\t<\/div>\n\t\t\t\t<\/div>\n\t\t\t\t<div class=\"elementor-element elementor-element-fa3d45f elementor-invisible elementor-widget elementor-widget-text-editor\" data-id=\"fa3d45f\" data-element_type=\"widget\" data-settings=\"{&quot;_animation&quot;:&quot;fadeInUp&quot;}\" data-widget_type=\"text-editor.default\">\n\t\t\t\t<div class=\"elementor-widget-container\">\n\t\t\t\t\t\t\t\t\t<p>Chez Broady-Windsor, nous tissons des liens avec nos clients. Nous instaurons la confiance et cr\u00e9ons de la valeur. Voici une s\u00e9lection de t\u00e9moignages d&rsquo;acheteurs qui vous int\u00e9resseront.<\/p>\t\t\t\t\t\t\t\t<\/div>\n\t\t\t\t<\/div>\n\t\t\t\t<div class=\"elementor-element elementor-element-d6e82dc elementor-widget__width-initial Table-Content elementor-widget elementor-widget-text-editor\" data-id=\"d6e82dc\" data-element_type=\"widget\" data-widget_type=\"text-editor.default\">\n\t\t\t\t<div class=\"elementor-widget-container\">\n\t\t\t\t\t\t\t\t\t<div style=\"display: flex; gap: 20px; align-item: center;\">\n<div style=\"display: flex; gap: 20px; align-item: center;\">#1<a href=\"https:\/\/valenti-test.ca\/fr\/histoire-de-reussite-dun-proprietaire\/\">Pourquoi la confiance, et non la tactique, a gagn\u00e9<\/a>\n<\/div>\n<\/div>\t\t\t\t\t\t\t\t<\/div>\n\t\t\t\t<\/div>\n\t\t<div class=\"elementor-element elementor-element-2614d8e e-con-full elementor-hidden-desktop elementor-hidden-laptop elementor-hidden-tablet elementor-hidden-mobile e-flex e-con e-child\" data-id=\"2614d8e\" data-element_type=\"container\">\n\t\t<div class=\"elementor-element elementor-element-ef51ab6 e-con-full e-flex e-con e-child\" data-id=\"ef51ab6\" data-element_type=\"container\">\n\t\t\t\t<div class=\"elementor-element elementor-element-ba4a02e elementor-widget__width-initial Table-Content elementor-widget elementor-widget-text-editor\" data-id=\"ba4a02e\" data-element_type=\"widget\" data-widget_type=\"text-editor.default\">\n\t\t\t\t<div class=\"elementor-widget-container\">\n\t\t\t\t\t\t\t\t\t<div style=\"display: flex; gap: 20px; align-item: center;\"><p>Septembre 2025<\/p><\/div>\t\t\t\t\t\t\t\t<\/div>\n\t\t\t\t<\/div>\n\t\t\t\t<\/div>\n\t\t<div class=\"elementor-element elementor-element-1b56e89 e-con-full e-flex e-con e-child\" data-id=\"1b56e89\" data-element_type=\"container\">\n\t\t\t\t<div class=\"elementor-element elementor-element-34a2e52 elementor-widget__width-initial Table-Content elementor-widget elementor-widget-text-editor\" data-id=\"34a2e52\" data-element_type=\"widget\" data-widget_type=\"text-editor.default\">\n\t\t\t\t<div class=\"elementor-widget-container\">\n\t\t\t\t\t\t\t\t\t<div style=\"display: flex; gap: 20px; align-item: center;\"><a href=\"https:\/\/valenti-test.ca\/fr\/histoire-de-reussite-dun-proprietaire\/\">Pourquoi la confiance, et non la tactique, a gagn\u00e9<\/a><\/div>\t\t\t\t\t\t\t\t<\/div>\n\t\t\t\t<\/div>\n\t\t\t\t<\/div>\n\t\t\t\t<\/div>\n\t\t\t\t\t<\/div>\n\t\t\t\t<\/div>\n\t\t\t\t<\/div>\n\t\t","protected":false},"excerpt":{"rendered":"<p>Histoires de r\u00e9ussite des acheteurs chez BW Chez Broady-Windsor, nous tissons des liens avec nos clients. Nous instaurons la confiance et cr\u00e9ons de la valeur. Voici une s\u00e9lection de t\u00e9moignages d&rsquo;acheteurs qui vous int\u00e9resseront. #1Pourquoi la confiance, et non la tactique, a gagn\u00e9 Septembre 2025 Pourquoi la confiance, et non la tactique, a gagn\u00e9<\/p>\n","protected":false},"author":1,"featured_media":0,"parent":0,"menu_order":0,"comment_status":"closed","ping_status":"closed","template":"","meta":{"_acf_changed":false,"footnotes":""},"class_list":["post-9045","page","type-page","status-publish","hentry"],"acf":[],"_links":{"self":[{"href":"https:\/\/valenti-test.ca\/fr\/wp-json\/wp\/v2\/pages\/9045","targetHints":{"allow":["GET"]}}],"collection":[{"href":"https:\/\/valenti-test.ca\/fr\/wp-json\/wp\/v2\/pages"}],"about":[{"href":"https:\/\/valenti-test.ca\/fr\/wp-json\/wp\/v2\/types\/page"}],"author":[{"embeddable":true,"href":"https:\/\/valenti-test.ca\/fr\/wp-json\/wp\/v2\/users\/1"}],"replies":[{"embeddable":true,"href":"https:\/\/valenti-test.ca\/fr\/wp-json\/wp\/v2\/comments?post=9045"}],"version-history":[{"count":22,"href":"https:\/\/valenti-test.ca\/fr\/wp-json\/wp\/v2\/pages\/9045\/revisions"}],"predecessor-version":[{"id":9208,"href":"https:\/\/valenti-test.ca\/fr\/wp-json\/wp\/v2\/pages\/9045\/revisions\/9208"}],"wp:attachment":[{"href":"https:\/\/valenti-test.ca\/fr\/wp-json\/wp\/v2\/media?parent=9045"}],"curies":[{"name":"wp","href":"https:\/\/api.w.org\/{rel}","templated":true}]}}