{"id":5556,"date":"2025-03-03T18:15:09","date_gmt":"2025-03-03T18:15:09","guid":{"rendered":"https:\/\/valenti-test.ca\/rejoignez-le-hoac\/"},"modified":"2025-09-08T15:43:35","modified_gmt":"2025-09-08T15:43:35","slug":"rejoignez-le-hoac","status":"publish","type":"page","link":"https:\/\/valenti-test.ca\/fr\/rejoignez-le-hoac\/","title":{"rendered":"Rejoignez le hoac"},"content":{"rendered":"\t\t<div data-elementor-type=\"wp-page\" data-elementor-id=\"5556\" class=\"elementor elementor-5556 elementor-2890\" data-elementor-post-type=\"page\">\n\t\t\t\t<div class=\"elementor-element elementor-element-6266947 e-con-full e-flex e-con e-parent\" data-id=\"6266947\" data-element_type=\"container\" data-settings=\"{&quot;background_background&quot;:&quot;classic&quot;}\">\n\t\t\t\t<\/div>\n\t\t<div class=\"elementor-element elementor-element-a26063d e-flex e-con-boxed e-con e-parent\" data-id=\"a26063d\" data-element_type=\"container\">\n\t\t\t\t\t<div class=\"e-con-inner\">\n\t\t\t\t<div class=\"elementor-element elementor-element-bf78786 elementor-invisible elementor-widget elementor-widget-heading\" data-id=\"bf78786\" data-element_type=\"widget\" data-settings=\"{&quot;_animation&quot;:&quot;fadeInUp&quot;}\" data-widget_type=\"heading.default\">\n\t\t\t\t<div class=\"elementor-widget-container\">\n\t\t\t\t\t<h2 class=\"elementor-heading-title elementor-size-default\">Rejoignez le HOAC<\/h2>\t\t\t\t<\/div>\n\t\t\t\t<\/div>\n\t\t\t\t<div class=\"elementor-element elementor-element-3594505 elementor-invisible elementor-widget elementor-widget-text-editor\" data-id=\"3594505\" data-element_type=\"widget\" data-settings=\"{&quot;_animation&quot;:&quot;fadeInUp&quot;}\" data-widget_type=\"text-editor.default\">\n\t\t\t\t<div class=\"elementor-widget-container\">\n\t\t\t\t\t\t\t\t\t<p>Le Club des conseillers immobiliers n&rsquo;est pas un service, c&rsquo;est un mouvement\u00a0!<br \/>Les membres b\u00e9n\u00e9ficient d&rsquo;un acc\u00e8s exclusif \u00e0 notre r\u00e9pertoire d&rsquo;entreprises de services locales comp\u00e9tentes, chacune ayant \u00e9t\u00e9 s\u00e9lectionn\u00e9e et approuv\u00e9e par l&rsquo;\u00e9quipe de Broady-Windsor. Ces entreprises, et les entrepreneurs qui les dirigent, ont toujours d\u00e9montr\u00e9 leur expertise et leur capacit\u00e9 \u00e0 offrir une valeur exceptionnelle \u00e0 leurs clients.<\/p><p>\u00a0<\/p><p>Si un prestataire de services figure dans la liste HOAC, c&rsquo;est qu&rsquo;il est fiable. Vous avez ainsi l&rsquo;assurance de faire appel \u00e0 un prestataire capable de r\u00e9aliser le travail dans les d\u00e9lais et le budget impartis.<\/p>\t\t\t\t\t\t\t\t<\/div>\n\t\t\t\t<\/div>\n\t\t\t\t\t<\/div>\n\t\t\t\t<\/div>\n\t\t<div class=\"elementor-element elementor-element-98990bf e-flex e-con-boxed e-con e-parent\" data-id=\"98990bf\" data-element_type=\"container\">\n\t\t\t\t\t<div class=\"e-con-inner\">\n\t\t\t\t<div class=\"elementor-element elementor-element-63870c7 elementor-widget elementor-widget-shortcode\" data-id=\"63870c7\" data-element_type=\"widget\" data-widget_type=\"shortcode.default\">\n\t\t\t\t<div class=\"elementor-widget-container\">\n\t\t\t\t\t\t\t<div class=\"elementor-shortcode\"><div class='_form_58'><\/div><script type='text\/javascript' src='https:\/\/broadywindsor.activehosted.com\/f\/embed.php?static=0&id=58&69E7360C4285E&nostyles=0&preview=0'><\/script><\/div>\n\t\t\t\t\t\t<\/div>\n\t\t\t\t<\/div>\n\t\t\t\t\t<\/div>\n\t\t\t\t<\/div>\n\t\t\t\t<\/div>\n\t\t","protected":false},"excerpt":{"rendered":"<p>Rejoignez le HOAC Le Club des conseillers immobiliers n&rsquo;est pas un service, c&rsquo;est un mouvement\u00a0!Les membres b\u00e9n\u00e9ficient d&rsquo;un acc\u00e8s exclusif \u00e0 notre r\u00e9pertoire d&rsquo;entreprises de services locales comp\u00e9tentes, chacune ayant \u00e9t\u00e9 s\u00e9lectionn\u00e9e et approuv\u00e9e par l&rsquo;\u00e9quipe de Broady-Windsor. Ces entreprises, et les entrepreneurs qui les dirigent, ont toujours d\u00e9montr\u00e9 leur expertise et leur capacit\u00e9 \u00e0 [&hellip;]<\/p>\n","protected":false},"author":1,"featured_media":0,"parent":0,"menu_order":0,"comment_status":"closed","ping_status":"closed","template":"","meta":{"_acf_changed":false,"footnotes":""},"class_list":["post-5556","page","type-page","status-publish","hentry"],"acf":[],"_links":{"self":[{"href":"https:\/\/valenti-test.ca\/fr\/wp-json\/wp\/v2\/pages\/5556","targetHints":{"allow":["GET"]}}],"collection":[{"href":"https:\/\/valenti-test.ca\/fr\/wp-json\/wp\/v2\/pages"}],"about":[{"href":"https:\/\/valenti-test.ca\/fr\/wp-json\/wp\/v2\/types\/page"}],"author":[{"embeddable":true,"href":"https:\/\/valenti-test.ca\/fr\/wp-json\/wp\/v2\/users\/1"}],"replies":[{"embeddable":true,"href":"https:\/\/valenti-test.ca\/fr\/wp-json\/wp\/v2\/comments?post=5556"}],"version-history":[{"count":9,"href":"https:\/\/valenti-test.ca\/fr\/wp-json\/wp\/v2\/pages\/5556\/revisions"}],"predecessor-version":[{"id":9004,"href":"https:\/\/valenti-test.ca\/fr\/wp-json\/wp\/v2\/pages\/5556\/revisions\/9004"}],"wp:attachment":[{"href":"https:\/\/valenti-test.ca\/fr\/wp-json\/wp\/v2\/media?parent=5556"}],"curies":[{"name":"wp","href":"https:\/\/api.w.org\/{rel}","templated":true}]}}