{"id":5527,"date":"2025-03-03T18:17:51","date_gmt":"2025-03-03T18:17:51","guid":{"rendered":"https:\/\/valenti-test.ca\/guides-et-listes-de-controle\/"},"modified":"2025-07-31T10:52:15","modified_gmt":"2025-07-31T10:52:15","slug":"guides-et-listes-de-controle","status":"publish","type":"page","link":"https:\/\/valenti-test.ca\/fr\/guides-et-listes-de-controle\/","title":{"rendered":"Guides et listes de contr\u00f4le"},"content":{"rendered":"\t\t<div data-elementor-type=\"wp-page\" data-elementor-id=\"5527\" class=\"elementor elementor-5527 elementor-2902\" data-elementor-post-type=\"page\">\n\t\t\t\t<div class=\"elementor-element elementor-element-0be6ddf e-con-full e-flex e-con e-parent\" data-id=\"0be6ddf\" data-element_type=\"container\" data-settings=\"{&quot;background_background&quot;:&quot;classic&quot;}\">\n\t\t\t\t<\/div>\n\t\t<div class=\"elementor-element elementor-element-f6e114d e-flex e-con-boxed e-con e-parent\" data-id=\"f6e114d\" data-element_type=\"container\">\n\t\t\t\t\t<div class=\"e-con-inner\">\n\t\t\t\t<div class=\"elementor-element elementor-element-4942da5 elementor-invisible elementor-widget elementor-widget-heading\" data-id=\"4942da5\" data-element_type=\"widget\" data-settings=\"{&quot;_animation&quot;:&quot;fadeInUp&quot;}\" data-widget_type=\"heading.default\">\n\t\t\t\t<div class=\"elementor-widget-container\">\n\t\t\t\t\t<h2 class=\"elementor-heading-title elementor-size-default\">Des outils experts pour vous aider \u00e0 prendre des d\u00e9cisions intelligentes<\/h2>\t\t\t\t<\/div>\n\t\t\t\t<\/div>\n\t\t\t\t<div class=\"elementor-element elementor-element-fbef628 elementor-invisible elementor-widget elementor-widget-text-editor\" data-id=\"fbef628\" data-element_type=\"widget\" data-settings=\"{&quot;_animation&quot;:&quot;fadeInUp&quot;}\" data-widget_type=\"text-editor.default\">\n\t\t\t\t<div class=\"elementor-widget-container\">\n\t\t\t\t\t\t\t\t\t<p>Que vous soyez un primo-acc\u00e9dant ou un propri\u00e9taire exp\u00e9riment\u00e9, avoir les bonnes informations \u00e0 port\u00e9e de main fait toute la diff\u00e9rence. Notre collection de guides et de checklists gratuits est con\u00e7ue pour simplifier chaque \u00e9tape de votre parcours immobilier. Que vous achetiez, vendiez ou entreteniez votre maison, vous trouverez des ressources claires et pratiques pour planifier votre projet en toute s\u00e9r\u00e9nit\u00e9.<\/p><p>\u00a0<\/p><p><a href=\"#.\"><strong><span style=\"color: #be1022;\">Parcourez nos outils et \u00e9liminez les incertitudes li\u00e9es \u00e0 l\u2019immobilier.<\/span><\/strong><\/a><\/p>\t\t\t\t\t\t\t\t<\/div>\n\t\t\t\t<\/div>\n\t\t<div class=\"elementor-element elementor-element-e30c4da e-con-full e-flex e-con e-child\" data-id=\"e30c4da\" data-element_type=\"container\">\n\t\t\t\t<div class=\"elementor-element elementor-element-12013fc elementor-widget elementor-widget-heading\" data-id=\"12013fc\" data-element_type=\"widget\" data-widget_type=\"heading.default\">\n\t\t\t\t<div class=\"elementor-widget-container\">\n\t\t\t\t\t<p class=\"elementor-heading-title elementor-size-default\"><a href=\"https:\/\/valenti-test.ca\/buyers-roadmap\/\">https:\/\/valenti-test.ca\/buyers-roadmap\/<\/a><\/p>\t\t\t\t<\/div>\n\t\t\t\t<\/div>\n\t\t\t\t<div class=\"elementor-element elementor-element-8c82cef elementor-widget elementor-widget-heading\" data-id=\"8c82cef\" data-element_type=\"widget\" data-widget_type=\"heading.default\">\n\t\t\t\t<div class=\"elementor-widget-container\">\n\t\t\t\t\t<p class=\"elementor-heading-title elementor-size-default\"><a href=\"https:\/\/valenti-test.ca\/sellers-roadmap\/\">https:\/\/valenti-test.ca\/sellers-roadmap\/<\/a><\/p>\t\t\t\t<\/div>\n\t\t\t\t<\/div>\n\t\t\t\t<div class=\"elementor-element elementor-element-72dc47d elementor-widget elementor-widget-heading\" data-id=\"72dc47d\" data-element_type=\"widget\" data-widget_type=\"heading.default\">\n\t\t\t\t<div class=\"elementor-widget-container\">\n\t\t\t\t\t<p class=\"elementor-heading-title elementor-size-default\"><a href=\"https:\/\/valenti-test.ca\/client-reviews\/\">https:\/\/valenti-test.ca\/client-reviews\/<\/a><\/p>\t\t\t\t<\/div>\n\t\t\t\t<\/div>\n\t\t\t\t<div class=\"elementor-element elementor-element-4fde076 elementor-widget elementor-widget-heading\" data-id=\"4fde076\" data-element_type=\"widget\" data-widget_type=\"heading.default\">\n\t\t\t\t<div class=\"elementor-widget-container\">\n\t\t\t\t\t<p class=\"elementor-heading-title elementor-size-default\"><a href=\"https:\/\/valenti-test.ca\/youtube\/\">https:\/\/valenti-test.ca\/youtube\/<\/a><\/p>\t\t\t\t<\/div>\n\t\t\t\t<\/div>\n\t\t\t\t<div class=\"elementor-element elementor-element-0ea65c6 elementor-widget elementor-widget-heading\" data-id=\"0ea65c6\" data-element_type=\"widget\" data-widget_type=\"heading.default\">\n\t\t\t\t<div class=\"elementor-widget-container\">\n\t\t\t\t\t<p class=\"elementor-heading-title elementor-size-default\"><a href=\"https:\/\/valenti-test.ca\/podcast_bwg\/\">https:\/\/valenti-test.ca\/podcast_bwg\/<\/a><\/p>\t\t\t\t<\/div>\n\t\t\t\t<\/div>\n\t\t\t\t<div class=\"elementor-element elementor-element-bff62df elementor-widget elementor-widget-heading\" data-id=\"bff62df\" data-element_type=\"widget\" data-widget_type=\"heading.default\">\n\t\t\t\t<div class=\"elementor-widget-container\">\n\t\t\t\t\t<p class=\"elementor-heading-title elementor-size-default\"><a href=\"https:\/\/www.hoac.ca\/\">https:\/\/www.hoac.ca\/<\/a><\/p>\t\t\t\t<\/div>\n\t\t\t\t<\/div>\n\t\t\t\t<\/div>\n\t\t\t\t\t<\/div>\n\t\t\t\t<\/div>\n\t\t\t\t<\/div>\n\t\t","protected":false},"excerpt":{"rendered":"<p>Des outils experts pour vous aider \u00e0 prendre des d\u00e9cisions intelligentes Que vous soyez un primo-acc\u00e9dant ou un propri\u00e9taire exp\u00e9riment\u00e9, avoir les bonnes informations \u00e0 port\u00e9e de main fait toute la diff\u00e9rence. Notre collection de guides et de checklists gratuits est con\u00e7ue pour simplifier chaque \u00e9tape de votre parcours immobilier. Que vous achetiez, vendiez ou [&hellip;]<\/p>\n","protected":false},"author":1,"featured_media":0,"parent":0,"menu_order":0,"comment_status":"closed","ping_status":"closed","template":"","meta":{"_acf_changed":false,"footnotes":""},"class_list":["post-5527","page","type-page","status-publish","hentry"],"acf":[],"_links":{"self":[{"href":"https:\/\/valenti-test.ca\/fr\/wp-json\/wp\/v2\/pages\/5527","targetHints":{"allow":["GET"]}}],"collection":[{"href":"https:\/\/valenti-test.ca\/fr\/wp-json\/wp\/v2\/pages"}],"about":[{"href":"https:\/\/valenti-test.ca\/fr\/wp-json\/wp\/v2\/types\/page"}],"author":[{"embeddable":true,"href":"https:\/\/valenti-test.ca\/fr\/wp-json\/wp\/v2\/users\/1"}],"replies":[{"embeddable":true,"href":"https:\/\/valenti-test.ca\/fr\/wp-json\/wp\/v2\/comments?post=5527"}],"version-history":[{"count":17,"href":"https:\/\/valenti-test.ca\/fr\/wp-json\/wp\/v2\/pages\/5527\/revisions"}],"predecessor-version":[{"id":8334,"href":"https:\/\/valenti-test.ca\/fr\/wp-json\/wp\/v2\/pages\/5527\/revisions\/8334"}],"wp:attachment":[{"href":"https:\/\/valenti-test.ca\/fr\/wp-json\/wp\/v2\/media?parent=5527"}],"curies":[{"name":"wp","href":"https:\/\/api.w.org\/{rel}","templated":true}]}}