{"id":5516,"date":"2025-03-03T18:11:24","date_gmt":"2025-03-03T18:11:24","guid":{"rendered":"https:\/\/valenti-test.ca\/reservez-une-consultation\/"},"modified":"2025-08-13T11:12:52","modified_gmt":"2025-08-13T11:12:52","slug":"reservez-une-consultation","status":"publish","type":"page","link":"https:\/\/valenti-test.ca\/fr\/reservez-une-consultation\/","title":{"rendered":"R\u00e9servez une consultation"},"content":{"rendered":"\t\t<div data-elementor-type=\"wp-page\" data-elementor-id=\"5516\" class=\"elementor elementor-5516 elementor-2878\" data-elementor-post-type=\"page\">\n\t\t\t\t<div class=\"elementor-element elementor-element-905447d e-flex e-con-boxed e-con e-parent\" data-id=\"905447d\" data-element_type=\"container\" data-settings=\"{&quot;background_background&quot;:&quot;classic&quot;}\">\n\t\t\t\t\t<div class=\"e-con-inner\">\n\t\t\t\t\t<\/div>\n\t\t\t\t<\/div>\n\t\t<div class=\"elementor-element elementor-element-9e9ab7d Consulation_form e-flex e-con-boxed elementor-invisible e-con e-parent\" data-id=\"9e9ab7d\" data-element_type=\"container\" data-settings=\"{&quot;animation&quot;:&quot;fadeInUp&quot;}\">\n\t\t\t\t\t<div class=\"e-con-inner\">\n\t\t\t\t<div class=\"elementor-element elementor-element-fb6a730  headingWithLine elementor-invisible elementor-widget elementor-widget-heading\" data-id=\"fb6a730\" data-element_type=\"widget\" data-settings=\"{&quot;_animation&quot;:&quot;fadeInUp&quot;}\" data-widget_type=\"heading.default\">\n\t\t\t\t<div class=\"elementor-widget-container\">\n\t\t\t\t\t<h2 class=\"elementor-heading-title elementor-size-default\">R\u00c9SERVER UNE CONSULTATION<\/h2>\t\t\t\t<\/div>\n\t\t\t\t<\/div>\n\t\t\t\t<div class=\"elementor-element elementor-element-93b30fe elementor-widget__width-initial elementor-widget elementor-widget-text-editor\" data-id=\"93b30fe\" data-element_type=\"widget\" data-widget_type=\"text-editor.default\">\n\t\t\t\t<div class=\"elementor-widget-container\">\n\t\t\t\t\t\t\t\t\t<p><strong>Faisons de votre prochain d\u00e9m\u00e9nagement un d\u00e9m\u00e9nagement en toute confiance<\/strong><br \/>Que vous achetiez votre premi\u00e8re maison, la r\u00e9noviez ou la vendiez, la r\u00e9ussite commence par un accompagnement adapt\u00e9. Nous sommes l\u00e0 pour vous offrir des conseils d&rsquo;experts, des analyses honn\u00eates et une strat\u00e9gie adapt\u00e9e \u00e0 vos objectifs.<\/p><p><strong>R\u00e9sultats prouv\u00e9s. Approche fiable.<\/strong><br \/>Avec un historique de clients satisfaits et de cl\u00f4tures en douceur, nous sommes fiers d&rsquo;\u00eatre r\u00e9actifs, comp\u00e9tents et pleinement engag\u00e9s \u00e0 vous aider \u00e0 prendre des d\u00e9cisions \u00e9clair\u00e9es \u00e0 chaque \u00e9tape du processus.<\/p><p><strong>Pr\u00eat \u00e0 parler ?<\/strong><br \/>Partagez vos coordonn\u00e9es ci-dessous et nous vous contacterons sous peu pour en savoir plus sur ce que vous recherchez et comment nous pouvons vous aider \u00e0 y parvenir !<\/p>\t\t\t\t\t\t\t\t<\/div>\n\t\t\t\t<\/div>\n\t\t\t\t<div class=\"elementor-element elementor-element-4e84195  headingWithLine elementor-hidden-desktop elementor-hidden-laptop elementor-hidden-tablet elementor-hidden-mobile elementor-invisible elementor-widget elementor-widget-heading\" data-id=\"4e84195\" data-element_type=\"widget\" data-settings=\"{&quot;_animation&quot;:&quot;fadeInUp&quot;}\" data-widget_type=\"heading.default\">\n\t\t\t\t<div class=\"elementor-widget-container\">\n\t\t\t\t\t<h2 class=\"elementor-heading-title elementor-size-default\">COORDONN\u00c9ES<\/h2>\t\t\t\t<\/div>\n\t\t\t\t<\/div>\n\t\t\t\t<div class=\"elementor-element elementor-element-f7214c9 elementor-widget__width-initial book-a-consultation-form elementor-hidden-desktop elementor-hidden-laptop elementor-hidden-tablet elementor-hidden-mobile elementor-invisible elementor-widget elementor-widget-shortcode\" data-id=\"f7214c9\" data-element_type=\"widget\" data-settings=\"{&quot;_animation&quot;:&quot;fadeInUp&quot;}\" data-widget_type=\"shortcode.default\">\n\t\t\t\t<div class=\"elementor-widget-container\">\n\t\t\t\t\t\t\t<div class=\"elementor-shortcode\">\n<div class=\"wpcf7 no-js\" id=\"wpcf7-f3784-o1\" lang=\"en-US\" dir=\"ltr\" data-wpcf7-id=\"3784\">\n<div class=\"screen-reader-response\"><p role=\"status\" aria-live=\"polite\" aria-atomic=\"true\"><\/p> <ul><\/ul><\/div>\n<form action=\"\/fr\/wp-json\/wp\/v2\/pages\/5516#wpcf7-f3784-o1\" method=\"post\" class=\"wpcf7-form init\" aria-label=\"Contact form\" novalidate=\"novalidate\" data-status=\"init\">\n<div style=\"display: none;\">\n<input type=\"hidden\" name=\"_wpcf7\" value=\"3784\" \/>\n<input type=\"hidden\" name=\"_wpcf7_version\" value=\"6.0.6\" \/>\n<input type=\"hidden\" name=\"_wpcf7_locale\" value=\"en_US\" \/>\n<input type=\"hidden\" name=\"_wpcf7_unit_tag\" value=\"wpcf7-f3784-o1\" \/>\n<input type=\"hidden\" name=\"_wpcf7_container_post\" value=\"0\" \/>\n<input type=\"hidden\" name=\"_wpcf7_posted_data_hash\" value=\"\" \/>\n<\/div>\n<p><label> <b>First Name<\/b> - Required<br \/>\n<span class=\"wpcf7-form-control-wrap\" data-name=\"first-name\"><input size=\"40\" maxlength=\"400\" class=\"wpcf7-form-control wpcf7-text wpcf7-validates-as-required\" autocomplete=\"name\" aria-required=\"true\" aria-invalid=\"false\" value=\"\" type=\"text\" name=\"first-name\" \/><\/span><br \/>\n<\/label><br \/>\n<label> <b>Last Name<\/b> - Required<br \/>\n<span class=\"wpcf7-form-control-wrap\" data-name=\"last-name\"><input size=\"40\" maxlength=\"400\" class=\"wpcf7-form-control wpcf7-text wpcf7-validates-as-required\" autocomplete=\"name\" aria-required=\"true\" aria-invalid=\"false\" value=\"\" type=\"text\" name=\"last-name\" \/><\/span><br \/>\n<\/label><br \/>\n<label> <b>Email<\/b> - Required<br \/>\n<span class=\"wpcf7-form-control-wrap\" data-name=\"email-541\"><input size=\"40\" maxlength=\"400\" class=\"wpcf7-form-control wpcf7-email wpcf7-validates-as-required wpcf7-text wpcf7-validates-as-email\" autocomplete=\"email\" aria-required=\"true\" aria-invalid=\"false\" value=\"\" type=\"email\" name=\"email-541\" \/><\/span><br \/>\n<\/label><br \/>\n<label> <b>Phone<\/b> - Required<br \/>\n<span class=\"wpcf7-form-control-wrap\" data-name=\"tel-835\"><input size=\"40\" maxlength=\"400\" class=\"wpcf7-form-control wpcf7-tel wpcf7-validates-as-required wpcf7-text wpcf7-validates-as-tel\" aria-required=\"true\" aria-invalid=\"false\" value=\"\" type=\"tel\" name=\"tel-835\" \/><\/span><br \/>\n<\/label><br \/>\n<label> <b>Agent<\/b> - Required<br \/>\n<span class=\"wpcf7-form-control-wrap\" data-name=\"select-839\"><select class=\"wpcf7-form-control wpcf7-select wpcf7-validates-as-required\" aria-required=\"true\" aria-invalid=\"false\" name=\"select-839\"><option value=\"Agent 1\">Agent 1<\/option><option value=\"Agent 2\">Agent 2<\/option><option value=\"Agent 3\">Agent 3<\/option><\/select><\/span><br \/>\n<\/label><br \/>\n<label> <b>Date<\/b> - Required<br \/>\n<span class=\"wpcf7-form-control-wrap\" data-name=\"date\"><input class=\"wpcf7-form-control wpcf7-date wpcf7-validates-as-required wpcf7-validates-as-date\" aria-required=\"true\" aria-invalid=\"false\" value=\"\" type=\"date\" name=\"date\" \/><\/span><br \/>\n<\/label><br \/>\n<label class=\"comment\"> <b>Comment<\/b> - Required<br \/>\n<span class=\"wpcf7-form-control-wrap\" data-name=\"comment\"><textarea cols=\"40\" rows=\"10\" maxlength=\"2000\" class=\"wpcf7-form-control wpcf7-textarea wpcf7-validates-as-required\" aria-required=\"true\" aria-invalid=\"false\" name=\"comment\"><\/textarea><\/span><br \/>\n<\/label><br \/>\n<input class=\"wpcf7-form-control wpcf7-submit has-spinner\" type=\"submit\" value=\"SUBMIT\" \/>\n<\/p><div class=\"wpcf7-response-output\" aria-hidden=\"true\"><\/div>\n<\/form>\n<\/div>\n<\/div>\n\t\t\t\t\t\t<\/div>\n\t\t\t\t<\/div>\n\t\t\t\t<div class=\"elementor-element elementor-element-f50c687 elementor-widget__width-inherit elementor-widget elementor-widget-html\" data-id=\"f50c687\" data-element_type=\"widget\" data-widget_type=\"html.default\">\n\t\t\t\t<div class=\"elementor-widget-container\">\n\t\t\t\t\t<div class='_form_54'><\/div><script type='text\/javascript' src='https:\/\/broadywindsor.activehosted.com\/f\/embed.php?static=0&id=54&69E2904D70AF5&nostyles=0&preview=0'><\/script>\r\n<style>\r\n._form_46 form ._form-content, ._form_54 form ._form-content {\r\ndisplay: flex !important;\r\nflex-wrap: wrap !important;\r\ngap: 20px 30px !important;\r\n}\r\n\r\n._form_54 form ._form-content, ._form_54 form {\r\n    width: 100% !important;\r\n    max-width: 100% !important;\r\n}\r\n\r\n#_form_68026EC1E76F5_ .sms_consent_checkbox {\r\npadding:0px !important;\r\n}\r\n\r\n@media(max-width:991px){\r\n\r\n._form_46 form ._form_element ._form-title, ._form_54 form ._form_element ._form-title {\r\nfont-size: 44px !important;\r\nline-height: 52px !important;\r\n}\r\n\r\n\r\n}\r\n\r\n@media(max-width:767px){\r\n._form_46 form ._form_element, ._form_54 form ._form_element {\r\nwidth: 100% !important;\r\npadding: 0px !important;\r\n}\r\n._form_46 form ._form_element ._form-title, ._form_54 form ._form_element ._form-title {\r\nfont-size: 40px !important;\r\nline-height: 52px !important;\r\n}\r\n\r\n._form._form_46, ._form._form_54 {\r\npadding: 20px 0px !important;\r\n}\r\n}\r\n\r\n\r\n<\/style>\t\t\t\t<\/div>\n\t\t\t\t<\/div>\n\t\t\t\t<div class=\"elementor-element elementor-element-2b39c2b elementor-widget__width-initial book-a-consultation-form elementor-hidden-desktop elementor-hidden-laptop elementor-hidden-tablet elementor-hidden-mobile elementor-invisible elementor-widget elementor-widget-shortcode\" data-id=\"2b39c2b\" data-element_type=\"widget\" data-settings=\"{&quot;_animation&quot;:&quot;fadeInUp&quot;}\" data-widget_type=\"shortcode.default\">\n\t\t\t\t<div class=\"elementor-widget-container\">\n\t\t\t\t\t\t\t<div class=\"elementor-shortcode\"><div class='_form_46'><\/div><script type='text\/javascript' src='https:\/\/broadywindsor.activehosted.com\/f\/embed.php?static=0&id=46&69E2904D710BA&nostyles=0&preview=0'><\/script>\n<style>\n._form_46 form ._form-content {\n    display: flex !important;\n    flex-wrap: wrap !important;\n    gap: 20px 30px !important;\n}\n\n#_form_68026EC1E76F5_ .sms_consent_checkbox {\npadding:0px !important;\n}\n\n@media(max-width:767px){\n._form_46 form ._form-content {\n    display: flex !important;\n    flex-wrap: wrap !important;\n    gap: 20px 30px !important;\n}\n}\n\n<\/style><\/div>\n\t\t\t\t\t\t<\/div>\n\t\t\t\t<\/div>\n\t\t\t\t\t<\/div>\n\t\t\t\t<\/div>\n\t\t\t\t<\/div>\n\t\t","protected":false},"excerpt":{"rendered":"<p>R\u00c9SERVER UNE CONSULTATION Faisons de votre prochain d\u00e9m\u00e9nagement un d\u00e9m\u00e9nagement en toute confianceQue vous achetiez votre premi\u00e8re maison, la r\u00e9noviez ou la vendiez, la r\u00e9ussite commence par un accompagnement adapt\u00e9. Nous sommes l\u00e0 pour vous offrir des conseils d&rsquo;experts, des analyses honn\u00eates et une strat\u00e9gie adapt\u00e9e \u00e0 vos objectifs. R\u00e9sultats prouv\u00e9s. Approche fiable.Avec un historique [&hellip;]<\/p>\n","protected":false},"author":1,"featured_media":0,"parent":0,"menu_order":0,"comment_status":"closed","ping_status":"closed","template":"","meta":{"_acf_changed":false,"footnotes":""},"class_list":["post-5516","page","type-page","status-publish","hentry"],"acf":[],"_links":{"self":[{"href":"https:\/\/valenti-test.ca\/fr\/wp-json\/wp\/v2\/pages\/5516","targetHints":{"allow":["GET"]}}],"collection":[{"href":"https:\/\/valenti-test.ca\/fr\/wp-json\/wp\/v2\/pages"}],"about":[{"href":"https:\/\/valenti-test.ca\/fr\/wp-json\/wp\/v2\/types\/page"}],"author":[{"embeddable":true,"href":"https:\/\/valenti-test.ca\/fr\/wp-json\/wp\/v2\/users\/1"}],"replies":[{"embeddable":true,"href":"https:\/\/valenti-test.ca\/fr\/wp-json\/wp\/v2\/comments?post=5516"}],"version-history":[{"count":37,"href":"https:\/\/valenti-test.ca\/fr\/wp-json\/wp\/v2\/pages\/5516\/revisions"}],"predecessor-version":[{"id":8535,"href":"https:\/\/valenti-test.ca\/fr\/wp-json\/wp\/v2\/pages\/5516\/revisions\/8535"}],"wp:attachment":[{"href":"https:\/\/valenti-test.ca\/fr\/wp-json\/wp\/v2\/media?parent=5516"}],"curies":[{"name":"wp","href":"https:\/\/api.w.org\/{rel}","templated":true}]}}