{"id":5513,"date":"2025-03-03T18:18:29","date_gmt":"2025-03-03T18:18:29","guid":{"rendered":"https:\/\/valenti-test.ca\/bulletin\/"},"modified":"2025-08-19T13:42:16","modified_gmt":"2025-08-19T13:42:16","slug":"infolettre","status":"publish","type":"page","link":"https:\/\/valenti-test.ca\/fr\/infolettre\/","title":{"rendered":"Infolettre"},"content":{"rendered":"\t\t<div data-elementor-type=\"wp-page\" data-elementor-id=\"5513\" class=\"elementor elementor-5513 elementor-2905\" data-elementor-post-type=\"page\">\n\t\t\t\t<div class=\"elementor-element elementor-element-70f9d66 e-con-full e-flex e-con e-parent\" data-id=\"70f9d66\" data-element_type=\"container\" data-settings=\"{&quot;background_background&quot;:&quot;classic&quot;}\">\n\t\t\t\t<\/div>\n\t\t<div class=\"elementor-element elementor-element-85f53cf e-flex e-con-boxed e-con e-parent\" data-id=\"85f53cf\" data-element_type=\"container\">\n\t\t\t\t\t<div class=\"e-con-inner\">\n\t\t\t\t<div class=\"elementor-element elementor-element-060acc1 elementor-invisible elementor-widget elementor-widget-heading\" data-id=\"060acc1\" data-element_type=\"widget\" data-settings=\"{&quot;_animation&quot;:&quot;fadeInUp&quot;}\" data-widget_type=\"heading.default\">\n\t\t\t\t<div class=\"elementor-widget-container\">\n\t\t\t\t\t<h2 class=\"elementor-heading-title elementor-size-default\">Gardez une longueur d\u2019avance.<\/h2>\t\t\t\t<\/div>\n\t\t\t\t<\/div>\n\t\t\t\t<div class=\"elementor-element elementor-element-c3c38c8 elementor-invisible elementor-widget elementor-widget-text-editor\" data-id=\"c3c38c8\" data-element_type=\"widget\" data-settings=\"{&quot;_animation&quot;:&quot;fadeInUp&quot;}\" data-widget_type=\"text-editor.default\">\n\t\t\t\t<div class=\"elementor-widget-container\">\n\t\t\t\t\t\t\t\t\t<p>Notre infolettre mensuelle vous donne acc\u00e8s \u00e0 l&rsquo;actualit\u00e9 immobili\u00e8re montr\u00e9alaise. Que vous soyez acheteur, vendeur ou que vous souhaitiez simplement devenir propri\u00e9taire, vous recevrez des analyses et des statistiques exclusives du march\u00e9, des conseils d&rsquo;experts, les derni\u00e8res tendances, nos derniers \u00e9pisodes de balados, les nouvelles inscriptions et des informations privil\u00e9gi\u00e9es sur l&rsquo;actualit\u00e9 de votre quartier. C&rsquo;est tout ce dont les Montr\u00e9alais ont besoin pour rester inform\u00e9s, et tout cela directement dans votre bo\u00eete de r\u00e9ception.<\/p>\t\t\t\t\t\t\t\t<\/div>\n\t\t\t\t<\/div>\n\t\t\t\t<div class=\"elementor-element elementor-element-05be2e6 elementor-widget elementor-widget-shortcode\" data-id=\"05be2e6\" data-element_type=\"widget\" data-widget_type=\"shortcode.default\">\n\t\t\t\t<div class=\"elementor-widget-container\">\n\t\t\t\t\t\t\t<div class=\"elementor-shortcode\"><div class='_form_60'><\/div><script type='text\/javascript' src='https:\/\/broadywindsor.activehosted.com\/f\/embed.php?static=0&id=60&69E2904DC4E3E&nostyles=0&preview=0'><\/script>\n<style>\n._form_60 form {\npadding: 0 !important;\n}\n._form_52 input, ._form_60 input, ._form_52 select, ._form_60 select {\n\t  margin-top: 13px;\n    padding: 12px 20px;\n    background: #fff;\n    border: 0;\n    width:100% !important;\n    max-width:100%;\n    outline: none;\n    border-radius: 0;\n    font-size: 22px !important;\n    font-weight: 500;\n    line-height: normal;\n    height:55px;\n}\n._form_52 form textarea, ._form_60 form textarea,\n._form_52 ._field-wrapper textarea, ._form_60 ._field-wrapper textarea {\n    margin-top: 13px;\n    padding: 12px 20px;\n    background: #fff;\n    border: 0;\n    width:100%;\n    outline: none;\n    border-radius: 0;\n    font-size: 22px;\n    font-weight: 500;\n    line-height: normal;\n    height: 150px !important;\n}\n._x13921233 ._form-title {\n    color: #292929;\n    font-family: \"Times New Roman\", Sans-serif;\n    font-size: 58px;\n    font-weight: 400;\n    text-transform: uppercase;\n    line-height: 72px;\n    margin-bottom: 15px;\n    text-align:center;\n}\n._x94967650 ._form-title {\n    color: #292929;\n    font-family: \"Times New Roman\", Sans-serif;\n    font-size: 58px;\n    font-weight: 400;\n    text-transform: uppercase;\n    line-height: 72px;\n    margin-top:30px;\n    margin-bottom: 30px;\n    text-align:center;\n}\n._form_52 label, ._form_60 label{\n    font-size:22px !important;\n    line-height:22px;\n    margin-bottom: 0px;\n    width: 100% !important;\n    text-align: left !important;\n}\n._form_52 ._form_element, ._form_60 ._form_element {\n    width:calc(50% - 20px);\n    padding-bottom: 15px;\n    margin:0px !important;\n}\n._form_52 .clear-element,\n._form_52 ._form_element._inline-style._clear._x13921233,\n._form_52 ._form_element._inline-style._clear._x94967650.ember-view,\n._form_52 ._form_element._textarea,\n._form_52 .consent-message-container,\n._form_52 ._form_element._x94967650._inline-style._clear,\n._form_52 ._form_element._x27848807._inline-style { width:100% !important; margin:0px; }\n._form_52 ._form_element._textarea .ui-wrapper {margin-top:0px !important;}\n._form_52 ._submit {\n    background-color: #BE1022 !important;\n    font-family: \"Times New Roman\", Sans-serif !important;\n    font-size: 22px !important;\n    font-weight: 700 !important;\n    line-height: 26px !important;\n    color: #FFFFFF !important;\n    border-style: solid !important;\n    border-width: 1px 1px 1px 1px !important;\n    border-color: #BE1022 !important;\n    border-radius: 0px 0px 0px 0px !important;\n    padding: 16px 36px 12px 36px !important;\n}\n._form_52 ._submit:hover {\n    background: #000000 !important;\n    border-color: #000000 !important;\n}\n._form_52 form ._form-content, ._form_60 form ._form-content {\n    display: flex !important;\n    flex-wrap: wrap !important;\n    gap: 20px 30px !important;\n}\n._form_52 ._button-wrapper._inline-style {\n    margin:0px !important;\n}\n._form_52  .sms_consent_checkbox .sms_consent_message {\n    padding: 0px !important;\n    height:0px !important;\n}\n._form_52 ._form-branding {\n    display: none !important;\n}\n._form_52 form ._form-content {\n    display: flex !important;\n    flex-wrap: wrap !important;\n    gap: 20px 30px !important;\n}\n@media(max-width: 767px) {\n._form_60 ._form_element {\n    width: 100% !important;\n}\n}\n<\/style><\/div>\n\t\t\t\t\t\t<\/div>\n\t\t\t\t<\/div>\n\t\t\t\t\t<\/div>\n\t\t\t\t<\/div>\n\t\t\t\t<\/div>\n\t\t","protected":false},"excerpt":{"rendered":"<p>Gardez une longueur d\u2019avance. Notre infolettre mensuelle vous donne acc\u00e8s \u00e0 l&rsquo;actualit\u00e9 immobili\u00e8re montr\u00e9alaise. Que vous soyez acheteur, vendeur ou que vous souhaitiez simplement devenir propri\u00e9taire, vous recevrez des analyses et des statistiques exclusives du march\u00e9, des conseils d&rsquo;experts, les derni\u00e8res tendances, nos derniers \u00e9pisodes de balados, les nouvelles inscriptions et des informations privil\u00e9gi\u00e9es sur [&hellip;]<\/p>\n","protected":false},"author":1,"featured_media":0,"parent":0,"menu_order":0,"comment_status":"closed","ping_status":"closed","template":"","meta":{"_acf_changed":false,"footnotes":""},"class_list":["post-5513","page","type-page","status-publish","hentry"],"acf":[],"_links":{"self":[{"href":"https:\/\/valenti-test.ca\/fr\/wp-json\/wp\/v2\/pages\/5513","targetHints":{"allow":["GET"]}}],"collection":[{"href":"https:\/\/valenti-test.ca\/fr\/wp-json\/wp\/v2\/pages"}],"about":[{"href":"https:\/\/valenti-test.ca\/fr\/wp-json\/wp\/v2\/types\/page"}],"author":[{"embeddable":true,"href":"https:\/\/valenti-test.ca\/fr\/wp-json\/wp\/v2\/users\/1"}],"replies":[{"embeddable":true,"href":"https:\/\/valenti-test.ca\/fr\/wp-json\/wp\/v2\/comments?post=5513"}],"version-history":[{"count":28,"href":"https:\/\/valenti-test.ca\/fr\/wp-json\/wp\/v2\/pages\/5513\/revisions"}],"predecessor-version":[{"id":8838,"href":"https:\/\/valenti-test.ca\/fr\/wp-json\/wp\/v2\/pages\/5513\/revisions\/8838"}],"wp:attachment":[{"href":"https:\/\/valenti-test.ca\/fr\/wp-json\/wp\/v2\/media?parent=5513"}],"curies":[{"name":"wp","href":"https:\/\/api.w.org\/{rel}","templated":true}]}}