{"id":5510,"date":"2025-03-03T18:13:13","date_gmt":"2025-03-03T18:13:13","guid":{"rendered":"https:\/\/valenti-test.ca\/feuille-de-route-du-vendeur\/"},"modified":"2025-07-29T11:08:34","modified_gmt":"2025-07-29T11:08:34","slug":"feuille-de-route-du-vendeur","status":"publish","type":"page","link":"https:\/\/valenti-test.ca\/fr\/feuille-de-route-du-vendeur\/","title":{"rendered":"Feuille de route du vendeur"},"content":{"rendered":"\t\t<div data-elementor-type=\"wp-page\" data-elementor-id=\"5510\" class=\"elementor elementor-5510 elementor-2884\" data-elementor-post-type=\"page\">\n\t\t\t\t<div class=\"elementor-element elementor-element-205cdb0 e-flex e-con-boxed e-con e-parent\" data-id=\"205cdb0\" data-element_type=\"container\" data-settings=\"{&quot;background_background&quot;:&quot;classic&quot;}\">\n\t\t\t\t\t<div class=\"e-con-inner\">\n\t\t\t\t\t<\/div>\n\t\t\t\t<\/div>\n\t\t<div class=\"elementor-element elementor-element-9f0e561 e-flex e-con-boxed elementor-invisible e-con e-parent\" data-id=\"9f0e561\" data-element_type=\"container\" data-settings=\"{&quot;animation&quot;:&quot;fadeInUp&quot;}\">\n\t\t\t\t\t<div class=\"e-con-inner\">\n\t\t\t\t<div class=\"elementor-element elementor-element-d76667f  headingWithLine elementor-invisible elementor-widget elementor-widget-heading\" data-id=\"d76667f\" data-element_type=\"widget\" data-settings=\"{&quot;_animation&quot;:&quot;fadeInUp&quot;}\" data-widget_type=\"heading.default\">\n\t\t\t\t<div class=\"elementor-widget-container\">\n\t\t\t\t\t<h2 class=\"elementor-heading-title elementor-size-default\">Votre feuille de route pour une vente sans faille<\/h2>\t\t\t\t<\/div>\n\t\t\t\t<\/div>\n\t\t<div class=\"elementor-element elementor-element-429887b e-con-full e-flex e-con e-child\" data-id=\"429887b\" data-element_type=\"container\">\n\t\t<div class=\"elementor-element elementor-element-56a9a90 e-con-full e-flex e-con e-child\" data-id=\"56a9a90\" data-element_type=\"container\">\n\t\t\t\t<div class=\"elementor-element elementor-element-32204c4 elementor-widget elementor-widget-image\" data-id=\"32204c4\" data-element_type=\"widget\" data-widget_type=\"image.default\">\n\t\t\t\t<div class=\"elementor-widget-container\">\n\t\t\t\t\t\t\t\t\t\t\t\t\t\t\t<img fetchpriority=\"high\" decoding=\"async\" width=\"966\" height=\"746\" src=\"https:\/\/valenti-test.ca\/wp-content\/uploads\/2025\/05\/img-sellers-guide@2x.jpg\" class=\"attachment-full size-full wp-image-7047\" alt=\"\" srcset=\"https:\/\/valenti-test.ca\/wp-content\/uploads\/2025\/05\/img-sellers-guide@2x.jpg 966w, https:\/\/valenti-test.ca\/wp-content\/uploads\/2025\/05\/img-sellers-guide@2x-300x232.jpg 300w, https:\/\/valenti-test.ca\/wp-content\/uploads\/2025\/05\/img-sellers-guide@2x-768x593.jpg 768w\" sizes=\"(max-width: 966px) 100vw, 966px\" \/>\t\t\t\t\t\t\t\t\t\t\t\t\t\t\t<\/div>\n\t\t\t\t<\/div>\n\t\t\t\t<\/div>\n\t\t<div class=\"elementor-element elementor-element-7166c62 e-con-full e-flex e-con e-child\" data-id=\"7166c62\" data-element_type=\"container\">\n\t\t\t\t<div class=\"elementor-element elementor-element-397abcf roadmapForm elementor-widget elementor-widget-shortcode\" data-id=\"397abcf\" data-element_type=\"widget\" data-widget_type=\"shortcode.default\">\n\t\t\t\t<div class=\"elementor-widget-container\">\n\t\t\t\t\t\t\t<div class=\"elementor-shortcode\"><div class='_form_64'><\/div><script type='text\/javascript' src='https:\/\/broadywindsor.activehosted.com\/f\/embed.php?static=0&id=64&69E292F281326&nostyles=0&preview=0'><\/script><\/div>\n\t\t\t\t\t\t<\/div>\n\t\t\t\t<\/div>\n\t\t\t\t<\/div>\n\t\t\t\t<\/div>\n\t\t\t\t<div class=\"elementor-element elementor-element-9d83c1a elementor-widget__width-initial elementor-widget elementor-widget-text-editor\" data-id=\"9d83c1a\" data-element_type=\"widget\" data-widget_type=\"text-editor.default\">\n\t\t\t\t<div class=\"elementor-widget-container\">\n\t\t\t\t\t\t\t\t\t<p>Vendre votre maison est plus qu&rsquo;une simple transaction\u00a0: c&rsquo;est une \u00e9tape importante de votre vie. Notre feuille de route du vendeur d\u00e9crit chaque \u00e9tape du processus afin que vous sachiez exactement \u00e0 quoi vous attendre, quand agir et comment obtenir le meilleur r\u00e9sultat possible. Que vous souhaitiez acheter un bien plus grand ou plus petit, d\u00e9m\u00e9nager ou simplement explorer vos options, ce guide est con\u00e7u pour vous aider \u00e0 vendre en toute confiance et clart\u00e9.<\/p><p>\u00a0<\/p><p><a href=\"#.\"><strong><span style=\"color: #be1022;\">T\u00e9l\u00e9chargez votre guide gratuit d\u00e8s aujourd&rsquo;hui et commencez votre parcours de vente enti\u00e8rement pr\u00e9par\u00e9.<\/span><\/strong><\/a><\/p>\t\t\t\t\t\t\t\t<\/div>\n\t\t\t\t<\/div>\n\t\t\t\t\t<\/div>\n\t\t\t\t<\/div>\n\t\t\t\t<\/div>\n\t\t","protected":false},"excerpt":{"rendered":"<p>Votre feuille de route pour une vente sans faille Vendre votre maison est plus qu&rsquo;une simple transaction\u00a0: c&rsquo;est une \u00e9tape importante de votre vie. Notre feuille de route du vendeur d\u00e9crit chaque \u00e9tape du processus afin que vous sachiez exactement \u00e0 quoi vous attendre, quand agir et comment obtenir le meilleur r\u00e9sultat possible. Que vous [&hellip;]<\/p>\n","protected":false},"author":1,"featured_media":0,"parent":0,"menu_order":0,"comment_status":"closed","ping_status":"closed","template":"","meta":{"_acf_changed":false,"footnotes":""},"class_list":["post-5510","page","type-page","status-publish","hentry"],"acf":[],"_links":{"self":[{"href":"https:\/\/valenti-test.ca\/fr\/wp-json\/wp\/v2\/pages\/5510","targetHints":{"allow":["GET"]}}],"collection":[{"href":"https:\/\/valenti-test.ca\/fr\/wp-json\/wp\/v2\/pages"}],"about":[{"href":"https:\/\/valenti-test.ca\/fr\/wp-json\/wp\/v2\/types\/page"}],"author":[{"embeddable":true,"href":"https:\/\/valenti-test.ca\/fr\/wp-json\/wp\/v2\/users\/1"}],"replies":[{"embeddable":true,"href":"https:\/\/valenti-test.ca\/fr\/wp-json\/wp\/v2\/comments?post=5510"}],"version-history":[{"count":25,"href":"https:\/\/valenti-test.ca\/fr\/wp-json\/wp\/v2\/pages\/5510\/revisions"}],"predecessor-version":[{"id":8276,"href":"https:\/\/valenti-test.ca\/fr\/wp-json\/wp\/v2\/pages\/5510\/revisions\/8276"}],"wp:attachment":[{"href":"https:\/\/valenti-test.ca\/fr\/wp-json\/wp\/v2\/media?parent=5510"}],"curies":[{"name":"wp","href":"https:\/\/api.w.org\/{rel}","templated":true}]}}