{"id":5497,"date":"2025-03-03T18:22:44","date_gmt":"2025-03-03T18:22:44","guid":{"rendered":"https:\/\/valenti-test.ca\/avis-clients\/"},"modified":"2025-07-31T14:24:44","modified_gmt":"2025-07-31T14:24:44","slug":"avis-clients","status":"publish","type":"page","link":"https:\/\/valenti-test.ca\/fr\/avis-clients\/","title":{"rendered":"Avis clients"},"content":{"rendered":"\t\t<div data-elementor-type=\"wp-page\" data-elementor-id=\"5497\" class=\"elementor elementor-5497 elementor-2921\" data-elementor-post-type=\"page\">\n\t\t\t\t<div class=\"elementor-element elementor-element-f783bc0 e-con-full e-flex e-con e-parent\" data-id=\"f783bc0\" data-element_type=\"container\" data-settings=\"{&quot;background_background&quot;:&quot;classic&quot;}\">\n\t\t\t\t<\/div>\n\t\t<div class=\"elementor-element elementor-element-5bee29f e-flex e-con-boxed e-con e-parent\" data-id=\"5bee29f\" data-element_type=\"container\">\n\t\t\t\t\t<div class=\"e-con-inner\">\n\t\t\t\t<div class=\"elementor-element elementor-element-b58f4e5 elementor-invisible elementor-widget elementor-widget-heading\" data-id=\"b58f4e5\" data-element_type=\"widget\" data-settings=\"{&quot;_animation&quot;:&quot;fadeInUp&quot;}\" data-widget_type=\"heading.default\">\n\t\t\t\t<div class=\"elementor-widget-container\">\n\t\t\t\t\t<h2 class=\"elementor-heading-title elementor-size-default\">Dans les mots de nos clients<\/h2>\t\t\t\t<\/div>\n\t\t\t\t<\/div>\n\t\t\t\t<div class=\"elementor-element elementor-element-5f476b6 elementor-invisible elementor-widget elementor-widget-text-editor\" data-id=\"5f476b6\" data-element_type=\"widget\" data-settings=\"{&quot;_animation&quot;:&quot;fadeInUp&quot;}\" data-widget_type=\"text-editor.default\">\n\t\t\t\t<div class=\"elementor-widget-container\">\n\t\t\t\t\t\t\t\t\t<p>Chez Le Broady Windsor Groupe, l&rsquo;immobilier est bien plus que de simples transactions : c&rsquo;est une question de confiance, d&rsquo;accompagnement et de relations durables. Nous nous engageons \u00e0 ce que chaque client se sente pris en compte, \u00e9cout\u00e9 et pris en charge, tout en obtenant des r\u00e9sultats probants. D\u00e9couvrez comment nos clients d\u00e9crivent leur exp\u00e9rience avec notre \u00e9quipe.<\/p>\t\t\t\t\t\t\t\t<\/div>\n\t\t\t\t<\/div>\n\t\t\t\t<div class=\"elementor-element elementor-element-0406dee elementor-widget elementor-widget-shortcode\" data-id=\"0406dee\" data-element_type=\"widget\" data-widget_type=\"shortcode.default\">\n\t\t\t\t<div class=\"elementor-widget-container\">\n\t\t\t\t\t\t\t<div class=\"elementor-shortcode\">[trustindex no-registration=google]<\/div>\n\t\t\t\t\t\t<\/div>\n\t\t\t\t<\/div>\n\t\t<div class=\"elementor-element elementor-element-75df753 e-con-full elementor-hidden-desktop elementor-hidden-laptop elementor-hidden-tablet elementor-hidden-mobile e-flex elementor-invisible e-con e-child\" data-id=\"75df753\" data-element_type=\"container\" data-settings=\"{&quot;animation&quot;:&quot;fadeInUp&quot;,&quot;background_background&quot;:&quot;classic&quot;}\">\n\t\t\t\t<div class=\"elementor-element elementor-element-53eca03 elementor-widget elementor-widget-image\" data-id=\"53eca03\" data-element_type=\"widget\" data-widget_type=\"image.default\">\n\t\t\t\t<div class=\"elementor-widget-container\">\n\t\t\t\t\t\t\t\t\t\t\t\t\t\t\t<img decoding=\"async\" width=\"290\" height=\"44\" src=\"https:\/\/valenti-test.ca\/wp-content\/uploads\/2025\/03\/rating.png\" class=\"attachment-full size-full wp-image-3771\" alt=\"\" \/>\t\t\t\t\t\t\t\t\t\t\t\t\t\t\t<\/div>\n\t\t\t\t<\/div>\n\t\t\t\t<div class=\"elementor-element elementor-element-dbe37f6 elementor-widget elementor-widget-text-editor\" data-id=\"dbe37f6\" data-element_type=\"widget\" data-widget_type=\"text-editor.default\">\n\t\t\t\t<div class=\"elementor-widget-container\">\n\t\t\t\t\t\t\t\t\t<p>Lorem ipsum dolor sit amet, consectetur adipiscing elit. Suspendisse ultrices, lectus sit amet aliquet luctus, dui neque sodales libero, quis finibus est quam ut odio. Nunc lacus nunc, auctor ut vestibulum ut, fringilla ac leo. Curabitur bibendum orci diam. Mauris vestibulum mi est, vitae porttitor felis pulvinar mattis. Vivamus gravida nisi leo, sed venenatis nulla vestibulum id. Duis ut nulla vitae sapien scelerisque ornare quis et lectus. Nulla facilisi.Nam erat metus, convallis quis magna quis, vehicula faucibus risus. Mauris sodales semper lacus sed vulputate. Donec nec cursus nisl. Nam in hendrerit arcu, quis semper nibh. Vivamus bibendum laoreet cursus. Nam euismod eleifend sodales. Donec eget posuere metus. Nunc mattis euismod lacus, sed hendrerit lectus lobortis et. Praesent semper sit amet risus in\u2026 [Read All]<\/p>\n\t\t\t\t\t\t\t\t<\/div>\n\t\t\t\t<\/div>\n\t\t\t\t<div class=\"elementor-element elementor-element-5271565 elementor-widget elementor-widget-heading\" data-id=\"5271565\" data-element_type=\"widget\" data-widget_type=\"heading.default\">\n\t\t\t\t<div class=\"elementor-widget-container\">\n\t\t\t\t\t<h4 class=\"elementor-heading-title elementor-size-default\">LOREM IPSUM<\/h4>\t\t\t\t<\/div>\n\t\t\t\t<\/div>\n\t\t\t\t<\/div>\n\t\t<div class=\"elementor-element elementor-element-6233028 e-con-full elementor-hidden-desktop elementor-hidden-laptop elementor-hidden-tablet elementor-hidden-mobile e-flex elementor-invisible e-con e-child\" data-id=\"6233028\" data-element_type=\"container\" data-settings=\"{&quot;animation&quot;:&quot;fadeInUp&quot;,&quot;background_background&quot;:&quot;classic&quot;}\">\n\t\t\t\t<div class=\"elementor-element elementor-element-c7e5356 elementor-widget elementor-widget-image\" data-id=\"c7e5356\" data-element_type=\"widget\" data-widget_type=\"image.default\">\n\t\t\t\t<div class=\"elementor-widget-container\">\n\t\t\t\t\t\t\t\t\t\t\t\t\t\t\t<img decoding=\"async\" width=\"290\" height=\"44\" src=\"https:\/\/valenti-test.ca\/wp-content\/uploads\/2025\/03\/rating.png\" class=\"attachment-full size-full wp-image-3771\" alt=\"\" \/>\t\t\t\t\t\t\t\t\t\t\t\t\t\t\t<\/div>\n\t\t\t\t<\/div>\n\t\t\t\t<div class=\"elementor-element elementor-element-9174a06 elementor-widget elementor-widget-text-editor\" data-id=\"9174a06\" data-element_type=\"widget\" data-widget_type=\"text-editor.default\">\n\t\t\t\t<div class=\"elementor-widget-container\">\n\t\t\t\t\t\t\t\t\t<p>Lorem ipsum dolor sit amet, consectetur adipiscing elit. Suspendisse ultrices, lectus sit amet aliquet luctus, dui neque sodales libero, quis finibus est quam ut odio. Nunc lacus nunc, auctor ut vestibulum ut, fringilla ac leo. Curabitur bibendum orci diam. Mauris vestibulum mi est, vitae porttitor felis pulvinar mattis. Vivamus gravida nisi leo, sed venenatis nulla vestibulum id. Duis ut nulla vitae sapien scelerisque ornare quis et lectus. Nulla facilisi.Nam erat metus, convallis quis magna quis, vehicula faucibus risus. Mauris sodales semper lacus sed vulputate. Donec nec cursus nisl. Nam in hendrerit arcu, quis semper nibh. Vivamus bibendum laoreet cursus. Nam euismod eleifend sodales. Donec eget posuere metus. Nunc mattis euismod lacus, sed hendrerit lectus lobortis et. Praesent semper sit amet risus in\u2026 [Read All]<\/p>\n\t\t\t\t\t\t\t\t<\/div>\n\t\t\t\t<\/div>\n\t\t\t\t<div class=\"elementor-element elementor-element-3443a2c elementor-widget elementor-widget-heading\" data-id=\"3443a2c\" data-element_type=\"widget\" data-widget_type=\"heading.default\">\n\t\t\t\t<div class=\"elementor-widget-container\">\n\t\t\t\t\t<h4 class=\"elementor-heading-title elementor-size-default\">LOREM IPSUM<\/h4>\t\t\t\t<\/div>\n\t\t\t\t<\/div>\n\t\t\t\t<\/div>\n\t\t<div class=\"elementor-element elementor-element-4de6e4b e-con-full elementor-hidden-desktop elementor-hidden-laptop elementor-hidden-tablet elementor-hidden-mobile e-flex elementor-invisible e-con e-child\" data-id=\"4de6e4b\" data-element_type=\"container\" data-settings=\"{&quot;animation&quot;:&quot;fadeInUp&quot;,&quot;background_background&quot;:&quot;classic&quot;}\">\n\t\t\t\t<div class=\"elementor-element elementor-element-1547d8f elementor-widget elementor-widget-image\" data-id=\"1547d8f\" data-element_type=\"widget\" data-widget_type=\"image.default\">\n\t\t\t\t<div class=\"elementor-widget-container\">\n\t\t\t\t\t\t\t\t\t\t\t\t\t\t\t<img decoding=\"async\" width=\"290\" height=\"44\" src=\"https:\/\/valenti-test.ca\/wp-content\/uploads\/2025\/03\/rating.png\" class=\"attachment-full size-full wp-image-3771\" alt=\"\" \/>\t\t\t\t\t\t\t\t\t\t\t\t\t\t\t<\/div>\n\t\t\t\t<\/div>\n\t\t\t\t<div class=\"elementor-element elementor-element-5b9a680 elementor-widget elementor-widget-text-editor\" data-id=\"5b9a680\" data-element_type=\"widget\" data-widget_type=\"text-editor.default\">\n\t\t\t\t<div class=\"elementor-widget-container\">\n\t\t\t\t\t\t\t\t\t<p>Lorem ipsum dolor sit amet, consectetur adipiscing elit. Suspendisse ultrices, lectus sit amet aliquet luctus, dui neque sodales libero, quis finibus est quam ut odio. Nunc lacus nunc, auctor ut vestibulum ut, fringilla ac leo. Curabitur bibendum orci diam. Mauris vestibulum mi est, vitae porttitor felis pulvinar mattis. Vivamus gravida nisi leo, sed venenatis nulla vestibulum id. Duis ut nulla vitae sapien scelerisque ornare quis et lectus. Nulla facilisi.Nam erat metus, convallis quis magna quis, vehicula faucibus risus. Mauris sodales semper lacus sed vulputate. Donec nec cursus nisl. Nam in hendrerit arcu, quis semper nibh. Vivamus bibendum laoreet cursus. Nam euismod eleifend sodales. Donec eget posuere metus. Nunc mattis euismod lacus, sed hendrerit lectus lobortis et. Praesent semper sit amet risus in\u2026 [Read All]<\/p>\n\t\t\t\t\t\t\t\t<\/div>\n\t\t\t\t<\/div>\n\t\t\t\t<div class=\"elementor-element elementor-element-36e9f8f elementor-widget elementor-widget-heading\" data-id=\"36e9f8f\" data-element_type=\"widget\" data-widget_type=\"heading.default\">\n\t\t\t\t<div class=\"elementor-widget-container\">\n\t\t\t\t\t<h4 class=\"elementor-heading-title elementor-size-default\">LOREM IPSUM<\/h4>\t\t\t\t<\/div>\n\t\t\t\t<\/div>\n\t\t\t\t<\/div>\n\t\t<div class=\"elementor-element elementor-element-8b33e30 e-con-full elementor-hidden-desktop elementor-hidden-laptop elementor-hidden-tablet elementor-hidden-mobile e-flex elementor-invisible e-con e-child\" data-id=\"8b33e30\" data-element_type=\"container\" data-settings=\"{&quot;animation&quot;:&quot;fadeInUp&quot;,&quot;background_background&quot;:&quot;classic&quot;}\">\n\t\t\t\t<div class=\"elementor-element elementor-element-92be124 elementor-widget elementor-widget-image\" data-id=\"92be124\" data-element_type=\"widget\" data-widget_type=\"image.default\">\n\t\t\t\t<div class=\"elementor-widget-container\">\n\t\t\t\t\t\t\t\t\t\t\t\t\t\t\t<img decoding=\"async\" width=\"290\" height=\"44\" src=\"https:\/\/valenti-test.ca\/wp-content\/uploads\/2025\/03\/rating.png\" class=\"attachment-full size-full wp-image-3771\" alt=\"\" \/>\t\t\t\t\t\t\t\t\t\t\t\t\t\t\t<\/div>\n\t\t\t\t<\/div>\n\t\t\t\t<div class=\"elementor-element elementor-element-8ff9e12 elementor-widget elementor-widget-text-editor\" data-id=\"8ff9e12\" data-element_type=\"widget\" data-widget_type=\"text-editor.default\">\n\t\t\t\t<div class=\"elementor-widget-container\">\n\t\t\t\t\t\t\t\t\t<p>Lorem ipsum dolor sit amet, consectetur adipiscing elit. Suspendisse ultrices, lectus sit amet aliquet luctus, dui neque sodales libero, quis finibus est quam ut odio. Nunc lacus nunc, auctor ut vestibulum ut, fringilla ac leo. Curabitur bibendum orci diam. Mauris vestibulum mi est, vitae porttitor felis pulvinar mattis. Vivamus gravida nisi leo, sed venenatis nulla vestibulum id. Duis ut nulla vitae sapien scelerisque ornare quis et lectus. Nulla facilisi.Nam erat metus, convallis quis magna quis, vehicula faucibus risus. Mauris sodales semper lacus sed vulputate. Donec nec cursus nisl. Nam in hendrerit arcu, quis semper nibh. Vivamus bibendum laoreet cursus. Nam euismod eleifend sodales. Donec eget posuere metus. Nunc mattis euismod lacus, sed hendrerit lectus lobortis et. Praesent semper sit amet risus in\u2026 [Read All]<\/p>\n\t\t\t\t\t\t\t\t<\/div>\n\t\t\t\t<\/div>\n\t\t\t\t<div class=\"elementor-element elementor-element-69ab90e elementor-widget elementor-widget-heading\" data-id=\"69ab90e\" data-element_type=\"widget\" data-widget_type=\"heading.default\">\n\t\t\t\t<div class=\"elementor-widget-container\">\n\t\t\t\t\t<h4 class=\"elementor-heading-title elementor-size-default\">LOREM IPSUM<\/h4>\t\t\t\t<\/div>\n\t\t\t\t<\/div>\n\t\t\t\t<\/div>\n\t\t<div class=\"elementor-element elementor-element-140395c e-con-full elementor-hidden-desktop elementor-hidden-laptop elementor-hidden-tablet elementor-hidden-mobile e-flex elementor-invisible e-con e-child\" data-id=\"140395c\" data-element_type=\"container\" data-settings=\"{&quot;animation&quot;:&quot;fadeInUp&quot;,&quot;background_background&quot;:&quot;classic&quot;}\">\n\t\t\t\t<div class=\"elementor-element elementor-element-bed2ca6 elementor-widget elementor-widget-image\" data-id=\"bed2ca6\" data-element_type=\"widget\" data-widget_type=\"image.default\">\n\t\t\t\t<div class=\"elementor-widget-container\">\n\t\t\t\t\t\t\t\t\t\t\t\t\t\t\t<img decoding=\"async\" width=\"290\" height=\"44\" src=\"https:\/\/valenti-test.ca\/wp-content\/uploads\/2025\/03\/rating.png\" class=\"attachment-full size-full wp-image-3771\" alt=\"\" \/>\t\t\t\t\t\t\t\t\t\t\t\t\t\t\t<\/div>\n\t\t\t\t<\/div>\n\t\t\t\t<div class=\"elementor-element elementor-element-7c98cda elementor-widget elementor-widget-text-editor\" data-id=\"7c98cda\" data-element_type=\"widget\" data-widget_type=\"text-editor.default\">\n\t\t\t\t<div class=\"elementor-widget-container\">\n\t\t\t\t\t\t\t\t\t<p>Lorem ipsum dolor sit amet, consectetur adipiscing elit. Suspendisse ultrices, lectus sit amet aliquet luctus, dui neque sodales libero, quis finibus est quam ut odio. Nunc lacus nunc, auctor ut vestibulum ut, fringilla ac leo. Curabitur bibendum orci diam. Mauris vestibulum mi est, vitae porttitor felis pulvinar mattis. Vivamus gravida nisi leo, sed venenatis nulla vestibulum id. Duis ut nulla vitae sapien scelerisque ornare quis et lectus. Nulla facilisi.Nam erat metus, convallis quis magna quis, vehicula faucibus risus. Mauris sodales semper lacus sed vulputate. Donec nec cursus nisl. Nam in hendrerit arcu, quis semper nibh. Vivamus bibendum laoreet cursus. Nam euismod eleifend sodales. Donec eget posuere metus. Nunc mattis euismod lacus, sed hendrerit lectus lobortis et. Praesent semper sit amet risus in\u2026 [Read All]<\/p>\n\t\t\t\t\t\t\t\t<\/div>\n\t\t\t\t<\/div>\n\t\t\t\t<div class=\"elementor-element elementor-element-0c78619 elementor-widget elementor-widget-heading\" data-id=\"0c78619\" data-element_type=\"widget\" data-widget_type=\"heading.default\">\n\t\t\t\t<div class=\"elementor-widget-container\">\n\t\t\t\t\t<h4 class=\"elementor-heading-title elementor-size-default\">LOREM IPSUM<\/h4>\t\t\t\t<\/div>\n\t\t\t\t<\/div>\n\t\t\t\t<\/div>\n\t\t\t\t\t<\/div>\n\t\t\t\t<\/div>\n\t\t\t\t<\/div>\n\t\t","protected":false},"excerpt":{"rendered":"<p>Dans les mots de nos clients Chez Le Broady Windsor Groupe, l&rsquo;immobilier est bien plus que de simples transactions : c&rsquo;est une question de confiance, d&rsquo;accompagnement et de relations durables. Nous nous engageons \u00e0 ce que chaque client se sente pris en compte, \u00e9cout\u00e9 et pris en charge, tout en obtenant des r\u00e9sultats probants. D\u00e9couvrez [&hellip;]<\/p>\n","protected":false},"author":1,"featured_media":0,"parent":0,"menu_order":0,"comment_status":"closed","ping_status":"closed","template":"","meta":{"_acf_changed":false,"footnotes":""},"class_list":["post-5497","page","type-page","status-publish","hentry"],"acf":[],"_links":{"self":[{"href":"https:\/\/valenti-test.ca\/fr\/wp-json\/wp\/v2\/pages\/5497","targetHints":{"allow":["GET"]}}],"collection":[{"href":"https:\/\/valenti-test.ca\/fr\/wp-json\/wp\/v2\/pages"}],"about":[{"href":"https:\/\/valenti-test.ca\/fr\/wp-json\/wp\/v2\/types\/page"}],"author":[{"embeddable":true,"href":"https:\/\/valenti-test.ca\/fr\/wp-json\/wp\/v2\/users\/1"}],"replies":[{"embeddable":true,"href":"https:\/\/valenti-test.ca\/fr\/wp-json\/wp\/v2\/comments?post=5497"}],"version-history":[{"count":16,"href":"https:\/\/valenti-test.ca\/fr\/wp-json\/wp\/v2\/pages\/5497\/revisions"}],"predecessor-version":[{"id":8383,"href":"https:\/\/valenti-test.ca\/fr\/wp-json\/wp\/v2\/pages\/5497\/revisions\/8383"}],"wp:attachment":[{"href":"https:\/\/valenti-test.ca\/fr\/wp-json\/wp\/v2\/media?parent=5497"}],"curies":[{"name":"wp","href":"https:\/\/api.w.org\/{rel}","templated":true}]}}