{"id":5485,"date":"2025-03-05T17:51:35","date_gmt":"2025-03-05T17:51:35","guid":{"rendered":"https:\/\/valenti-test.ca\/dans-la-presse\/"},"modified":"2025-07-14T13:09:14","modified_gmt":"2025-07-14T13:09:14","slug":"dans-la-presse","status":"publish","type":"page","link":"https:\/\/valenti-test.ca\/fr\/dans-la-presse\/","title":{"rendered":"Dans la presse"},"content":{"rendered":"\t\t<div data-elementor-type=\"wp-page\" data-elementor-id=\"5485\" class=\"elementor elementor-5485 elementor-3629\" data-elementor-post-type=\"page\">\n\t\t\t\t<div class=\"elementor-element elementor-element-3951895 e-con-full e-flex e-con e-parent\" data-id=\"3951895\" data-element_type=\"container\" data-settings=\"{&quot;background_background&quot;:&quot;classic&quot;}\">\n\t\t\t\t<\/div>\n\t\t<div class=\"elementor-element elementor-element-79f7c48 e-flex e-con-boxed e-con e-parent\" data-id=\"79f7c48\" data-element_type=\"container\">\n\t\t\t\t\t<div class=\"e-con-inner\">\n\t\t\t\t<div class=\"elementor-element elementor-element-c4434cf elementor-invisible elementor-widget elementor-widget-heading\" data-id=\"c4434cf\" data-element_type=\"widget\" data-settings=\"{&quot;_animation&quot;:&quot;fadeInUp&quot;}\" data-widget_type=\"heading.default\">\n\t\t\t\t<div class=\"elementor-widget-container\">\n\t\t\t\t\t<h2 class=\"elementor-heading-title elementor-size-default\">Une voix de confiance dans l'immobilier \u00e0 Montr\u00e9al<\/h2>\t\t\t\t<\/div>\n\t\t\t\t<\/div>\n\t\t\t\t<div class=\"elementor-element elementor-element-81a0f04 elementor-invisible elementor-widget elementor-widget-text-editor\" data-id=\"81a0f04\" data-element_type=\"widget\" data-settings=\"{&quot;_animation&quot;:&quot;fadeInUp&quot;}\" data-widget_type=\"text-editor.default\">\n\t\t\t\t<div class=\"elementor-widget-container\">\n\t\t\t\t\t\t\t\t\t<p>Sean Broady a \u00e9t\u00e9 choisi comme agent de liaison avec les m\u00e9dias anglophones de Royal LePage Canada, un r\u00f4le national cl\u00e9 qui le positionne comme porte-parole de l&rsquo;immobilier canadien aupr\u00e8s des m\u00e9dias anglophones de Montr\u00e9al. Reconnu pour son expertise et sa communication claire et assur\u00e9e, Sean est fr\u00e9quemment cit\u00e9 dans les principaux m\u00e9dias pour son analyse des tendances du march\u00e9 local et de leurs implications pour les acheteurs et les vendeurs.<\/p>\n\t\t\t\t\t\t\t\t<\/div>\n\t\t\t\t<\/div>\n\t\t<div class=\"elementor-element elementor-element-17ed66a e-con-full e-flex elementor-invisible e-con e-child\" data-id=\"17ed66a\" data-element_type=\"container\" data-settings=\"{&quot;animation&quot;:&quot;fadeInUp&quot;}\">\n\t\t\t\t<div class=\"elementor-element elementor-element-aafa043 elementor-grid-1 elementor-grid-tablet-1 elementor-posts--thumbnail-left PressNews elementor-grid-mobile-1 load-more-align-center elementor-widget elementor-widget-posts\" data-id=\"aafa043\" data-element_type=\"widget\" data-settings=\"{&quot;classic_columns&quot;:&quot;1&quot;,&quot;classic_columns_tablet&quot;:&quot;1&quot;,&quot;classic_row_gap&quot;:{&quot;unit&quot;:&quot;px&quot;,&quot;size&quot;:20,&quot;sizes&quot;:[]},&quot;pagination_type&quot;:&quot;load_more_on_click&quot;,&quot;classic_columns_mobile&quot;:&quot;1&quot;,&quot;classic_row_gap_laptop&quot;:{&quot;unit&quot;:&quot;px&quot;,&quot;size&quot;:&quot;&quot;,&quot;sizes&quot;:[]},&quot;classic_row_gap_tablet&quot;:{&quot;unit&quot;:&quot;px&quot;,&quot;size&quot;:&quot;&quot;,&quot;sizes&quot;:[]},&quot;classic_row_gap_mobile&quot;:{&quot;unit&quot;:&quot;px&quot;,&quot;size&quot;:&quot;&quot;,&quot;sizes&quot;:[]},&quot;load_more_spinner&quot;:{&quot;value&quot;:&quot;fas fa-spinner&quot;,&quot;library&quot;:&quot;fa-solid&quot;}}\" data-widget_type=\"posts.classic\">\n\t\t\t\t<div class=\"elementor-widget-container\">\n\t\t\t\t\t\t\t<div class=\"elementor-posts-container elementor-posts elementor-posts--skin-classic elementor-grid\">\n\t\t\t\t<article class=\"elementor-post elementor-grid-item post-3610 press type-press status-publish format-standard has-post-thumbnail hentry\">\n\t\t\t\t<a class=\"elementor-post__thumbnail__link\" href=\"https:\/\/valenti-test.ca\/fr\/press\/article-one\/\" tabindex=\"-1\" >\n\t\t\t<div class=\"elementor-post__thumbnail\"><img fetchpriority=\"high\" decoding=\"async\" width=\"856\" height=\"589\" src=\"https:\/\/valenti-test.ca\/wp-content\/uploads\/2025\/03\/Press.png\" class=\"attachment-full size-full wp-image-3619\" alt=\"\" srcset=\"https:\/\/valenti-test.ca\/wp-content\/uploads\/2025\/03\/Press.png 856w, https:\/\/valenti-test.ca\/wp-content\/uploads\/2025\/03\/Press-300x206.png 300w, https:\/\/valenti-test.ca\/wp-content\/uploads\/2025\/03\/Press-768x528.png 768w\" sizes=\"(max-width: 856px) 100vw, 856px\" \/><\/div>\n\t\t<\/a>\n\t\t\t\t<div class=\"elementor-post__text\">\n\t\t\t\t<h4 class=\"elementor-post__title\">\n\t\t\t<a href=\"https:\/\/valenti-test.ca\/fr\/press\/article-one\/\" >\n\t\t\t\tARTICLE ONE\t\t\t<\/a>\n\t\t<\/h4>\n\t\t\t\t<div class=\"elementor-post__meta-data\">\n\t\t\t\t\t<span class=\"elementor-post-date\">\n\t\t\tmars 5, 2025\t\t<\/span>\n\t\t\t\t<\/div>\n\t\t\t\t<div class=\"elementor-post__excerpt\">\n\t\t\t<p>Lorem ipsum dolor sit amet, consectetur adipiscing elit. Suspendisse ultrices, lectus sit amet aliquet luctus, dui neque sodales libero, quis\t\t<\/div>\n\t\t\n\t\t<a class=\"elementor-post__read-more\" href=\"https:\/\/valenti-test.ca\/fr\/press\/article-one\/\" aria-label=\"En savoir plus sur ARTICLE ONE\" tabindex=\"-1\" >\n\t\t\tEn savoir plus\t\t<\/a>\n\n\t\t\t\t<\/div>\n\t\t\t\t<\/article>\n\t\t\t\t<article class=\"elementor-post elementor-grid-item post-3611 press type-press status-publish format-standard has-post-thumbnail hentry\">\n\t\t\t\t<a class=\"elementor-post__thumbnail__link\" href=\"https:\/\/valenti-test.ca\/fr\/press\/article-two\/\" tabindex=\"-1\" >\n\t\t\t<div class=\"elementor-post__thumbnail\"><img fetchpriority=\"high\" decoding=\"async\" width=\"856\" height=\"589\" src=\"https:\/\/valenti-test.ca\/wp-content\/uploads\/2025\/03\/Press.png\" class=\"attachment-full size-full wp-image-3619\" alt=\"\" srcset=\"https:\/\/valenti-test.ca\/wp-content\/uploads\/2025\/03\/Press.png 856w, https:\/\/valenti-test.ca\/wp-content\/uploads\/2025\/03\/Press-300x206.png 300w, https:\/\/valenti-test.ca\/wp-content\/uploads\/2025\/03\/Press-768x528.png 768w\" sizes=\"(max-width: 856px) 100vw, 856px\" \/><\/div>\n\t\t<\/a>\n\t\t\t\t<div class=\"elementor-post__text\">\n\t\t\t\t<h4 class=\"elementor-post__title\">\n\t\t\t<a href=\"https:\/\/valenti-test.ca\/fr\/press\/article-two\/\" >\n\t\t\t\tARTICLE TWO\t\t\t<\/a>\n\t\t<\/h4>\n\t\t\t\t<div class=\"elementor-post__meta-data\">\n\t\t\t\t\t<span class=\"elementor-post-date\">\n\t\t\tmars 5, 2025\t\t<\/span>\n\t\t\t\t<\/div>\n\t\t\t\t<div class=\"elementor-post__excerpt\">\n\t\t\t<p>Lorem ipsum dolor sit amet, consectetur adipiscing elit. Suspendisse ultrices, lectus sit amet aliquet luctus, dui neque sodales libero, quis\t\t<\/div>\n\t\t\n\t\t<a class=\"elementor-post__read-more\" href=\"https:\/\/valenti-test.ca\/fr\/press\/article-two\/\" aria-label=\"En savoir plus sur ARTICLE TWO\" tabindex=\"-1\" >\n\t\t\tEn savoir plus\t\t<\/a>\n\n\t\t\t\t<\/div>\n\t\t\t\t<\/article>\n\t\t\t\t<article class=\"elementor-post elementor-grid-item post-3612 press type-press status-publish format-standard has-post-thumbnail hentry\">\n\t\t\t\t<a class=\"elementor-post__thumbnail__link\" href=\"https:\/\/valenti-test.ca\/fr\/press\/article-three\/\" tabindex=\"-1\" >\n\t\t\t<div class=\"elementor-post__thumbnail\"><img fetchpriority=\"high\" decoding=\"async\" width=\"856\" height=\"589\" src=\"https:\/\/valenti-test.ca\/wp-content\/uploads\/2025\/03\/Press.png\" class=\"attachment-full size-full wp-image-3619\" alt=\"\" srcset=\"https:\/\/valenti-test.ca\/wp-content\/uploads\/2025\/03\/Press.png 856w, https:\/\/valenti-test.ca\/wp-content\/uploads\/2025\/03\/Press-300x206.png 300w, https:\/\/valenti-test.ca\/wp-content\/uploads\/2025\/03\/Press-768x528.png 768w\" sizes=\"(max-width: 856px) 100vw, 856px\" \/><\/div>\n\t\t<\/a>\n\t\t\t\t<div class=\"elementor-post__text\">\n\t\t\t\t<h4 class=\"elementor-post__title\">\n\t\t\t<a href=\"https:\/\/valenti-test.ca\/fr\/press\/article-three\/\" >\n\t\t\t\tARTICLE THREE\t\t\t<\/a>\n\t\t<\/h4>\n\t\t\t\t<div class=\"elementor-post__meta-data\">\n\t\t\t\t\t<span class=\"elementor-post-date\">\n\t\t\tmars 5, 2025\t\t<\/span>\n\t\t\t\t<\/div>\n\t\t\t\t<div class=\"elementor-post__excerpt\">\n\t\t\t<p>Lorem ipsum dolor sit amet, consectetur adipiscing elit. Suspendisse ultrices, lectus sit amet aliquet luctus, dui neque sodales libero, quis\t\t<\/div>\n\t\t\n\t\t<a class=\"elementor-post__read-more\" href=\"https:\/\/valenti-test.ca\/fr\/press\/article-three\/\" aria-label=\"En savoir plus sur ARTICLE THREE\" tabindex=\"-1\" >\n\t\t\tEn savoir plus\t\t<\/a>\n\n\t\t\t\t<\/div>\n\t\t\t\t<\/article>\n\t\t\t\t<\/div>\n\t\t\t\t\t<span class=\"e-load-more-spinner\">\n\t\t\t\t<svg aria-hidden=\"true\" class=\"e-font-icon-svg e-fas-spinner\" viewBox=\"0 0 512 512\" xmlns=\"http:\/\/www.w3.org\/2000\/svg\"><path d=\"M304 48c0 26.51-21.49 48-48 48s-48-21.49-48-48 21.49-48 48-48 48 21.49 48 48zm-48 368c-26.51 0-48 21.49-48 48s21.49 48 48 48 48-21.49 48-48-21.49-48-48-48zm208-208c-26.51 0-48 21.49-48 48s21.49 48 48 48 48-21.49 48-48-21.49-48-48-48zM96 256c0-26.51-21.49-48-48-48S0 229.49 0 256s21.49 48 48 48 48-21.49 48-48zm12.922 99.078c-26.51 0-48 21.49-48 48s21.49 48 48 48 48-21.49 48-48c0-26.509-21.491-48-48-48zm294.156 0c-26.51 0-48 21.49-48 48s21.49 48 48 48 48-21.49 48-48c0-26.509-21.49-48-48-48zM108.922 60.922c-26.51 0-48 21.49-48 48s21.49 48 48 48 48-21.49 48-48-21.491-48-48-48z\"><\/path><\/svg>\t\t\t<\/span>\n\t\t\n\t\t\t\t<div class=\"e-load-more-anchor\" data-page=\"1\" data-max-page=\"2\" data-next-page=\"https:\/\/valenti-test.ca\/fr\/wp-json\/wp\/v2\/pages\/5485\/page\/2\/\"><\/div>\n\t\t\t\t<div class=\"elementor-button-wrapper\">\n\t\t\t<a href=\"#\" class=\"elementor-button-link elementor-button\" role=\"button\">\n\t\t\t\t\t\t<span class=\"elementor-button-content-wrapper\">\n\t\t\t\t\t\t\t\t\t<span class=\"elementor-button-text\">Plus d'informations<\/span>\n\t\t\t\t\t<\/span>\n\t\t\t\t\t<\/a>\n\t\t<\/div>\n\t\t\t\t<div class=\"e-load-more-message\"><\/div>\n\t\t\t\t\t\t<\/div>\n\t\t\t\t<\/div>\n\t\t\t\t<\/div>\n\t\t\t\t\t<\/div>\n\t\t\t\t<\/div>\n\t\t\t\t<\/div>\n\t\t","protected":false},"excerpt":{"rendered":"<p>Une voix de confiance dans l&rsquo;immobilier \u00e0 Montr\u00e9al Sean Broady a \u00e9t\u00e9 choisi comme agent de liaison avec les m\u00e9dias anglophones de Royal LePage Canada, un r\u00f4le national cl\u00e9 qui le positionne comme porte-parole de l&rsquo;immobilier canadien aupr\u00e8s des m\u00e9dias anglophones de Montr\u00e9al. Reconnu pour son expertise et sa communication claire et assur\u00e9e, Sean est [&hellip;]<\/p>\n","protected":false},"author":1,"featured_media":0,"parent":0,"menu_order":0,"comment_status":"closed","ping_status":"closed","template":"","meta":{"_acf_changed":false,"footnotes":""},"class_list":["post-5485","page","type-page","status-publish","hentry"],"acf":[],"_links":{"self":[{"href":"https:\/\/valenti-test.ca\/fr\/wp-json\/wp\/v2\/pages\/5485","targetHints":{"allow":["GET"]}}],"collection":[{"href":"https:\/\/valenti-test.ca\/fr\/wp-json\/wp\/v2\/pages"}],"about":[{"href":"https:\/\/valenti-test.ca\/fr\/wp-json\/wp\/v2\/types\/page"}],"author":[{"embeddable":true,"href":"https:\/\/valenti-test.ca\/fr\/wp-json\/wp\/v2\/users\/1"}],"replies":[{"embeddable":true,"href":"https:\/\/valenti-test.ca\/fr\/wp-json\/wp\/v2\/comments?post=5485"}],"version-history":[{"count":6,"href":"https:\/\/valenti-test.ca\/fr\/wp-json\/wp\/v2\/pages\/5485\/revisions"}],"predecessor-version":[{"id":7673,"href":"https:\/\/valenti-test.ca\/fr\/wp-json\/wp\/v2\/pages\/5485\/revisions\/7673"}],"wp:attachment":[{"href":"https:\/\/valenti-test.ca\/fr\/wp-json\/wp\/v2\/media?parent=5485"}],"curies":[{"name":"wp","href":"https:\/\/api.w.org\/{rel}","templated":true}]}}