{"id":5464,"date":"2025-03-05T18:49:37","date_gmt":"2025-03-05T18:49:37","guid":{"rendered":"https:\/\/valenti-test.ca\/feuille-de-route-des-acheteurs\/"},"modified":"2025-07-29T10:56:49","modified_gmt":"2025-07-29T10:56:49","slug":"feuille-de-route-des-acheteurs","status":"publish","type":"page","link":"https:\/\/valenti-test.ca\/fr\/feuille-de-route-des-acheteurs\/","title":{"rendered":"Feuille de route des acheteurs"},"content":{"rendered":"\t\t<div data-elementor-type=\"wp-page\" data-elementor-id=\"5464\" class=\"elementor elementor-5464 elementor-3764\" data-elementor-post-type=\"page\">\n\t\t\t\t<div class=\"elementor-element elementor-element-4526815 e-flex e-con-boxed e-con e-parent\" data-id=\"4526815\" data-element_type=\"container\" data-settings=\"{&quot;background_background&quot;:&quot;classic&quot;}\">\n\t\t\t\t\t<div class=\"e-con-inner\">\n\t\t\t\t\t<\/div>\n\t\t\t\t<\/div>\n\t\t<div class=\"elementor-element elementor-element-2cf88aa e-flex e-con-boxed elementor-invisible e-con e-parent\" data-id=\"2cf88aa\" data-element_type=\"container\" data-settings=\"{&quot;animation&quot;:&quot;fadeInUp&quot;}\">\n\t\t\t\t\t<div class=\"e-con-inner\">\n\t\t\t\t<div class=\"elementor-element elementor-element-ba4cbf5  headingWithLine elementor-invisible elementor-widget elementor-widget-heading\" data-id=\"ba4cbf5\" data-element_type=\"widget\" data-settings=\"{&quot;_animation&quot;:&quot;fadeInUp&quot;}\" data-widget_type=\"heading.default\">\n\t\t\t\t<div class=\"elementor-widget-container\">\n\t\t\t\t\t<h2 class=\"elementor-heading-title elementor-size-default\">FEUILLE DE ROUTE DE L'ACHETEUR<\/h2>\t\t\t\t<\/div>\n\t\t\t\t<\/div>\n\t\t<div class=\"elementor-element elementor-element-cf0f511 e-con-full e-flex e-con e-child\" data-id=\"cf0f511\" data-element_type=\"container\">\n\t\t<div class=\"elementor-element elementor-element-2a8b041 e-con-full e-flex e-con e-child\" data-id=\"2a8b041\" data-element_type=\"container\">\n\t\t\t\t<div class=\"elementor-element elementor-element-847a55d elementor-widget elementor-widget-image\" data-id=\"847a55d\" data-element_type=\"widget\" data-widget_type=\"image.default\">\n\t\t\t\t<div class=\"elementor-widget-container\">\n\t\t\t\t\t\t\t\t\t\t\t\t\t\t\t<img fetchpriority=\"high\" decoding=\"async\" width=\"966\" height=\"746\" src=\"https:\/\/valenti-test.ca\/wp-content\/uploads\/2025\/05\/img-buyers-guide2x.jpg\" class=\"attachment-full size-full wp-image-7022\" alt=\"\" srcset=\"https:\/\/valenti-test.ca\/wp-content\/uploads\/2025\/05\/img-buyers-guide2x.jpg 966w, https:\/\/valenti-test.ca\/wp-content\/uploads\/2025\/05\/img-buyers-guide2x-300x232.jpg 300w, https:\/\/valenti-test.ca\/wp-content\/uploads\/2025\/05\/img-buyers-guide2x-768x593.jpg 768w\" sizes=\"(max-width: 966px) 100vw, 966px\" \/>\t\t\t\t\t\t\t\t\t\t\t\t\t\t\t<\/div>\n\t\t\t\t<\/div>\n\t\t\t\t<\/div>\n\t\t<div class=\"elementor-element elementor-element-06afaa3 e-con-full e-flex e-con e-child\" data-id=\"06afaa3\" data-element_type=\"container\">\n\t\t\t\t<div class=\"elementor-element elementor-element-b679b8f roadmapForm elementor-widget elementor-widget-shortcode\" data-id=\"b679b8f\" data-element_type=\"widget\" data-widget_type=\"shortcode.default\">\n\t\t\t\t<div class=\"elementor-widget-container\">\n\t\t\t\t\t\t\t<div class=\"elementor-shortcode\"><div class='_form_64'><\/div><script type='text\/javascript' src='https:\/\/broadywindsor.activehosted.com\/f\/embed.php?static=0&id=64&69E292F374F17&nostyles=0&preview=0'><\/script><\/div>\n\t\t\t\t\t\t<\/div>\n\t\t\t\t<\/div>\n\t\t\t\t<\/div>\n\t\t\t\t<\/div>\n\t\t\t\t<div class=\"elementor-element elementor-element-1b41411 elementor-widget__width-initial elementor-widget elementor-widget-text-editor\" data-id=\"1b41411\" data-element_type=\"widget\" data-widget_type=\"text-editor.default\">\n\t\t\t\t<div class=\"elementor-widget-container\">\n\t\t\t\t\t\t\t\t\t<p>Acheter une maison est l&rsquo;une des d\u00e9cisions les plus importantes d&rsquo;une vie, mais cela ne doit pas \u00eatre une t\u00e2che ardue. Notre feuille de route de l&rsquo;acheteur d\u00e9compose le processus en \u00e9tapes claires et faciles \u00e0 suivre pour vous permettre d&rsquo;avancer en toute confiance. Que vous soyez primo-acc\u00e9dant ou que vous planifiez votre prochain d\u00e9m\u00e9nagement, ce guide est la cl\u00e9 d&rsquo;un achat r\u00e9ussi et en douceur.<\/p><p>\u00a0<\/p><p><a href=\"#.\"><strong>T\u00e9l\u00e9chargez votre guide gratuit d\u00e8s aujourd&rsquo;hui et \u00e9liminez les incertitudes lors de votre achat.<\/strong><\/a><\/p>\t\t\t\t\t\t\t\t<\/div>\n\t\t\t\t<\/div>\n\t\t\t\t\t<\/div>\n\t\t\t\t<\/div>\n\t\t\t\t<\/div>\n\t\t","protected":false},"excerpt":{"rendered":"<p>FEUILLE DE ROUTE DE L&rsquo;ACHETEUR Acheter une maison est l&rsquo;une des d\u00e9cisions les plus importantes d&rsquo;une vie, mais cela ne doit pas \u00eatre une t\u00e2che ardue. Notre feuille de route de l&rsquo;acheteur d\u00e9compose le processus en \u00e9tapes claires et faciles \u00e0 suivre pour vous permettre d&rsquo;avancer en toute confiance. Que vous soyez primo-acc\u00e9dant ou que [&hellip;]<\/p>\n","protected":false},"author":1,"featured_media":0,"parent":0,"menu_order":0,"comment_status":"closed","ping_status":"closed","template":"","meta":{"_acf_changed":false,"footnotes":""},"class_list":["post-5464","page","type-page","status-publish","hentry"],"acf":[],"_links":{"self":[{"href":"https:\/\/valenti-test.ca\/fr\/wp-json\/wp\/v2\/pages\/5464","targetHints":{"allow":["GET"]}}],"collection":[{"href":"https:\/\/valenti-test.ca\/fr\/wp-json\/wp\/v2\/pages"}],"about":[{"href":"https:\/\/valenti-test.ca\/fr\/wp-json\/wp\/v2\/types\/page"}],"author":[{"embeddable":true,"href":"https:\/\/valenti-test.ca\/fr\/wp-json\/wp\/v2\/users\/1"}],"replies":[{"embeddable":true,"href":"https:\/\/valenti-test.ca\/fr\/wp-json\/wp\/v2\/comments?post=5464"}],"version-history":[{"count":27,"href":"https:\/\/valenti-test.ca\/fr\/wp-json\/wp\/v2\/pages\/5464\/revisions"}],"predecessor-version":[{"id":8267,"href":"https:\/\/valenti-test.ca\/fr\/wp-json\/wp\/v2\/pages\/5464\/revisions\/8267"}],"wp:attachment":[{"href":"https:\/\/valenti-test.ca\/fr\/wp-json\/wp\/v2\/media?parent=5464"}],"curies":[{"name":"wp","href":"https:\/\/api.w.org\/{rel}","templated":true}]}}