{"id":5449,"date":"2025-03-03T18:21:10","date_gmt":"2025-03-03T18:21:10","guid":{"rendered":"https:\/\/valenti-test.ca\/a-propos-de-nous\/"},"modified":"2025-08-18T13:07:56","modified_gmt":"2025-08-18T13:07:56","slug":"a-propos-de-nous","status":"publish","type":"page","link":"https:\/\/valenti-test.ca\/fr\/a-propos-de-nous\/","title":{"rendered":"\u00c0 propos de nous"},"content":{"rendered":"\t\t<div data-elementor-type=\"wp-page\" data-elementor-id=\"5449\" class=\"elementor elementor-5449 elementor-2915\" data-elementor-post-type=\"page\">\n\t\t\t\t<div class=\"elementor-element elementor-element-6800630 e-con-full e-flex e-con e-parent\" data-id=\"6800630\" data-element_type=\"container\" data-settings=\"{&quot;background_background&quot;:&quot;classic&quot;}\">\n\t\t\t\t<\/div>\n\t\t<div class=\"elementor-element elementor-element-d84977b e-flex e-con-boxed e-con e-parent\" data-id=\"d84977b\" data-element_type=\"container\">\n\t\t\t\t\t<div class=\"e-con-inner\">\n\t\t\t\t<div class=\"elementor-element elementor-element-ebb7f9a elementor-invisible elementor-widget elementor-widget-heading\" data-id=\"ebb7f9a\" data-element_type=\"widget\" data-settings=\"{&quot;_animation&quot;:&quot;fadeInUp&quot;}\" data-widget_type=\"heading.default\">\n\t\t\t\t<div class=\"elementor-widget-container\">\n\t\t\t\t\t<h2 class=\"elementor-heading-title elementor-size-default\">une nouvelle \u00e8re dans l'immobilier<\/h2>\t\t\t\t<\/div>\n\t\t\t\t<\/div>\n\t\t\t\t<div class=\"elementor-element elementor-element-fea8c4a elementor-invisible elementor-widget elementor-widget-text-editor\" data-id=\"fea8c4a\" data-element_type=\"widget\" data-settings=\"{&quot;_animation&quot;:&quot;fadeInUp&quot;}\" data-widget_type=\"text-editor.default\">\n\t\t\t\t<div class=\"elementor-widget-container\">\n\t\t\t\t\t\t\t\t\t<p><span style=\"font-weight: 400;\">Le Broady Windsor&nbsp;<\/span>Groupe a \u00e9t\u00e9 fond\u00e9 en 2019 et est depuis devenu une \u00e9quipe immobili\u00e8re puissante compos\u00e9e de 6 courtiers \u00e0 temps plein et de 2 employ\u00e9s de soutien administratif \u00e0 temps plein au service de la r\u00e9gion du Grand Montr\u00e9al.<\/p><p><span style=\"font-weight: 400;\"><br><\/span><\/p>\n<p><span style=\"font-weight: 400;\">Sean Broady a d\u00e9but\u00e9 sa carri\u00e8re dans l&rsquo;immobilier \u00e0 l&rsquo;\u00e9t\u00e9 2000, rejoignant sa m\u00e8re \u00e0 l&rsquo;agence Royal LePage Elite, dans la pittoresque banlieue de Beaconsfield, pr\u00e8s de Montr\u00e9al. Il a b\u00e2ti et cog\u00e9r\u00e9 avec succ\u00e8s l&rsquo;\u00e9quipe Broady, une \u00e9quipe solide et prim\u00e9e, pendant pr\u00e8s de deux d\u00e9cennies avec sa m\u00e8re Libby, sa s\u0153ur Catherine et son jeune fr\u00e8re Mark.<br><\/span><\/p><p><span style=\"font-weight: 400;\"><br><\/span><\/p>\n<p><span style=\"font-weight: 400;\">En 2019, il a d\u00e9cid\u00e9 qu&rsquo;il \u00e9tait temps de se diversifier et de tracer sa propre voie, en lan\u00e7ant <strong>Le<\/strong><\/span><b>&nbsp;Broady Windsor Groupe<\/b><span style=\"font-weight: 400;\"> avec sa femme Kimberley Windsor, son fr\u00e8re a\u00een\u00e9 Scott Broady et sa fille Megan Broady.<\/span><\/p>\n<p><span style=\"font-weight: 400;\">Lorsque vous choisissez de travailler avec le Groupe BW, vous b\u00e9n\u00e9ficiez d&rsquo;une prise en charge sans compromis, \u00e0 chaque \u00e9tape du processus.<\/span><\/p>\t\t\t\t\t\t\t\t<\/div>\n\t\t\t\t<\/div>\n\t\t<div class=\"elementor-element elementor-element-fb7a368 e-con-full e-flex e-con e-child\" data-id=\"fb7a368\" data-element_type=\"container\">\n\t\t\t\t<div class=\"elementor-element elementor-element-3d8ebed elementor-invisible elementor-widget elementor-widget-heading\" data-id=\"3d8ebed\" data-element_type=\"widget\" data-settings=\"{&quot;_animation&quot;:&quot;fadeInUp&quot;}\" data-widget_type=\"heading.default\">\n\t\t\t\t<div class=\"elementor-widget-container\">\n\t\t\t\t\t<h3 class=\"elementor-heading-title elementor-size-default\">D\u00e9couvrez une exp\u00e9rience immobili\u00e8re qui tourne autour de vous. Nous sommes l\u00e0 pour simplifier le processus, r\u00e9duire le stress et maximiser votre investissement, que vous achetiez ou vendiez.<\/h3>\t\t\t\t<\/div>\n\t\t\t\t<\/div>\n\t\t\t\t<\/div>\n\t\t<div class=\"elementor-element elementor-element-19ddb36 e-con-full e-flex elementor-invisible e-con e-child\" data-id=\"19ddb36\" data-element_type=\"container\" data-settings=\"{&quot;animation&quot;:&quot;fadeInUp&quot;}\">\n\t\t\t\t<div class=\"elementor-element elementor-element-ab1f16f elementor-widget elementor-widget-heading\" data-id=\"ab1f16f\" data-element_type=\"widget\" data-widget_type=\"heading.default\">\n\t\t\t\t<div class=\"elementor-widget-container\">\n\t\t\t\t\t<h5 class=\"elementor-heading-title elementor-size-default\">les maisons sont plus que de simples propri\u00e9t\u00e9s<\/h5>\t\t\t\t<\/div>\n\t\t\t\t<\/div>\n\t\t\t\t<div class=\"elementor-element elementor-element-9d1bf18 elementor-widget elementor-widget-text-editor\" data-id=\"9d1bf18\" data-element_type=\"widget\" data-widget_type=\"text-editor.default\">\n\t\t\t\t<div class=\"elementor-widget-container\">\n\t\t\t\t\t\t\t\t\t<p>Ce sont des histoires, des r\u00eaves et des avenirs. Trouvons le v\u00f4tre ou assurons-nous qu&rsquo;il parvienne \u00e0 quelqu&rsquo;un qui le ch\u00e9rira.<\/p>\n\t\t\t\t\t\t\t\t<\/div>\n\t\t\t\t<\/div>\n\t\t\t\t<\/div>\n\t\t<div class=\"elementor-element elementor-element-0360931 e-con-full e-flex elementor-invisible e-con e-child\" data-id=\"0360931\" data-element_type=\"container\" data-settings=\"{&quot;animation&quot;:&quot;fadeInUp&quot;}\">\n\t\t\t\t<div class=\"elementor-element elementor-element-6460e6e elementor-widget elementor-widget-heading\" data-id=\"6460e6e\" data-element_type=\"widget\" data-widget_type=\"heading.default\">\n\t\t\t\t<div class=\"elementor-widget-container\">\n\t\t\t\t\t<h5 class=\"elementor-heading-title elementor-size-default\">pourquoi nous choisir ?<\/h5>\t\t\t\t<\/div>\n\t\t\t\t<\/div>\n\t\t\t\t<div class=\"elementor-element elementor-element-6daed81 elementor-widget elementor-widget-text-editor\" data-id=\"6daed81\" data-element_type=\"widget\" data-widget_type=\"text-editor.default\">\n\t\t\t\t<div class=\"elementor-widget-container\">\n\t\t\t\t\t\t\t\t\t<ul>\n<li>Des r\u00e9sultats qui comptent : des strat\u00e9gies \u00e9prouv\u00e9es, des conseils personnalis\u00e9s.<\/li>\n<li>Experts locaux\u00a0: Implant\u00e9s dans l\u2019Ouest-de-l\u2019\u00cele de Montr\u00e9al.<\/li>\n<li>Un v\u00e9ritable partenariat\u00a0: Vos besoins. Notre priorit\u00e9. Toujours.<\/li>\n<\/ul>\n<p>Notre promesse\u00a0: Professionnalisme sans pr\u00e9tention, attention sans compromis.<\/p>\n\t\t\t\t\t\t\t\t<\/div>\n\t\t\t\t<\/div>\n\t\t\t\t<\/div>\n\t\t\t\t\t<\/div>\n\t\t\t\t<\/div>\n\t\t<div class=\"elementor-element elementor-element-9741ec2 elementor-hidden-desktop elementor-hidden-laptop elementor-hidden-tablet elementor-hidden-mobile e-flex e-con-boxed e-con e-parent\" data-id=\"9741ec2\" data-element_type=\"container\" data-settings=\"{&quot;background_background&quot;:&quot;classic&quot;}\">\n\t\t\t\t\t<div class=\"e-con-inner\">\n\t\t<div class=\"elementor-element elementor-element-70ff03f e-con-full e-flex elementor-invisible e-con e-child\" data-id=\"70ff03f\" data-element_type=\"container\" data-settings=\"{&quot;animation&quot;:&quot;fadeInDown&quot;}\">\n\t\t\t\t<div class=\"elementor-element elementor-element-67b2f69 elementor-widget elementor-widget-heading\" data-id=\"67b2f69\" data-element_type=\"widget\" data-widget_type=\"heading.default\">\n\t\t\t\t<div class=\"elementor-widget-container\">\n\t\t\t\t\t<h2 class=\"elementor-heading-title elementor-size-default\">pr\u00eat \u00e0 commencer ?<\/h2>\t\t\t\t<\/div>\n\t\t\t\t<\/div>\n\t\t\t\t<div class=\"elementor-element elementor-element-ce23d16 elementor-widget elementor-widget-heading\" data-id=\"ce23d16\" data-element_type=\"widget\" data-widget_type=\"heading.default\">\n\t\t\t\t<div class=\"elementor-widget-container\">\n\t\t\t\t\t<h4 class=\"elementor-heading-title elementor-size-default\">Contactez-nous aujourd\u2019hui \u2013 votre prochain chapitre vous attend.<\/h4>\t\t\t\t<\/div>\n\t\t\t\t<\/div>\n\t\t\t\t<div class=\"elementor-element elementor-element-a2db810 elementor-widget elementor-widget-button\" data-id=\"a2db810\" data-element_type=\"widget\" data-widget_type=\"button.default\">\n\t\t\t\t<div class=\"elementor-widget-container\">\n\t\t\t\t\t\t\t\t\t<div class=\"elementor-button-wrapper\">\n\t\t\t\t\t<a class=\"elementor-button elementor-button-link elementor-size-sm\" href=\"https:\/\/valenti-test.ca\/fr\/rencontrer-lequipe\/\">\n\t\t\t\t\t\t<span class=\"elementor-button-content-wrapper\">\n\t\t\t\t\t\t\t\t\t<span class=\"elementor-button-text\">RENCONTREZ L'\u00c9QUIPE<\/span>\n\t\t\t\t\t<\/span>\n\t\t\t\t\t<\/a>\n\t\t\t\t<\/div>\n\t\t\t\t\t\t\t\t<\/div>\n\t\t\t\t<\/div>\n\t\t\t\t<\/div>\n\t\t\t\t\t<\/div>\n\t\t\t\t<\/div>\n\t\t<div class=\"elementor-element elementor-element-656a5ec e-flex e-con-boxed e-con e-parent\" data-id=\"656a5ec\" data-element_type=\"container\" data-settings=\"{&quot;background_background&quot;:&quot;classic&quot;}\">\n\t\t\t\t\t<div class=\"e-con-inner\">\n\t\t<div class=\"elementor-element elementor-element-7dd2ee4 e-con-full e-flex elementor-invisible e-con e-child\" data-id=\"7dd2ee4\" data-element_type=\"container\" data-settings=\"{&quot;animation&quot;:&quot;fadeInDown&quot;}\">\n\t\t\t\t<div class=\"elementor-element elementor-element-b004955 elementor-widget elementor-widget-heading\" data-id=\"b004955\" data-element_type=\"widget\" data-widget_type=\"heading.default\">\n\t\t\t\t<div class=\"elementor-widget-container\">\n\t\t\t\t\t<h2 class=\"elementor-heading-title elementor-size-default\">pr\u00eat \u00e0 commencer ?\n<\/h2>\t\t\t\t<\/div>\n\t\t\t\t<\/div>\n\t\t\t\t<div class=\"elementor-element elementor-element-0fa2198 elementor-widget elementor-widget-heading\" data-id=\"0fa2198\" data-element_type=\"widget\" data-widget_type=\"heading.default\">\n\t\t\t\t<div class=\"elementor-widget-container\">\n\t\t\t\t\t<h4 class=\"elementor-heading-title elementor-size-default\">Contactez-nous d\u00e8s aujourd\u2019hui \u2013 votre prochain chapitre vous attend.<\/h4>\t\t\t\t<\/div>\n\t\t\t\t<\/div>\n\t\t\t\t<div class=\"elementor-element elementor-element-e6013cb elementor-widget elementor-widget-button\" data-id=\"e6013cb\" data-element_type=\"widget\" data-widget_type=\"button.default\">\n\t\t\t\t<div class=\"elementor-widget-container\">\n\t\t\t\t\t\t\t\t\t<div class=\"elementor-button-wrapper\">\n\t\t\t\t\t<a class=\"elementor-button elementor-button-link elementor-size-sm\" href=\"https:\/\/valenti-test.ca\/meet-the-team\/\">\n\t\t\t\t\t\t<span class=\"elementor-button-content-wrapper\">\n\t\t\t\t\t\t\t\t\t<span class=\"elementor-button-text\">RENCONTREZ L'\u00c9QUIPE<\/span>\n\t\t\t\t\t<\/span>\n\t\t\t\t\t<\/a>\n\t\t\t\t<\/div>\n\t\t\t\t\t\t\t\t<\/div>\n\t\t\t\t<\/div>\n\t\t\t\t<\/div>\n\t\t\t\t\t<\/div>\n\t\t\t\t<\/div>\n\t\t\t\t<\/div>\n\t\t","protected":false},"excerpt":{"rendered":"<p>une nouvelle \u00e8re dans l&rsquo;immobilier Le Broady Windsor&nbsp;Groupe a \u00e9t\u00e9 fond\u00e9 en 2019 et est depuis devenu une \u00e9quipe immobili\u00e8re puissante compos\u00e9e de 6 courtiers \u00e0 temps plein et de 2 employ\u00e9s de soutien administratif \u00e0 temps plein au service de la r\u00e9gion du Grand Montr\u00e9al. Sean Broady a d\u00e9but\u00e9 sa carri\u00e8re dans l&rsquo;immobilier \u00e0 [&hellip;]<\/p>\n","protected":false},"author":1,"featured_media":0,"parent":0,"menu_order":0,"comment_status":"closed","ping_status":"closed","template":"","meta":{"_acf_changed":false,"footnotes":""},"class_list":["post-5449","page","type-page","status-publish","hentry"],"acf":[],"_links":{"self":[{"href":"https:\/\/valenti-test.ca\/fr\/wp-json\/wp\/v2\/pages\/5449","targetHints":{"allow":["GET"]}}],"collection":[{"href":"https:\/\/valenti-test.ca\/fr\/wp-json\/wp\/v2\/pages"}],"about":[{"href":"https:\/\/valenti-test.ca\/fr\/wp-json\/wp\/v2\/types\/page"}],"author":[{"embeddable":true,"href":"https:\/\/valenti-test.ca\/fr\/wp-json\/wp\/v2\/users\/1"}],"replies":[{"embeddable":true,"href":"https:\/\/valenti-test.ca\/fr\/wp-json\/wp\/v2\/comments?post=5449"}],"version-history":[{"count":22,"href":"https:\/\/valenti-test.ca\/fr\/wp-json\/wp\/v2\/pages\/5449\/revisions"}],"predecessor-version":[{"id":8764,"href":"https:\/\/valenti-test.ca\/fr\/wp-json\/wp\/v2\/pages\/5449\/revisions\/8764"}],"wp:attachment":[{"href":"https:\/\/valenti-test.ca\/fr\/wp-json\/wp\/v2\/media?parent=5449"}],"curies":[{"name":"wp","href":"https:\/\/api.w.org\/{rel}","templated":true}]}}