{"id":5404,"date":"2025-03-03T18:55:25","date_gmt":"2025-03-03T18:55:25","guid":{"rendered":"https:\/\/valenti-test.ca\/redonner-en-retour-2\/"},"modified":"2025-07-31T11:44:24","modified_gmt":"2025-07-31T11:44:24","slug":"redonner","status":"publish","type":"page","link":"https:\/\/valenti-test.ca\/fr\/redonner\/","title":{"rendered":"Redonner"},"content":{"rendered":"\t\t<div data-elementor-type=\"wp-page\" data-elementor-id=\"5404\" class=\"elementor elementor-5404 elementor-2986\" data-elementor-post-type=\"page\">\n\t\t\t\t<div class=\"elementor-element elementor-element-ab019f0 e-con-full e-flex e-con e-parent\" data-id=\"ab019f0\" data-element_type=\"container\" data-settings=\"{&quot;background_background&quot;:&quot;classic&quot;}\">\n\t\t\t\t<\/div>\n\t\t<div class=\"elementor-element elementor-element-8b4d4cd e-flex e-con-boxed e-con e-parent\" data-id=\"8b4d4cd\" data-element_type=\"container\">\n\t\t\t\t\t<div class=\"e-con-inner\">\n\t\t\t\t<div class=\"elementor-element elementor-element-34c059a elementor-invisible elementor-widget elementor-widget-heading\" data-id=\"34c059a\" data-element_type=\"widget\" data-settings=\"{&quot;_animation&quot;:&quot;fadeInUp&quot;}\" data-widget_type=\"heading.default\">\n\t\t\t\t<div class=\"elementor-widget-container\">\n\t\t\t\t\t<h2 class=\"elementor-heading-title elementor-size-default\">Redonner<\/h2>\t\t\t\t<\/div>\n\t\t\t\t<\/div>\n\t\t\t\t<div class=\"elementor-element elementor-element-67d4963 elementor-invisible elementor-widget elementor-widget-heading\" data-id=\"67d4963\" data-element_type=\"widget\" data-settings=\"{&quot;_animation&quot;:&quot;fadeInUp&quot;}\" data-widget_type=\"heading.default\">\n\t\t\t\t<div class=\"elementor-widget-container\">\n\t\t\t\t\t<h4 class=\"elementor-heading-title elementor-size-default\">Nous nous engageons \u00e0 donner 1% de nos commissions pour soutenir les organisations qui font la diff\u00e9rence.<\/h4>\t\t\t\t<\/div>\n\t\t\t\t<\/div>\n\t\t<div class=\"elementor-element elementor-element-d673645 e-con-full e-flex elementor-invisible e-con e-child\" data-id=\"d673645\" data-element_type=\"container\" data-settings=\"{&quot;background_background&quot;:&quot;classic&quot;,&quot;animation&quot;:&quot;fadeInUp&quot;}\">\n\t\t<div class=\"elementor-element elementor-element-e50204c e-con-full e-flex e-con e-child\" data-id=\"e50204c\" data-element_type=\"container\" data-settings=\"{&quot;animation&quot;:&quot;none&quot;}\">\n\t\t\t\t<div class=\"elementor-element elementor-element-c96d7df elementor-widget elementor-widget-image\" data-id=\"c96d7df\" data-element_type=\"widget\" data-widget_type=\"image.default\">\n\t\t\t\t<div class=\"elementor-widget-container\">\n\t\t\t\t\t\t\t\t\t\t\t\t\t\t\t<img fetchpriority=\"high\" decoding=\"async\" width=\"445\" height=\"288\" src=\"https:\/\/valenti-test.ca\/wp-content\/uploads\/2025\/03\/RLP.png\" class=\"attachment-full size-full wp-image-3513\" alt=\"\" srcset=\"https:\/\/valenti-test.ca\/wp-content\/uploads\/2025\/03\/RLP.png 445w, https:\/\/valenti-test.ca\/wp-content\/uploads\/2025\/03\/RLP-300x194.png 300w\" sizes=\"(max-width: 445px) 100vw, 445px\" \/>\t\t\t\t\t\t\t\t\t\t\t\t\t\t\t<\/div>\n\t\t\t\t<\/div>\n\t\t\t\t<\/div>\n\t\t<div class=\"elementor-element elementor-element-c9e7511 e-con-full e-flex e-con e-child\" data-id=\"c9e7511\" data-element_type=\"container\" data-settings=\"{&quot;animation&quot;:&quot;none&quot;}\">\n\t\t\t\t<div class=\"elementor-element elementor-element-128980f elementor-widget elementor-widget-heading\" data-id=\"128980f\" data-element_type=\"widget\" data-widget_type=\"heading.default\">\n\t\t\t\t<div class=\"elementor-widget-container\">\n\t\t\t\t\t<h4 class=\"elementor-heading-title elementor-size-default\">Fondation du refuge Royal Lepage<\/h4>\t\t\t\t<\/div>\n\t\t\t\t<\/div>\n\t\t\t\t<div class=\"elementor-element elementor-element-d173e58 elementor-widget elementor-widget-text-editor\" data-id=\"d173e58\" data-element_type=\"widget\" data-widget_type=\"text-editor.default\">\n\t\t\t\t<div class=\"elementor-widget-container\">\n\t\t\t\t\t\t\t\t\tPar l\u2019entremise de la Fondation Un toit pour tous de Royal LePage, la plus grande fondation publique au Canada d\u00e9di\u00e9e exclusivement au financement des refuges pour femmes, de la pr\u00e9vention de la violence et des programmes d\u2019\u00e9ducation, nous sommes fiers de faire une diff\u00e9rence dans les communaut\u00e9s partout au Canada.\t\t\t\t\t\t\t\t<\/div>\n\t\t\t\t<\/div>\n\t\t\t\t<\/div>\n\t\t\t\t<\/div>\n\t\t<div class=\"elementor-element elementor-element-e905f35 e-con-full e-flex elementor-invisible e-con e-child\" data-id=\"e905f35\" data-element_type=\"container\" data-settings=\"{&quot;background_background&quot;:&quot;classic&quot;,&quot;animation&quot;:&quot;fadeInUp&quot;}\">\n\t\t<div class=\"elementor-element elementor-element-b547218 e-con-full e-flex e-con e-child\" data-id=\"b547218\" data-element_type=\"container\" data-settings=\"{&quot;animation&quot;:&quot;none&quot;}\">\n\t\t\t\t<div class=\"elementor-element elementor-element-77b49c5 elementor-widget elementor-widget-image\" data-id=\"77b49c5\" data-element_type=\"widget\" data-widget_type=\"image.default\">\n\t\t\t\t<div class=\"elementor-widget-container\">\n\t\t\t\t\t\t\t\t\t\t\t\t\t\t\t<img decoding=\"async\" width=\"244\" height=\"288\" src=\"https:\/\/valenti-test.ca\/wp-content\/uploads\/2025\/03\/NightRemember.png\" class=\"attachment-full size-full wp-image-3541\" alt=\"\" \/>\t\t\t\t\t\t\t\t\t\t\t\t\t\t\t<\/div>\n\t\t\t\t<\/div>\n\t\t\t\t<\/div>\n\t\t<div class=\"elementor-element elementor-element-1ed9e1b e-con-full e-flex e-con e-child\" data-id=\"1ed9e1b\" data-element_type=\"container\" data-settings=\"{&quot;animation&quot;:&quot;none&quot;}\">\n\t\t\t\t<div class=\"elementor-element elementor-element-c80a3f4 elementor-widget elementor-widget-heading\" data-id=\"c80a3f4\" data-element_type=\"widget\" data-widget_type=\"heading.default\">\n\t\t\t\t<div class=\"elementor-widget-container\">\n\t\t\t\t\t<h4 class=\"elementor-heading-title elementor-size-default\">Une nuit inoubliable<\/h4>\t\t\t\t<\/div>\n\t\t\t\t<\/div>\n\t\t\t\t<div class=\"elementor-element elementor-element-52dd110 elementor-widget elementor-widget-text-editor\" data-id=\"52dd110\" data-element_type=\"widget\" data-widget_type=\"text-editor.default\">\n\t\t\t\t<div class=\"elementor-widget-container\">\n\t\t\t\t\t\t\t\t\tLa mission du gala annuel A Night to Remember \u2013 Alzheimer\u2019s Impact est d\u2019inspirer les gens \u00e0 agir et de susciter une force collective qui peut aider \u00e0 r\u00e9pondre \u00e0 la demande croissante de services qui offrent de l\u2019espoir et une meilleure qualit\u00e9 de vie aux aidants et \u00e0 leurs proches.\t\t\t\t\t\t\t\t<\/div>\n\t\t\t\t<\/div>\n\t\t\t\t<\/div>\n\t\t\t\t<\/div>\n\t\t<div class=\"elementor-element elementor-element-a7f92e0 e-con-full e-flex elementor-invisible e-con e-child\" data-id=\"a7f92e0\" data-element_type=\"container\" data-settings=\"{&quot;background_background&quot;:&quot;classic&quot;,&quot;animation&quot;:&quot;fadeInUp&quot;}\">\n\t\t<div class=\"elementor-element elementor-element-3e3e60d e-con-full e-flex e-con e-child\" data-id=\"3e3e60d\" data-element_type=\"container\" data-settings=\"{&quot;animation&quot;:&quot;none&quot;}\">\n\t\t\t\t<div class=\"elementor-element elementor-element-99a0480 elementor-widget elementor-widget-image\" data-id=\"99a0480\" data-element_type=\"widget\" data-widget_type=\"image.default\">\n\t\t\t\t<div class=\"elementor-widget-container\">\n\t\t\t\t\t\t\t\t\t\t\t\t\t\t\t<img decoding=\"async\" width=\"207\" height=\"288\" src=\"https:\/\/valenti-test.ca\/wp-content\/uploads\/2025\/03\/capitalist.png\" class=\"attachment-full size-full wp-image-3539\" alt=\"\" \/>\t\t\t\t\t\t\t\t\t\t\t\t\t\t\t<\/div>\n\t\t\t\t<\/div>\n\t\t\t\t<\/div>\n\t\t<div class=\"elementor-element elementor-element-0e2b4d5 e-con-full e-flex e-con e-child\" data-id=\"0e2b4d5\" data-element_type=\"container\" data-settings=\"{&quot;animation&quot;:&quot;none&quot;}\">\n\t\t\t\t<div class=\"elementor-element elementor-element-97e77e0 elementor-widget elementor-widget-heading\" data-id=\"97e77e0\" data-element_type=\"widget\" data-widget_type=\"heading.default\">\n\t\t\t\t<div class=\"elementor-widget-container\">\n\t\t\t\t\t<h4 class=\"elementor-heading-title elementor-size-default\">Un capitalisme conscient<\/h4>\t\t\t\t<\/div>\n\t\t\t\t<\/div>\n\t\t\t\t<div class=\"elementor-element elementor-element-c1e132b elementor-widget elementor-widget-text-editor\" data-id=\"c1e132b\" data-element_type=\"widget\" data-widget_type=\"text-editor.default\">\n\t\t\t\t<div class=\"elementor-widget-container\">\n\t\t\t\t\t\t\t\t\t<p>Le capitalisme conscient est une fa\u00e7on de penser le capitalisme et les affaires qui refl\u00e8te mieux notre situation actuelle dans le parcours humain, l\u2019\u00e9tat actuel de notre monde et le potentiel inn\u00e9 des entreprises \u00e0 avoir un impact positif sur le monde. Les entreprises conscientes sont motiv\u00e9es par des objectifs sup\u00e9rieurs qui servent, alignent et int\u00e8grent les int\u00e9r\u00eats de toutes leurs principales parties prenantes.<\/p>\n\t\t\t\t\t\t\t\t<\/div>\n\t\t\t\t<\/div>\n\t\t\t\t<\/div>\n\t\t\t\t<\/div>\n\t\t\t\t\t<\/div>\n\t\t\t\t<\/div>\n\t\t\t\t<\/div>\n\t\t","protected":false},"excerpt":{"rendered":"<p>Redonner Nous nous engageons \u00e0 donner 1% de nos commissions pour soutenir les organisations qui font la diff\u00e9rence. Fondation du refuge Royal Lepage Par l\u2019entremise de la Fondation Un toit pour tous de Royal LePage, la plus grande fondation publique au Canada d\u00e9di\u00e9e exclusivement au financement des refuges pour femmes, de la pr\u00e9vention de la [&hellip;]<\/p>\n","protected":false},"author":1,"featured_media":0,"parent":0,"menu_order":0,"comment_status":"closed","ping_status":"closed","template":"","meta":{"_acf_changed":false,"footnotes":""},"class_list":["post-5404","page","type-page","status-publish","hentry"],"acf":[],"_links":{"self":[{"href":"https:\/\/valenti-test.ca\/fr\/wp-json\/wp\/v2\/pages\/5404","targetHints":{"allow":["GET"]}}],"collection":[{"href":"https:\/\/valenti-test.ca\/fr\/wp-json\/wp\/v2\/pages"}],"about":[{"href":"https:\/\/valenti-test.ca\/fr\/wp-json\/wp\/v2\/types\/page"}],"author":[{"embeddable":true,"href":"https:\/\/valenti-test.ca\/fr\/wp-json\/wp\/v2\/users\/1"}],"replies":[{"embeddable":true,"href":"https:\/\/valenti-test.ca\/fr\/wp-json\/wp\/v2\/comments?post=5404"}],"version-history":[{"count":15,"href":"https:\/\/valenti-test.ca\/fr\/wp-json\/wp\/v2\/pages\/5404\/revisions"}],"predecessor-version":[{"id":8360,"href":"https:\/\/valenti-test.ca\/fr\/wp-json\/wp\/v2\/pages\/5404\/revisions\/8360"}],"wp:attachment":[{"href":"https:\/\/valenti-test.ca\/fr\/wp-json\/wp\/v2\/media?parent=5404"}],"curies":[{"name":"wp","href":"https:\/\/api.w.org\/{rel}","templated":true}]}}