{"id":2335,"date":"2024-10-21T12:50:55","date_gmt":"2024-10-21T12:50:55","guid":{"rendered":"https:\/\/valenti-test.ca\/quartiers\/"},"modified":"2025-08-13T18:30:03","modified_gmt":"2025-08-13T18:30:03","slug":"quartiers","status":"publish","type":"page","link":"https:\/\/valenti-test.ca\/fr\/quartiers\/","title":{"rendered":"Quartiers"},"content":{"rendered":"\t\t<div data-elementor-type=\"wp-page\" data-elementor-id=\"2335\" class=\"elementor elementor-2335 elementor-272\" data-elementor-post-type=\"page\">\n\t\t\t\t<div class=\"elementor-element elementor-element-15c99c2 e-flex e-con-boxed e-con e-parent\" data-id=\"15c99c2\" data-element_type=\"container\" data-settings=\"{&quot;background_background&quot;:&quot;classic&quot;}\">\n\t\t\t\t\t<div class=\"e-con-inner\">\n\t\t\t\t\t<\/div>\n\t\t\t\t<\/div>\n\t\t<div class=\"elementor-element elementor-element-967fa77 e-flex e-con-boxed elementor-invisible e-con e-parent\" data-id=\"967fa77\" data-element_type=\"container\" data-settings=\"{&quot;animation&quot;:&quot;fadeInUp&quot;}\">\n\t\t\t\t\t<div class=\"e-con-inner\">\n\t\t\t\t<div class=\"elementor-element elementor-element-b541d63  headingWithLine elementor-invisible elementor-widget elementor-widget-heading\" data-id=\"b541d63\" data-element_type=\"widget\" data-settings=\"{&quot;_animation&quot;:&quot;fadeInUp&quot;}\" data-widget_type=\"heading.default\">\n\t\t\t\t<div class=\"elementor-widget-container\">\n\t\t\t\t\t<h2 class=\"elementor-heading-title elementor-size-default\">Quartiers<\/h2>\t\t\t\t<\/div>\n\t\t\t\t<\/div>\n\t\t\t\t<div class=\"elementor-element elementor-element-34ecefc elementor-widget__width-initial elementor-widget elementor-widget-text-editor\" data-id=\"34ecefc\" data-element_type=\"widget\" data-widget_type=\"text-editor.default\">\n\t\t\t\t<div class=\"elementor-widget-container\">\n\t\t\t\t\t\t\t\t\t<div class=\"summary\"><h4>L&rsquo;Ouest-de-l&rsquo;\u00cele<\/h4><p>L&rsquo;Ouest-de-l&rsquo;\u00cele couvre tout le tiers ouest de l&rsquo;\u00eele de Montr\u00e9al. En 2006, huit des treize municipalit\u00e9s de l&rsquo;Ouest-de-l&rsquo;\u00cele se sont officiellement s\u00e9par\u00e9es de la m\u00e9gapole de Montr\u00e9al. Les trois arrondissements de Lachine, L&rsquo;\u00cele-Bizard-Sainte-Genevi\u00e8ve et Pierrefonds-Roxboro font toujours partie de la m\u00e9gapole. Les huit municipalit\u00e9s autonomes restantes sont Sainte-Anne-de-Bellevue, Senneville, Baie-D\u2019Urf\u00e9, Beaconsfield, Pointe-Claire, Kirkland, Dollard-des-Ormeaux et Dorval.<br \/>Vous trouverez ci-dessous la liste de toutes les municipalit\u00e9s et arrondissements de l&rsquo;Ouest-de-l&rsquo;\u00cele que nous couvrons, avec des liens vers leurs sites web respectifs.<\/p><\/div>\t\t\t\t\t\t\t\t<\/div>\n\t\t\t\t<\/div>\n\t\t\t\t<div class=\"elementor-element elementor-element-2370c5c elementor-widget__width-inherit elementor-icon-list--layout-traditional elementor-list-item-link-full_width elementor-widget elementor-widget-icon-list\" data-id=\"2370c5c\" data-element_type=\"widget\" data-widget_type=\"icon-list.default\">\n\t\t\t\t<div class=\"elementor-widget-container\">\n\t\t\t\t\t\t\t<ul class=\"elementor-icon-list-items\">\n\t\t\t\t\t\t\t<li class=\"elementor-icon-list-item\">\n\t\t\t\t\t\t\t\t\t\t\t<a href=\"https:\/\/www.baie-durfe.qc.ca\/fr\/\" target=\"_blank\">\n\n\t\t\t\t\t\t\t\t\t\t\t\t<span class=\"elementor-icon-list-icon\">\n\t\t\t\t\t\t\t<svg xmlns=\"http:\/\/www.w3.org\/2000\/svg\" id=\"_1\" data-name=\"1\" width=\"31.935\" height=\"40.775\" viewBox=\"0 0 31.935 40.775\"><path id=\"Icon_fa-solid-location-pin\" data-name=\"Icon fa-solid-location-pin\" d=\"M31.935,15.33c0,6.978-9.73,19.4-14,24.528a2.578,2.578,0,0,1-3.942,0C9.73,34.732,0,22.309,0,15.33,0,6.867,7.152,0,15.967,0S31.935,6.867,31.935,15.33Z\" transform=\"translate(0)\"><\/path><text id=\"_1-2\" data-name=\"1\" transform=\"translate(15.202 26)\" fill=\"#fff\" font-size=\"25\" font-family=\"LeagueSpartan-Black, League Spartan\" font-weight=\"800\" letter-spacing=\"0.04em\"><tspan x=\"-4\" y=\"0\">1<\/tspan><\/text><\/svg>\t\t\t\t\t\t<\/span>\n\t\t\t\t\t\t\t\t\t\t<span class=\"elementor-icon-list-text\">BAIE D'URF\u00c9<\/span>\n\t\t\t\t\t\t\t\t\t\t\t<\/a>\n\t\t\t\t\t\t\t\t\t<\/li>\n\t\t\t\t\t\t\t\t<li class=\"elementor-icon-list-item\">\n\t\t\t\t\t\t\t\t\t\t\t<a href=\"https:\/\/www.beaconsfield.ca\/en\/\" target=\"_blank\">\n\n\t\t\t\t\t\t\t\t\t\t\t\t<span class=\"elementor-icon-list-icon\">\n\t\t\t\t\t\t\t<svg xmlns=\"http:\/\/www.w3.org\/2000\/svg\" id=\"_2\" data-name=\"2\" width=\"31.935\" height=\"40.775\" viewBox=\"0 0 31.935 40.775\"><path id=\"Icon_fa-solid-location-pin\" data-name=\"Icon fa-solid-location-pin\" d=\"M31.935,15.33c0,6.978-9.73,19.4-14,24.528a2.578,2.578,0,0,1-3.942,0C9.73,34.732,0,22.309,0,15.33,0,6.867,7.152,0,15.967,0S31.935,6.867,31.935,15.33Z\" transform=\"translate(0)\"><\/path><text id=\"_2-2\" data-name=\"2\" transform=\"translate(15.202 25.314)\" fill=\"#fff\" font-size=\"25\" font-family=\"LeagueSpartan-Black, League Spartan\" font-weight=\"800\" letter-spacing=\"0.04em\"><tspan x=\"-7\" y=\"0\">2<\/tspan><\/text><\/svg>\t\t\t\t\t\t<\/span>\n\t\t\t\t\t\t\t\t\t\t<span class=\"elementor-icon-list-text\">BEACONSFIELD<\/span>\n\t\t\t\t\t\t\t\t\t\t\t<\/a>\n\t\t\t\t\t\t\t\t\t<\/li>\n\t\t\t\t\t\t\t\t<li class=\"elementor-icon-list-item\">\n\t\t\t\t\t\t\t\t\t\t\t<span class=\"elementor-icon-list-icon\">\n\t\t\t\t\t\t\t<svg xmlns=\"http:\/\/www.w3.org\/2000\/svg\" id=\"_3\" data-name=\"3\" width=\"31.935\" height=\"40.775\" viewBox=\"0 0 31.935 40.775\"><path id=\"Icon_fa-solid-location-pin\" data-name=\"Icon fa-solid-location-pin\" d=\"M31.935,15.33c0,6.978-9.73,19.4-14,24.528a2.578,2.578,0,0,1-3.942,0C9.73,34.732,0,22.309,0,15.33,0,6.867,7.152,0,15.967,0S31.935,6.867,31.935,15.33Z\" transform=\"translate(0 0)\"><\/path><text id=\"_3-2\" data-name=\"3\" transform=\"translate(15.202 25.759)\" fill=\"#fff\" font-size=\"25\" font-family=\"LeagueSpartan-Black, League Spartan\" font-weight=\"800\" letter-spacing=\"0.04em\"><tspan x=\"-6\" y=\"0\">3<\/tspan><\/text><\/svg>\t\t\t\t\t\t<\/span>\n\t\t\t\t\t\t\t\t\t\t<span class=\"elementor-icon-list-text\">DDO<\/span>\n\t\t\t\t\t\t\t\t\t<\/li>\n\t\t\t\t\t\t\t\t<li class=\"elementor-icon-list-item\">\n\t\t\t\t\t\t\t\t\t\t\t<a href=\"https:\/\/www.ville.dorval.qc.ca\/en\/\" target=\"_blank\">\n\n\t\t\t\t\t\t\t\t\t\t\t\t<span class=\"elementor-icon-list-icon\">\n\t\t\t\t\t\t\t<svg xmlns=\"http:\/\/www.w3.org\/2000\/svg\" id=\"_4\" data-name=\"4\" width=\"31.935\" height=\"40.775\" viewBox=\"0 0 31.935 40.775\"><path id=\"Icon_fa-solid-location-pin\" data-name=\"Icon fa-solid-location-pin\" d=\"M31.935,15.33c0,6.978-9.73,19.4-14,24.528a2.578,2.578,0,0,1-3.942,0C9.73,34.732,0,22.309,0,15.33,0,6.867,7.152,0,15.967,0S31.935,6.867,31.935,15.33Z\" transform=\"translate(0 0)\"><\/path><text id=\"_4-2\" data-name=\"4\" transform=\"translate(15.202 26.073)\" fill=\"#fff\" font-size=\"25\" font-family=\"LeagueSpartan-Black, League Spartan\" font-weight=\"800\" letter-spacing=\"0.04em\"><tspan x=\"-6\" y=\"0\">4<\/tspan><\/text><\/svg>\t\t\t\t\t\t<\/span>\n\t\t\t\t\t\t\t\t\t\t<span class=\"elementor-icon-list-text\">DORVAL<\/span>\n\t\t\t\t\t\t\t\t\t\t\t<\/a>\n\t\t\t\t\t\t\t\t\t<\/li>\n\t\t\t\t\t\t\t\t<li class=\"elementor-icon-list-item\">\n\t\t\t\t\t\t\t\t\t\t\t<a href=\"https:\/\/www.ville.kirkland.qc.ca\/\" target=\"_blank\">\n\n\t\t\t\t\t\t\t\t\t\t\t\t<span class=\"elementor-icon-list-icon\">\n\t\t\t\t\t\t\t<svg xmlns=\"http:\/\/www.w3.org\/2000\/svg\" id=\"_5\" data-name=\"5\" width=\"31.935\" height=\"40.775\" viewBox=\"0 0 31.935 40.775\"><path id=\"Icon_fa-solid-location-pin\" data-name=\"Icon fa-solid-location-pin\" d=\"M31.935,15.33c0,6.978-9.73,19.4-14,24.528a2.578,2.578,0,0,1-3.942,0C9.73,34.732,0,22.309,0,15.33,0,6.867,7.152,0,15.967,0S31.935,6.867,31.935,15.33Z\" transform=\"translate(0 0)\"><\/path><text id=\"_5-2\" data-name=\"5\" transform=\"translate(15.202 25.387)\" fill=\"#fff\" font-size=\"25\" font-family=\"LeagueSpartan-Black, League Spartan\" font-weight=\"800\" letter-spacing=\"0.04em\"><tspan x=\"-6\" y=\"0\">5<\/tspan><\/text><\/svg>\t\t\t\t\t\t<\/span>\n\t\t\t\t\t\t\t\t\t\t<span class=\"elementor-icon-list-text\">KIRKLAND<\/span>\n\t\t\t\t\t\t\t\t\t\t\t<\/a>\n\t\t\t\t\t\t\t\t\t<\/li>\n\t\t\t\t\t\t\t\t<li class=\"elementor-icon-list-item\">\n\t\t\t\t\t\t\t\t\t\t\t<span class=\"elementor-icon-list-icon\">\n\t\t\t\t\t\t\t<svg xmlns=\"http:\/\/www.w3.org\/2000\/svg\" id=\"_6\" data-name=\"6\" width=\"31.935\" height=\"40.775\" viewBox=\"0 0 31.935 40.775\"><path id=\"Icon_fa-solid-location-pin\" data-name=\"Icon fa-solid-location-pin\" d=\"M31.935,15.33c0,6.978-9.73,19.4-14,24.528a2.578,2.578,0,0,1-3.942,0C9.73,34.732,0,22.309,0,15.33,0,6.867,7.152,0,15.967,0S31.935,6.867,31.935,15.33Z\" transform=\"translate(0 0)\"><\/path><text id=\"_6-2\" data-name=\"6\" transform=\"translate(15.202 25.701)\" fill=\"#fff\" font-size=\"25\" font-family=\"LeagueSpartan-Black, League Spartan\" font-weight=\"800\" letter-spacing=\"0.04em\"><tspan x=\"-7\" y=\"0\">6<\/tspan><\/text><\/svg>\t\t\t\t\t\t<\/span>\n\t\t\t\t\t\t\t\t\t\t<span class=\"elementor-icon-list-text\">PIERREFONDS<\/span>\n\t\t\t\t\t\t\t\t\t<\/li>\n\t\t\t\t\t\t\t\t<li class=\"elementor-icon-list-item\">\n\t\t\t\t\t\t\t\t\t\t\t<a href=\"https:\/\/www.ville.pointe-claire.qc.ca\/en\/\" target=\"_blank\">\n\n\t\t\t\t\t\t\t\t\t\t\t\t<span class=\"elementor-icon-list-icon\">\n\t\t\t\t\t\t\t<svg xmlns=\"http:\/\/www.w3.org\/2000\/svg\" id=\"_7\" data-name=\"7\" width=\"31.935\" height=\"40.775\" viewBox=\"0 0 31.935 40.775\"><path id=\"Icon_fa-solid-location-pin\" data-name=\"Icon fa-solid-location-pin\" d=\"M31.935,15.33c0,6.978-9.73,19.4-14,24.528a2.578,2.578,0,0,1-3.942,0C9.73,34.732,0,22.309,0,15.33,0,6.867,7.152,0,15.967,0S31.935,6.867,31.935,15.33Z\" transform=\"translate(0)\"><\/path><text id=\"_7-2\" data-name=\"7\" transform=\"translate(16.202 27.146)\" fill=\"#fff\" font-size=\"25\" font-family=\"LeagueSpartan-Black, League Spartan\" font-weight=\"800\" letter-spacing=\"0.04em\"><tspan x=\"-7\" y=\"0\">7<\/tspan><\/text><\/svg>\t\t\t\t\t\t<\/span>\n\t\t\t\t\t\t\t\t\t\t<span class=\"elementor-icon-list-text\">POINTE-CLAIRE<\/span>\n\t\t\t\t\t\t\t\t\t\t\t<\/a>\n\t\t\t\t\t\t\t\t\t<\/li>\n\t\t\t\t\t\t\t\t<li class=\"elementor-icon-list-item\">\n\t\t\t\t\t\t\t\t\t\t\t<a href=\"https:\/\/www.ville.sainte-anne-de-bellevue.qc.ca\/\" target=\"_blank\">\n\n\t\t\t\t\t\t\t\t\t\t\t\t<span class=\"elementor-icon-list-icon\">\n\t\t\t\t\t\t\t<svg xmlns=\"http:\/\/www.w3.org\/2000\/svg\" id=\"_8\" data-name=\"8\" width=\"31.935\" height=\"40.775\" viewBox=\"0 0 31.935 40.775\"><path id=\"Icon_fa-solid-location-pin\" data-name=\"Icon fa-solid-location-pin\" d=\"M31.935,15.33c0,6.978-9.73,19.4-14,24.528a2.578,2.578,0,0,1-3.942,0C9.73,34.732,0,22.309,0,15.33,0,6.867,7.152,0,15.967,0S31.935,6.867,31.935,15.33Z\" transform=\"translate(0)\"><\/path><text id=\"_8-2\" data-name=\"8\" transform=\"translate(16.202 25.46)\" fill=\"#fff\" font-size=\"25\" font-family=\"LeagueSpartan-Black, League Spartan\" font-weight=\"800\" letter-spacing=\"0.04em\"><tspan x=\"-7\" y=\"0\">8<\/tspan><\/text><\/svg>\t\t\t\t\t\t<\/span>\n\t\t\t\t\t\t\t\t\t\t<span class=\"elementor-icon-list-text\">SAINTE-ANNE-DE-BELLEVUE<\/span>\n\t\t\t\t\t\t\t\t\t\t\t<\/a>\n\t\t\t\t\t\t\t\t\t<\/li>\n\t\t\t\t\t\t\t\t<li class=\"elementor-icon-list-item\">\n\t\t\t\t\t\t\t\t\t\t\t<a href=\"https:\/\/www.senneville.ca\/en\" target=\"_blank\">\n\n\t\t\t\t\t\t\t\t\t\t\t\t<span class=\"elementor-icon-list-icon\">\n\t\t\t\t\t\t\t<svg xmlns=\"http:\/\/www.w3.org\/2000\/svg\" id=\"_9\" data-name=\"9\" width=\"31.935\" height=\"40.775\" viewBox=\"0 0 31.935 40.775\"><path id=\"Icon_fa-solid-location-pin\" data-name=\"Icon fa-solid-location-pin\" d=\"M31.935,15.33c0,6.978-9.73,19.4-14,24.528a2.578,2.578,0,0,1-3.942,0C9.73,34.732,0,22.309,0,15.33,0,6.867,7.152,0,15.967,0S31.935,6.867,31.935,15.33Z\" transform=\"translate(0)\"><\/path><text id=\"_9-2\" data-name=\"9\" transform=\"translate(16.202 25.774)\" fill=\"#fff\" font-size=\"25\" font-family=\"LeagueSpartan-Black, League Spartan\" font-weight=\"800\" letter-spacing=\"0.04em\"><tspan x=\"-7\" y=\"0\">9<\/tspan><\/text><\/svg>\t\t\t\t\t\t<\/span>\n\t\t\t\t\t\t\t\t\t\t<span class=\"elementor-icon-list-text\">SENNEVILLE<\/span>\n\t\t\t\t\t\t\t\t\t\t\t<\/a>\n\t\t\t\t\t\t\t\t\t<\/li>\n\t\t\t\t\t\t<\/ul>\n\t\t\t\t\t\t<\/div>\n\t\t\t\t<\/div>\n\t\t\t\t<div class=\"elementor-element elementor-element-9152f74 elementor-widget elementor-widget-text-editor\" data-id=\"9152f74\" data-element_type=\"widget\" data-widget_type=\"text-editor.default\">\n\t\t\t\t<div class=\"elementor-widget-container\">\n\t\t\t\t\t\t\t\t\t<p>\u00c0 d\u00e9couvrir Nos vid\u00e9os de pr\u00e9sentation de la communaut\u00e9 :<br \/><a style=\"color: #b9353c; text-decoration: underline;\" href=\"https:\/\/www.youtube.com\/watch?v=3IVpTXWCeUs\" target=\"blank\">Ce que nous aimons \u00e0 Beaconsfield<\/a><br \/><a style=\"color: #b9353c; text-decoration: underline;\" href=\"https:\/\/www.youtube.com\/watch?v=pGw58lLFGEw\" target=\"blank\">Ce que nous aimons \u00e0 Baie d\u2019Urf\u00e9<\/a><\/p>\t\t\t\t\t\t\t\t<\/div>\n\t\t\t\t<\/div>\n\t\t\t\t\t<\/div>\n\t\t\t\t<\/div>\n\t\t<div class=\"elementor-element elementor-element-d25d7eb e-con-full e-flex e-con e-parent\" data-id=\"d25d7eb\" data-element_type=\"container\">\n\t\t\t\t<div class=\"elementor-element elementor-element-6884a92 elementor-widget elementor-widget-image\" data-id=\"6884a92\" data-element_type=\"widget\" data-widget_type=\"image.default\">\n\t\t\t\t<div class=\"elementor-widget-container\">\n\t\t\t\t\t\t\t\t\t\t\t\t\t\t\t<img fetchpriority=\"high\" decoding=\"async\" width=\"1920\" height=\"769\" src=\"https:\/\/valenti-test.ca\/wp-content\/uploads\/2025\/07\/westisland.png\" class=\"attachment-full size-full wp-image-7968\" alt=\"\" srcset=\"https:\/\/valenti-test.ca\/wp-content\/uploads\/2025\/07\/westisland.png 1920w, https:\/\/valenti-test.ca\/wp-content\/uploads\/2025\/07\/westisland-300x120.png 300w, https:\/\/valenti-test.ca\/wp-content\/uploads\/2025\/07\/westisland-1024x410.png 1024w, https:\/\/valenti-test.ca\/wp-content\/uploads\/2025\/07\/westisland-768x308.png 768w, https:\/\/valenti-test.ca\/wp-content\/uploads\/2025\/07\/westisland-1536x615.png 1536w\" sizes=\"(max-width: 1920px) 100vw, 1920px\" \/>\t\t\t\t\t\t\t\t\t\t\t\t\t\t\t<\/div>\n\t\t\t\t<\/div>\n\t\t\t\t<\/div>\n\t\t\t\t<\/div>\n\t\t","protected":false},"excerpt":{"rendered":"<p>Quartiers L&rsquo;Ouest-de-l&rsquo;\u00cele L&rsquo;Ouest-de-l&rsquo;\u00cele couvre tout le tiers ouest de l&rsquo;\u00eele de Montr\u00e9al. En 2006, huit des treize municipalit\u00e9s de l&rsquo;Ouest-de-l&rsquo;\u00cele se sont officiellement s\u00e9par\u00e9es de la m\u00e9gapole de Montr\u00e9al. Les trois arrondissements de Lachine, L&rsquo;\u00cele-Bizard-Sainte-Genevi\u00e8ve et Pierrefonds-Roxboro font toujours partie de la m\u00e9gapole. Les huit municipalit\u00e9s autonomes restantes sont Sainte-Anne-de-Bellevue, Senneville, Baie-D\u2019Urf\u00e9, Beaconsfield, Pointe-Claire, Kirkland, [&hellip;]<\/p>\n","protected":false},"author":1,"featured_media":0,"parent":0,"menu_order":0,"comment_status":"closed","ping_status":"closed","template":"","meta":{"_acf_changed":false,"footnotes":""},"class_list":["post-2335","page","type-page","status-publish","hentry"],"acf":[],"_links":{"self":[{"href":"https:\/\/valenti-test.ca\/fr\/wp-json\/wp\/v2\/pages\/2335","targetHints":{"allow":["GET"]}}],"collection":[{"href":"https:\/\/valenti-test.ca\/fr\/wp-json\/wp\/v2\/pages"}],"about":[{"href":"https:\/\/valenti-test.ca\/fr\/wp-json\/wp\/v2\/types\/page"}],"author":[{"embeddable":true,"href":"https:\/\/valenti-test.ca\/fr\/wp-json\/wp\/v2\/users\/1"}],"replies":[{"embeddable":true,"href":"https:\/\/valenti-test.ca\/fr\/wp-json\/wp\/v2\/comments?post=2335"}],"version-history":[{"count":30,"href":"https:\/\/valenti-test.ca\/fr\/wp-json\/wp\/v2\/pages\/2335\/revisions"}],"predecessor-version":[{"id":8689,"href":"https:\/\/valenti-test.ca\/fr\/wp-json\/wp\/v2\/pages\/2335\/revisions\/8689"}],"wp:attachment":[{"href":"https:\/\/valenti-test.ca\/fr\/wp-json\/wp\/v2\/media?parent=2335"}],"curies":[{"name":"wp","href":"https:\/\/api.w.org\/{rel}","templated":true}]}}