{"id":2329,"date":"2024-10-21T12:50:25","date_gmt":"2024-10-21T12:50:25","guid":{"rendered":"https:\/\/valenti-test.ca\/liste-alerte\/"},"modified":"2025-07-18T17:27:01","modified_gmt":"2025-07-18T17:27:01","slug":"liste-alerte","status":"publish","type":"page","link":"https:\/\/valenti-test.ca\/fr\/liste-alerte\/","title":{"rendered":"Liste ALERTE"},"content":{"rendered":"\t\t<div data-elementor-type=\"wp-page\" data-elementor-id=\"2329\" class=\"elementor elementor-2329 elementor-270\" data-elementor-post-type=\"page\">\n\t\t\t\t<div class=\"elementor-element elementor-element-e92df38 e-flex e-con-boxed e-con e-parent\" data-id=\"e92df38\" data-element_type=\"container\" data-settings=\"{&quot;background_background&quot;:&quot;classic&quot;}\">\n\t\t\t\t\t<div class=\"e-con-inner\">\n\t\t\t\t<div class=\"elementor-element elementor-element-3e3ba99 headingWithLine elementor-widget elementor-widget-heading\" data-id=\"3e3ba99\" data-element_type=\"widget\" data-widget_type=\"heading.default\">\n\t\t\t\t<div class=\"elementor-widget-container\">\n\t\t\t\t\t<h1 class=\"elementor-heading-title elementor-size-default\">Liste-ALERTE<\/h1>\t\t\t\t<\/div>\n\t\t\t\t<\/div>\n\t\t<div class=\"elementor-element elementor-element-8f0b6eb e-con-full e-flex e-con e-child\" data-id=\"8f0b6eb\" data-element_type=\"container\">\n\t\t<div class=\"elementor-element elementor-element-f7a6e48 e-con-full e-flex e-con e-child\" data-id=\"f7a6e48\" data-element_type=\"container\">\n\t\t\t\t<div class=\"elementor-element elementor-element-c3525b7 elementor-widget elementor-widget-image\" data-id=\"c3525b7\" data-element_type=\"widget\" data-widget_type=\"image.default\">\n\t\t\t\t<div class=\"elementor-widget-container\">\n\t\t\t\t\t\t\t\t\t\t\t\t\t\t\t<img fetchpriority=\"high\" decoding=\"async\" width=\"2372\" height=\"1768\" src=\"https:\/\/valenti-test.ca\/wp-content\/uploads\/2024\/10\/meet.jpg\" class=\"attachment-full size-full wp-image-2235\" alt=\"\" srcset=\"https:\/\/valenti-test.ca\/wp-content\/uploads\/2024\/10\/meet.jpg 2372w, https:\/\/valenti-test.ca\/wp-content\/uploads\/2024\/10\/meet-300x224.jpg 300w, https:\/\/valenti-test.ca\/wp-content\/uploads\/2024\/10\/meet-1024x763.jpg 1024w, https:\/\/valenti-test.ca\/wp-content\/uploads\/2024\/10\/meet-768x572.jpg 768w, https:\/\/valenti-test.ca\/wp-content\/uploads\/2024\/10\/meet-1536x1145.jpg 1536w, https:\/\/valenti-test.ca\/wp-content\/uploads\/2024\/10\/meet-2048x1527.jpg 2048w\" sizes=\"(max-width: 2372px) 100vw, 2372px\" \/>\t\t\t\t\t\t\t\t\t\t\t\t\t\t\t<\/div>\n\t\t\t\t<\/div>\n\t\t\t\t<div class=\"elementor-element elementor-element-0c7cabc elementor-widget-tablet__width-initial elementor-widget-mobile__width-inherit elementor-widget elementor-widget-heading\" data-id=\"0c7cabc\" data-element_type=\"widget\" data-widget_type=\"heading.default\">\n\t\t\t\t<div class=\"elementor-widget-container\">\n\t\t\t\t\t<h4 class=\"elementor-heading-title elementor-size-default\">De nombreux sites publics affichent des renseignements incomplets ou d\u00e9suets. ListingALERT vous donne un acc\u00e8s complet, vous verrez donc en temps r\u00e9el les plus r\u00e9centes maisons mises en vente.<\/h4>\t\t\t\t<\/div>\n\t\t\t\t<\/div>\n\t\t\t\t<div class=\"elementor-element elementor-element-f9986ba elementor-widget-tablet__width-initial elementor-widget-mobile__width-inherit elementor-widget elementor-widget-text-editor\" data-id=\"f9986ba\" data-element_type=\"widget\" data-widget_type=\"text-editor.default\">\n\t\t\t\t<div class=\"elementor-widget-container\">\n\t\t\t\t\t\t\t\t\t<p>C&rsquo;est \u00e9galement un excellent outil si vous \u00eates au d\u00e9but du processus de recherche, car il vous donnera une bonne id\u00e9e du march\u00e9 dans votre r\u00e9gion. Nous vous recommandons de commencer \u00e0 recevoir ces mises \u00e0 jour lorsque vous \u00eates \u00e0 environ six mois de la date de d\u00e9m\u00e9nagement souhait\u00e9e.<\/p>\n\t\t\t\t\t\t\t\t<\/div>\n\t\t\t\t<\/div>\n\t\t\t\t<\/div>\n\t\t<div class=\"elementor-element elementor-element-4d4354f e-con-full e-flex e-con e-child\" data-id=\"4d4354f\" data-element_type=\"container\" data-settings=\"{&quot;background_background&quot;:&quot;classic&quot;}\">\n\t\t\t\t<div class=\"elementor-element elementor-element-80faa19 elementor-button-align-start listingalert_form elementor-widget elementor-widget-form\" data-id=\"80faa19\" data-element_type=\"widget\" data-settings=\"{&quot;step_next_label&quot;:&quot;Suivant&quot;,&quot;step_previous_label&quot;:&quot;Pr\\u00e9c\\u00e9dent&quot;,&quot;button_width&quot;:&quot;100&quot;,&quot;step_type&quot;:&quot;number_text&quot;,&quot;step_icon_shape&quot;:&quot;circle&quot;}\" data-widget_type=\"form.default\">\n\t\t\t\t<div class=\"elementor-widget-container\">\n\t\t\t\t\t\t\t<form class=\"elementor-form\" method=\"post\" name=\"Nouveau formulaire\">\n\t\t\t<input type=\"hidden\" name=\"post_id\" value=\"2329\"\/>\n\t\t\t<input type=\"hidden\" name=\"form_id\" value=\"80faa19\"\/>\n\t\t\t<input type=\"hidden\" name=\"referer_title\" value=\"\" \/>\n\n\t\t\t\n\t\t\t<div class=\"elementor-form-fields-wrapper elementor-labels-above\">\n\t\t\t\t\t\t\t\t<div class=\"elementor-field-type-text elementor-field-group elementor-column elementor-field-group-name elementor-col-50 elementor-field-required\">\n\t\t\t\t\t\t\t\t\t\t\t\t\t<input size=\"1\" type=\"text\" name=\"form_fields[name]\" id=\"form-field-name\" class=\"elementor-field elementor-size-sm  elementor-field-textual\" placeholder=\"Pr\u00e9nom\" required=\"required\" aria-required=\"true\">\n\t\t\t\t\t\t\t\t\t\t\t<\/div>\n\t\t\t\t\t\t\t\t<div class=\"elementor-field-type-text elementor-field-group elementor-column elementor-field-group-field_ad8afd9 elementor-col-50 elementor-field-required\">\n\t\t\t\t\t\t\t\t\t\t\t\t\t<input size=\"1\" type=\"text\" name=\"form_fields[field_ad8afd9]\" id=\"form-field-field_ad8afd9\" class=\"elementor-field elementor-size-sm  elementor-field-textual\" placeholder=\"Nom\" required=\"required\" aria-required=\"true\">\n\t\t\t\t\t\t\t\t\t\t\t<\/div>\n\t\t\t\t\t\t\t\t<div class=\"elementor-field-type-email elementor-field-group elementor-column elementor-field-group-email elementor-col-50 elementor-field-required\">\n\t\t\t\t\t\t\t\t\t\t\t\t\t<input size=\"1\" type=\"email\" name=\"form_fields[email]\" id=\"form-field-email\" class=\"elementor-field elementor-size-sm  elementor-field-textual\" placeholder=\"Adresse courriel\" required=\"required\" aria-required=\"true\">\n\t\t\t\t\t\t\t\t\t\t\t<\/div>\n\t\t\t\t\t\t\t\t<div class=\"elementor-field-type-tel elementor-field-group elementor-column elementor-field-group-field_91fef6b elementor-col-50 elementor-field-required\">\n\t\t\t\t\t\t\t<input size=\"1\" type=\"tel\" name=\"form_fields[field_91fef6b]\" id=\"form-field-field_91fef6b\" class=\"elementor-field elementor-size-sm  elementor-field-textual\" placeholder=\"Num\u00e9ro de t\u00e9l\u00e9phone\" required=\"required\" aria-required=\"true\" pattern=\"[0-9()#&amp;+*-=.]+\" title=\"Seuls les caract\u00e8res de num\u00e9ros de t\u00e9l\u00e9phone (#, -, *, etc.) sont accept\u00e9s.\">\n\n\t\t\t\t\t\t<\/div>\n\t\t\t\t\t\t\t\t<div class=\"elementor-field-type-select elementor-field-group elementor-column elementor-field-group-field_383f73c elementor-col-50 elementor-field-required\">\n\t\t\t\t\t\t\t\t\t\t\t\t<label for=\"form-field-field_383f73c\" class=\"elementor-field-label\">\n\t\t\t\t\t\t\t\tType de maison\t\t\t\t\t\t\t<\/label>\n\t\t\t\t\t\t\t\t<div class=\"elementor-field elementor-select-wrapper remove-before \">\n\t\t\t<div class=\"select-caret-down-wrapper\">\n\t\t\t\t<svg aria-hidden=\"true\" class=\"e-font-icon-svg e-eicon-caret-down\" viewBox=\"0 0 571.4 571.4\" xmlns=\"http:\/\/www.w3.org\/2000\/svg\"><path d=\"M571 393Q571 407 561 418L311 668Q300 679 286 679T261 668L11 418Q0 407 0 393T11 368 36 357H536Q550 357 561 368T571 393Z\"><\/path><\/svg>\t\t\t<\/div>\n\t\t\t<select name=\"form_fields[field_383f73c]\" id=\"form-field-field_383f73c\" class=\"elementor-field-textual elementor-size-sm\" required=\"required\" aria-required=\"true\">\n\t\t\t\t\t\t\t\t\t<option value=\"Choisir\">Choisir<\/option>\n\t\t\t\t\t\t\t\t\t<option value=\"Maison d\u00e9tach\u00e9e\">Maison d\u00e9tach\u00e9e<\/option>\n\t\t\t\t\t\t\t\t\t<option value=\"Maison de ville\">Maison de ville<\/option>\n\t\t\t\t\t\t\t\t\t<option value=\"Condo \">Condo <\/option>\n\t\t\t\t\t\t\t\t\t<option value=\"Autres\">Autres<\/option>\n\t\t\t\t\t\t\t<\/select>\n\t\t<\/div>\n\t\t\t\t\t\t<\/div>\n\t\t\t\t\t\t\t\t<div class=\"elementor-field-type-select elementor-field-group elementor-column elementor-field-group-field_2e5d433 elementor-col-50 elementor-field-required\">\n\t\t\t\t\t\t\t\t\t\t\t\t<label for=\"form-field-field_2e5d433\" class=\"elementor-field-label\">\n\t\t\t\t\t\t\t\tChambres\t\t\t\t\t\t\t<\/label>\n\t\t\t\t\t\t\t\t<div class=\"elementor-field elementor-select-wrapper remove-before \">\n\t\t\t<div class=\"select-caret-down-wrapper\">\n\t\t\t\t<svg aria-hidden=\"true\" class=\"e-font-icon-svg e-eicon-caret-down\" viewBox=\"0 0 571.4 571.4\" xmlns=\"http:\/\/www.w3.org\/2000\/svg\"><path d=\"M571 393Q571 407 561 418L311 668Q300 679 286 679T261 668L11 418Q0 407 0 393T11 368 36 357H536Q550 357 561 368T571 393Z\"><\/path><\/svg>\t\t\t<\/div>\n\t\t\t<select name=\"form_fields[field_2e5d433]\" id=\"form-field-field_2e5d433\" class=\"elementor-field-textual elementor-size-sm\" required=\"required\" aria-required=\"true\">\n\t\t\t\t\t\t\t\t\t<option value=\"1\">1<\/option>\n\t\t\t\t\t\t\t\t\t<option value=\"2\">2<\/option>\n\t\t\t\t\t\t\t\t\t<option value=\"3\">3<\/option>\n\t\t\t\t\t\t\t\t\t<option value=\"4\">4<\/option>\n\t\t\t\t\t\t\t\t\t<option value=\"5+\">5+<\/option>\n\t\t\t\t\t\t\t<\/select>\n\t\t<\/div>\n\t\t\t\t\t\t<\/div>\n\t\t\t\t\t\t\t\t<div class=\"elementor-field-type-select elementor-field-group elementor-column elementor-field-group-field_3b1165d elementor-col-100 elementor-field-required\">\n\t\t\t\t\t\t\t\t\t\t\t\t<label for=\"form-field-field_3b1165d\" class=\"elementor-field-label\">\n\t\t\t\t\t\t\t\tBudget\t\t\t\t\t\t\t<\/label>\n\t\t\t\t\t\t\t\t<div class=\"elementor-field elementor-select-wrapper remove-before \">\n\t\t\t<div class=\"select-caret-down-wrapper\">\n\t\t\t\t<svg aria-hidden=\"true\" class=\"e-font-icon-svg e-eicon-caret-down\" viewBox=\"0 0 571.4 571.4\" xmlns=\"http:\/\/www.w3.org\/2000\/svg\"><path d=\"M571 393Q571 407 561 418L311 668Q300 679 286 679T261 668L11 418Q0 407 0 393T11 368 36 357H536Q550 357 561 368T571 393Z\"><\/path><\/svg>\t\t\t<\/div>\n\t\t\t<select name=\"form_fields[field_3b1165d]\" id=\"form-field-field_3b1165d\" class=\"elementor-field-textual elementor-size-sm\" required=\"required\" aria-required=\"true\">\n\t\t\t\t\t\t\t\t\t<option value=\"Choisir\">Choisir<\/option>\n\t\t\t\t\t\t\t\t\t<option value=\"moins de 500 000$\">moins de 500 000$<\/option>\n\t\t\t\t\t\t\t\t\t<option value=\"de 500 000$ \u00e0 750 000 $\">de 500 000$ \u00e0 750 000 $<\/option>\n\t\t\t\t\t\t\t\t\t<option value=\"de 750 000$ \u00e0 1 000 000 $\">de 750 000$ \u00e0 1 000 000 $<\/option>\n\t\t\t\t\t\t\t\t\t<option value=\"plus de 1 000 000 $\">plus de 1 000 000 $<\/option>\n\t\t\t\t\t\t\t<\/select>\n\t\t<\/div>\n\t\t\t\t\t\t<\/div>\n\t\t\t\t\t\t\t\t<div class=\"elementor-field-type-text elementor-field-group elementor-column elementor-field-group-field_c10e0ac elementor-col-100\">\n\t\t\t\t\t\t\t\t\t\t\t\t\t<input size=\"1\" type=\"text\" name=\"form_fields[field_c10e0ac]\" id=\"form-field-field_c10e0ac\" class=\"elementor-field elementor-size-sm  elementor-field-textual\" placeholder=\"Dans quel quartier ou voisinnage?\">\n\t\t\t\t\t\t\t\t\t\t\t<\/div>\n\t\t\t\t\t\t\t\t<div class=\"elementor-field-group elementor-column elementor-field-type-submit elementor-col-100 e-form__buttons\">\n\t\t\t\t\t<button class=\"elementor-button elementor-size-sm\" type=\"submit\">\n\t\t\t\t\t\t<span class=\"elementor-button-content-wrapper\">\n\t\t\t\t\t\t\t\t\t\t\t\t\t\t\t\t\t\t\t\t\t\t<span class=\"elementor-button-text\">Envoyer<\/span>\n\t\t\t\t\t\t\t\t\t\t\t\t\t<\/span>\n\t\t\t\t\t<\/button>\n\t\t\t\t<\/div>\n\t\t\t<\/div>\n\t\t<\/form>\n\t\t\t\t\t\t<\/div>\n\t\t\t\t<\/div>\n\t\t\t\t<\/div>\n\t\t\t\t<\/div>\n\t\t\t\t\t<\/div>\n\t\t\t\t<\/div>\n\t\t\t\t<\/div>\n\t\t","protected":false},"excerpt":{"rendered":"<p>Liste-ALERTE De nombreux sites publics affichent des renseignements incomplets ou d\u00e9suets. ListingALERT vous donne un acc\u00e8s complet, vous verrez donc en temps r\u00e9el les plus r\u00e9centes maisons mises en vente. C&rsquo;est \u00e9galement un excellent outil si vous \u00eates au d\u00e9but du processus de recherche, car il vous donnera une bonne id\u00e9e du march\u00e9 dans votre [&hellip;]<\/p>\n","protected":false},"author":1,"featured_media":0,"parent":0,"menu_order":0,"comment_status":"closed","ping_status":"closed","template":"","meta":{"_acf_changed":false,"footnotes":""},"class_list":["post-2329","page","type-page","status-publish","hentry"],"acf":[],"_links":{"self":[{"href":"https:\/\/valenti-test.ca\/fr\/wp-json\/wp\/v2\/pages\/2329","targetHints":{"allow":["GET"]}}],"collection":[{"href":"https:\/\/valenti-test.ca\/fr\/wp-json\/wp\/v2\/pages"}],"about":[{"href":"https:\/\/valenti-test.ca\/fr\/wp-json\/wp\/v2\/types\/page"}],"author":[{"embeddable":true,"href":"https:\/\/valenti-test.ca\/fr\/wp-json\/wp\/v2\/users\/1"}],"replies":[{"embeddable":true,"href":"https:\/\/valenti-test.ca\/fr\/wp-json\/wp\/v2\/comments?post=2329"}],"version-history":[{"count":12,"href":"https:\/\/valenti-test.ca\/fr\/wp-json\/wp\/v2\/pages\/2329\/revisions"}],"predecessor-version":[{"id":7869,"href":"https:\/\/valenti-test.ca\/fr\/wp-json\/wp\/v2\/pages\/2329\/revisions\/7869"}],"wp:attachment":[{"href":"https:\/\/valenti-test.ca\/fr\/wp-json\/wp\/v2\/media?parent=2329"}],"curies":[{"name":"wp","href":"https:\/\/api.w.org\/{rel}","templated":true}]}}