{"id":2315,"date":"2024-10-18T13:29:22","date_gmt":"2024-10-18T13:29:22","guid":{"rendered":"https:\/\/valenti-test.ca\/blog\/"},"modified":"2025-07-31T18:31:37","modified_gmt":"2025-07-31T18:31:37","slug":"notre-blog","status":"publish","type":"page","link":"https:\/\/valenti-test.ca\/fr\/notre-blog\/","title":{"rendered":"Notre Blog"},"content":{"rendered":"\t\t<div data-elementor-type=\"wp-page\" data-elementor-id=\"2315\" class=\"elementor elementor-2315 elementor-15\" data-elementor-post-type=\"page\">\n\t\t\t\t<div class=\"elementor-element elementor-element-4c24463 e-con-full e-flex e-con e-parent\" data-id=\"4c24463\" data-element_type=\"container\" data-settings=\"{&quot;background_background&quot;:&quot;classic&quot;}\">\n\t\t\t\t<\/div>\n\t\t<div class=\"elementor-element elementor-element-42c6e03 e-flex e-con-boxed e-con e-parent\" data-id=\"42c6e03\" data-element_type=\"container\">\n\t\t\t\t\t<div class=\"e-con-inner\">\n\t\t\t\t<div class=\"elementor-element elementor-element-5e53221 elementor-invisible elementor-widget elementor-widget-heading\" data-id=\"5e53221\" data-element_type=\"widget\" data-settings=\"{&quot;_animation&quot;:&quot;fadeInUp&quot;}\" data-widget_type=\"heading.default\">\n\t\t\t\t<div class=\"elementor-widget-container\">\n\t\t\t\t\t<h2 class=\"elementor-heading-title elementor-size-default\">Notre blog<\/h2>\t\t\t\t<\/div>\n\t\t\t\t<\/div>\n\t\t<div class=\"elementor-element elementor-element-6bb5c3f e-con-full e-flex e-con e-child\" data-id=\"6bb5c3f\" data-element_type=\"container\">\n\t\t\t\t<div class=\"elementor-element elementor-element-df06f34 elementor-grid-2 BlogPosts elementor-grid-tablet-2 elementor-grid-mobile-1 elementor-posts--thumbnail-top load-more-align-center elementor-widget elementor-widget-posts\" data-id=\"df06f34\" data-element_type=\"widget\" data-settings=\"{&quot;classic_columns&quot;:&quot;2&quot;,&quot;classic_row_gap&quot;:{&quot;unit&quot;:&quot;px&quot;,&quot;size&quot;:30,&quot;sizes&quot;:[]},&quot;pagination_type&quot;:&quot;load_more_on_click&quot;,&quot;classic_columns_tablet&quot;:&quot;2&quot;,&quot;classic_columns_mobile&quot;:&quot;1&quot;,&quot;classic_row_gap_laptop&quot;:{&quot;unit&quot;:&quot;px&quot;,&quot;size&quot;:&quot;&quot;,&quot;sizes&quot;:[]},&quot;classic_row_gap_tablet&quot;:{&quot;unit&quot;:&quot;px&quot;,&quot;size&quot;:&quot;&quot;,&quot;sizes&quot;:[]},&quot;classic_row_gap_mobile&quot;:{&quot;unit&quot;:&quot;px&quot;,&quot;size&quot;:&quot;&quot;,&quot;sizes&quot;:[]},&quot;load_more_spinner&quot;:{&quot;value&quot;:&quot;fas fa-spinner&quot;,&quot;library&quot;:&quot;fa-solid&quot;}}\" data-widget_type=\"posts.classic\">\n\t\t\t\t<div class=\"elementor-widget-container\">\n\t\t\t\t\t\t\t<div class=\"elementor-posts-container elementor-posts elementor-posts--skin-classic elementor-grid\">\n\t\t\t\t<article class=\"elementor-post elementor-grid-item post-8036 post type-post status-publish format-standard has-post-thumbnail hentry category-non-classifiee\">\n\t\t\t\t<a class=\"elementor-post__thumbnail__link\" href=\"https:\/\/valenti-test.ca\/fr\/reduire-la-taille-du-logement-dun-parent-comment-nous-avons-aide-une-famille-a-traverser-une-transition-difficile\/\" tabindex=\"-1\" >\n\t\t\t<div class=\"elementor-post__thumbnail\"><img fetchpriority=\"high\" decoding=\"async\" width=\"1536\" height=\"1024\" src=\"https:\/\/valenti-test.ca\/wp-content\/uploads\/2025\/04\/blog-header-1-1.png\" class=\"attachment-full size-full wp-image-5943\" alt=\"\" srcset=\"https:\/\/valenti-test.ca\/wp-content\/uploads\/2025\/04\/blog-header-1-1.png 1536w, https:\/\/valenti-test.ca\/wp-content\/uploads\/2025\/04\/blog-header-1-1-300x200.png 300w, https:\/\/valenti-test.ca\/wp-content\/uploads\/2025\/04\/blog-header-1-1-1024x683.png 1024w, https:\/\/valenti-test.ca\/wp-content\/uploads\/2025\/04\/blog-header-1-1-768x512.png 768w\" sizes=\"(max-width: 1536px) 100vw, 1536px\" \/><\/div>\n\t\t<\/a>\n\t\t\t\t<div class=\"elementor-post__text\">\n\t\t\t\t<h4 class=\"elementor-post__title\">\n\t\t\t<a href=\"https:\/\/valenti-test.ca\/fr\/reduire-la-taille-du-logement-dun-parent-comment-nous-avons-aide-une-famille-a-traverser-une-transition-difficile\/\" >\n\t\t\t\tR\u00e9duire la taille du logement d&rsquo;un parent\u00a0: comment nous avons aid\u00e9 une famille \u00e0 traverser une transition difficile\t\t\t<\/a>\n\t\t<\/h4>\n\t\t\t\t<div class=\"elementor-post__meta-data\">\n\t\t\t\t\t<span class=\"elementor-post-date\">\n\t\t\tavril 16, 2025\t\t<\/span>\n\t\t\t\t<\/div>\n\t\t\t\t<div class=\"elementor-post__excerpt\">\n\t\t\t<p>par BW Group le mercredi 16 avril 2025 Voici l\u2019histoire de la fa\u00e7on dont nous avons aid\u00e9 une famille \u00e0<\/p>\n\t\t<\/div>\n\t\t\t\t<\/div>\n\t\t\t\t<\/article>\n\t\t\t\t<article class=\"elementor-post elementor-grid-item post-8038 post type-post status-publish format-standard has-post-thumbnail hentry category-non-classifiee\">\n\t\t\t\t<a class=\"elementor-post__thumbnail__link\" href=\"https:\/\/valenti-test.ca\/fr\/marche-immobilier-montrealais-t1-2025-ce-quil-faut-savoir\/\" tabindex=\"-1\" >\n\t\t\t<div class=\"elementor-post__thumbnail\"><img decoding=\"async\" width=\"1536\" height=\"1024\" src=\"https:\/\/valenti-test.ca\/wp-content\/uploads\/2025\/04\/chatgpt-image-apr-12-2025-12-51-34-am-1.png\" class=\"attachment-full size-full wp-image-5955\" alt=\"\" srcset=\"https:\/\/valenti-test.ca\/wp-content\/uploads\/2025\/04\/chatgpt-image-apr-12-2025-12-51-34-am-1.png 1536w, https:\/\/valenti-test.ca\/wp-content\/uploads\/2025\/04\/chatgpt-image-apr-12-2025-12-51-34-am-1-300x200.png 300w, https:\/\/valenti-test.ca\/wp-content\/uploads\/2025\/04\/chatgpt-image-apr-12-2025-12-51-34-am-1-1024x683.png 1024w, https:\/\/valenti-test.ca\/wp-content\/uploads\/2025\/04\/chatgpt-image-apr-12-2025-12-51-34-am-1-768x512.png 768w\" sizes=\"(max-width: 1536px) 100vw, 1536px\" \/><\/div>\n\t\t<\/a>\n\t\t\t\t<div class=\"elementor-post__text\">\n\t\t\t\t<h4 class=\"elementor-post__title\">\n\t\t\t<a href=\"https:\/\/valenti-test.ca\/fr\/marche-immobilier-montrealais-t1-2025-ce-quil-faut-savoir\/\" >\n\t\t\t\tMarch\u00e9 immobilier montr\u00e9alais &#8211; T1 2025\u00a0: ce qu&rsquo;il faut savoir\t\t\t<\/a>\n\t\t<\/h4>\n\t\t\t\t<div class=\"elementor-post__meta-data\">\n\t\t\t\t\t<span class=\"elementor-post-date\">\n\t\t\tavril 11, 2025\t\t<\/span>\n\t\t\t\t<\/div>\n\t\t\t\t<div class=\"elementor-post__excerpt\">\n\t\t\t<p>par BW Group le vendredi 11 avril 2025 Alors que le premier trimestre de 2025 s&rsquo;ach\u00e8ve, le march\u00e9 immobilier montr\u00e9alais<\/p>\n\t\t<\/div>\n\t\t\t\t<\/div>\n\t\t\t\t<\/article>\n\t\t\t\t<article class=\"elementor-post elementor-grid-item post-8040 post type-post status-publish format-standard has-post-thumbnail hentry category-non-classifiee\">\n\t\t\t\t<a class=\"elementor-post__thumbnail__link\" href=\"https:\/\/valenti-test.ca\/fr\/pourquoi-je-voyage-a-travers-le-cambodge-et-comment-vous-pouvez-maider\/\" tabindex=\"-1\" >\n\t\t\t<div class=\"elementor-post__thumbnail\"><img decoding=\"async\" width=\"696\" height=\"412\" src=\"https:\/\/valenti-test.ca\/wp-content\/uploads\/2025\/04\/cambodia-trek-blog-header-resized.png\" class=\"attachment-full size-full wp-image-5951\" alt=\"\" srcset=\"https:\/\/valenti-test.ca\/wp-content\/uploads\/2025\/04\/cambodia-trek-blog-header-resized.png 696w, https:\/\/valenti-test.ca\/wp-content\/uploads\/2025\/04\/cambodia-trek-blog-header-resized-300x178.png 300w\" sizes=\"(max-width: 696px) 100vw, 696px\" \/><\/div>\n\t\t<\/a>\n\t\t\t\t<div class=\"elementor-post__text\">\n\t\t\t\t<h4 class=\"elementor-post__title\">\n\t\t\t<a href=\"https:\/\/valenti-test.ca\/fr\/pourquoi-je-voyage-a-travers-le-cambodge-et-comment-vous-pouvez-maider\/\" >\n\t\t\t\tPourquoi je voyage \u00e0 travers le Cambodge et comment vous pouvez m&rsquo;aider\t\t\t<\/a>\n\t\t<\/h4>\n\t\t\t\t<div class=\"elementor-post__meta-data\">\n\t\t\t\t\t<span class=\"elementor-post-date\">\n\t\t\tavril 11, 2025\t\t<\/span>\n\t\t\t\t<\/div>\n\t\t\t\t<div class=\"elementor-post__excerpt\">\n\t\t\t<p>par Sean Broady le vendredi 11 avril 2025 100 km \u00e0 travers la jungle cambodgienne pour trouver un abri En<\/p>\n\t\t<\/div>\n\t\t\t\t<\/div>\n\t\t\t\t<\/article>\n\t\t\t\t<article class=\"elementor-post elementor-grid-item post-8042 post type-post status-publish format-standard has-post-thumbnail hentry category-non-classifiee\">\n\t\t\t\t<a class=\"elementor-post__thumbnail__link\" href=\"https:\/\/valenti-test.ca\/fr\/cvc-et-philanthropie-comment-une-entreprise-locale-change-la-donne\/\" tabindex=\"-1\" >\n\t\t\t<div class=\"elementor-post__thumbnail\"><img loading=\"lazy\" decoding=\"async\" width=\"1536\" height=\"1024\" src=\"https:\/\/valenti-test.ca\/wp-content\/uploads\/2025\/04\/chatgpt-image-mar-29-2025-01-05-06-am-1.png\" class=\"attachment-full size-full wp-image-5959\" alt=\"\" srcset=\"https:\/\/valenti-test.ca\/wp-content\/uploads\/2025\/04\/chatgpt-image-mar-29-2025-01-05-06-am-1.png 1536w, https:\/\/valenti-test.ca\/wp-content\/uploads\/2025\/04\/chatgpt-image-mar-29-2025-01-05-06-am-1-300x200.png 300w, https:\/\/valenti-test.ca\/wp-content\/uploads\/2025\/04\/chatgpt-image-mar-29-2025-01-05-06-am-1-1024x683.png 1024w, https:\/\/valenti-test.ca\/wp-content\/uploads\/2025\/04\/chatgpt-image-mar-29-2025-01-05-06-am-1-768x512.png 768w\" sizes=\"(max-width: 1536px) 100vw, 1536px\" \/><\/div>\n\t\t<\/a>\n\t\t\t\t<div class=\"elementor-post__text\">\n\t\t\t\t<h4 class=\"elementor-post__title\">\n\t\t\t<a href=\"https:\/\/valenti-test.ca\/fr\/cvc-et-philanthropie-comment-une-entreprise-locale-change-la-donne\/\" >\n\t\t\t\tCVC et philanthropie\u00a0: comment une entreprise locale change la donne\t\t\t<\/a>\n\t\t<\/h4>\n\t\t\t\t<div class=\"elementor-post__meta-data\">\n\t\t\t\t\t<span class=\"elementor-post-date\">\n\t\t\tmars 28, 2025\t\t<\/span>\n\t\t\t\t<\/div>\n\t\t\t\t<div class=\"elementor-post__excerpt\">\n\t\t\t<p>par BW Group le vendredi 28 mars 2025 Lorsque votre thermopompe ou votre climatiseur central tombe en panne en pleine<\/p>\n\t\t<\/div>\n\t\t\t\t<\/div>\n\t\t\t\t<\/article>\n\t\t\t\t<article class=\"elementor-post elementor-grid-item post-8044 post type-post status-publish format-standard has-post-thumbnail hentry category-non-classifiee\">\n\t\t\t\t<a class=\"elementor-post__thumbnail__link\" href=\"https:\/\/valenti-test.ca\/fr\/tendances-hypothecaires-et-conseils-pour-emprunter-intelligemment\/\" tabindex=\"-1\" >\n\t\t\t<div class=\"elementor-post__thumbnail\"><img loading=\"lazy\" decoding=\"async\" width=\"1792\" height=\"1024\" src=\"https:\/\/valenti-test.ca\/wp-content\/uploads\/2025\/04\/dall-e-2025-03-25-04-16-05-a-blog-header-image-featuring-a-clean-modern-composition-with-a-mortgage-application-form-house-keys-a-miniature-house-model-and-a-calculator-on-a-1.jpg\" class=\"attachment-full size-full wp-image-5963\" alt=\"\" srcset=\"https:\/\/valenti-test.ca\/wp-content\/uploads\/2025\/04\/dall-e-2025-03-25-04-16-05-a-blog-header-image-featuring-a-clean-modern-composition-with-a-mortgage-application-form-house-keys-a-miniature-house-model-and-a-calculator-on-a-1.jpg 1792w, https:\/\/valenti-test.ca\/wp-content\/uploads\/2025\/04\/dall-e-2025-03-25-04-16-05-a-blog-header-image-featuring-a-clean-modern-composition-with-a-mortgage-application-form-house-keys-a-miniature-house-model-and-a-calculator-on-a-1-300x171.jpg 300w, https:\/\/valenti-test.ca\/wp-content\/uploads\/2025\/04\/dall-e-2025-03-25-04-16-05-a-blog-header-image-featuring-a-clean-modern-composition-with-a-mortgage-application-form-house-keys-a-miniature-house-model-and-a-calculator-on-a-1-1024x585.jpg 1024w, https:\/\/valenti-test.ca\/wp-content\/uploads\/2025\/04\/dall-e-2025-03-25-04-16-05-a-blog-header-image-featuring-a-clean-modern-composition-with-a-mortgage-application-form-house-keys-a-miniature-house-model-and-a-calculator-on-a-1-768x439.jpg 768w, https:\/\/valenti-test.ca\/wp-content\/uploads\/2025\/04\/dall-e-2025-03-25-04-16-05-a-blog-header-image-featuring-a-clean-modern-composition-with-a-mortgage-application-form-house-keys-a-miniature-house-model-and-a-calculator-on-a-1-1536x878.jpg 1536w\" sizes=\"(max-width: 1792px) 100vw, 1792px\" \/><\/div>\n\t\t<\/a>\n\t\t\t\t<div class=\"elementor-post__text\">\n\t\t\t\t<h4 class=\"elementor-post__title\">\n\t\t\t<a href=\"https:\/\/valenti-test.ca\/fr\/tendances-hypothecaires-et-conseils-pour-emprunter-intelligemment\/\" >\n\t\t\t\tTendances hypoth\u00e9caires et conseils pour emprunter intelligemment\t\t\t<\/a>\n\t\t<\/h4>\n\t\t\t\t<div class=\"elementor-post__meta-data\">\n\t\t\t\t\t<span class=\"elementor-post-date\">\n\t\t\tmars 24, 2025\t\t<\/span>\n\t\t\t\t<\/div>\n\t\t\t\t<div class=\"elementor-post__excerpt\">\n\t\t\t<p>par BW Group le lundi 24 mars 2025 Les taux d&rsquo;int\u00e9r\u00eat \u00e9voluent, les r\u00e8gles de pr\u00eat \u00e9voluent et les acheteurs<\/p>\n\t\t<\/div>\n\t\t\t\t<\/div>\n\t\t\t\t<\/article>\n\t\t\t\t<article class=\"elementor-post elementor-grid-item post-8046 post type-post status-publish format-standard has-post-thumbnail hentry category-non-classifiee\">\n\t\t\t\t<a class=\"elementor-post__thumbnail__link\" href=\"https:\/\/valenti-test.ca\/fr\/trekking-for-shelter-un-manteau-legendaire-une-randonnee-de-100-km-et-une-mission-de-soutien-aux-femmes-dans-le-besoin\/\" tabindex=\"-1\" >\n\t\t\t<div class=\"elementor-post__thumbnail\"><img loading=\"lazy\" decoding=\"async\" width=\"1920\" height=\"1080\" src=\"https:\/\/valenti-test.ca\/wp-content\/uploads\/2025\/04\/untitled-design-1-1.png\" class=\"attachment-full size-full wp-image-5972\" alt=\"\" srcset=\"https:\/\/valenti-test.ca\/wp-content\/uploads\/2025\/04\/untitled-design-1-1.png 1920w, https:\/\/valenti-test.ca\/wp-content\/uploads\/2025\/04\/untitled-design-1-1-300x169.png 300w, https:\/\/valenti-test.ca\/wp-content\/uploads\/2025\/04\/untitled-design-1-1-1024x576.png 1024w, https:\/\/valenti-test.ca\/wp-content\/uploads\/2025\/04\/untitled-design-1-1-768x432.png 768w, https:\/\/valenti-test.ca\/wp-content\/uploads\/2025\/04\/untitled-design-1-1-1536x864.png 1536w\" sizes=\"(max-width: 1920px) 100vw, 1920px\" \/><\/div>\n\t\t<\/a>\n\t\t\t\t<div class=\"elementor-post__text\">\n\t\t\t\t<h4 class=\"elementor-post__title\">\n\t\t\t<a href=\"https:\/\/valenti-test.ca\/fr\/trekking-for-shelter-un-manteau-legendaire-une-randonnee-de-100-km-et-une-mission-de-soutien-aux-femmes-dans-le-besoin\/\" >\n\t\t\t\tTrekking for Shelter\u00a0: un manteau l\u00e9gendaire, une randonn\u00e9e de 100\u00a0km et une mission de soutien aux femmes dans le besoin\t\t\t<\/a>\n\t\t<\/h4>\n\t\t\t\t<div class=\"elementor-post__meta-data\">\n\t\t\t\t\t<span class=\"elementor-post-date\">\n\t\t\tmars 18, 2025\t\t<\/span>\n\t\t\t\t<\/div>\n\t\t\t\t<div class=\"elementor-post__excerpt\">\n\t\t\t<p>par BW Group le mardi 18 mars 2025 Au Broady Windsor Group, nous pensons qu&rsquo;une maison n&rsquo;est un foyer que<\/p>\n\t\t<\/div>\n\t\t\t\t<\/div>\n\t\t\t\t<\/article>\n\t\t\t\t<\/div>\n\t\t\t\t\t<span class=\"e-load-more-spinner\">\n\t\t\t\t<svg aria-hidden=\"true\" class=\"e-font-icon-svg e-fas-spinner\" viewBox=\"0 0 512 512\" xmlns=\"http:\/\/www.w3.org\/2000\/svg\"><path d=\"M304 48c0 26.51-21.49 48-48 48s-48-21.49-48-48 21.49-48 48-48 48 21.49 48 48zm-48 368c-26.51 0-48 21.49-48 48s21.49 48 48 48 48-21.49 48-48-21.49-48-48-48zm208-208c-26.51 0-48 21.49-48 48s21.49 48 48 48 48-21.49 48-48-21.49-48-48-48zM96 256c0-26.51-21.49-48-48-48S0 229.49 0 256s21.49 48 48 48 48-21.49 48-48zm12.922 99.078c-26.51 0-48 21.49-48 48s21.49 48 48 48 48-21.49 48-48c0-26.509-21.491-48-48-48zm294.156 0c-26.51 0-48 21.49-48 48s21.49 48 48 48 48-21.49 48-48c0-26.509-21.49-48-48-48zM108.922 60.922c-26.51 0-48 21.49-48 48s21.49 48 48 48 48-21.49 48-48-21.491-48-48-48z\"><\/path><\/svg>\t\t\t<\/span>\n\t\t\n\t\t\t\t<div class=\"e-load-more-anchor\" data-page=\"1\" data-max-page=\"18\" data-next-page=\"https:\/\/valenti-test.ca\/fr\/wp-json\/wp\/v2\/pages\/2315\/page\/2\/\"><\/div>\n\t\t\t\t<div class=\"elementor-button-wrapper\">\n\t\t\t<a href=\"#\" class=\"elementor-button-link elementor-button\" role=\"button\">\n\t\t\t\t\t\t<span class=\"elementor-button-content-wrapper\">\n\t\t\t\t\t\t\t\t\t<span class=\"elementor-button-text\">Load More<\/span>\n\t\t\t\t\t<\/span>\n\t\t\t\t\t<\/a>\n\t\t<\/div>\n\t\t\t\t<div class=\"e-load-more-message\"><\/div>\n\t\t\t\t\t\t<\/div>\n\t\t\t\t<\/div>\n\t\t\t\t<\/div>\n\t\t\t\t\t<\/div>\n\t\t\t\t<\/div>\n\t\t\t\t<\/div>\n\t\t","protected":false},"excerpt":{"rendered":"<p>Notre blog<\/p>\n","protected":false},"author":1,"featured_media":0,"parent":0,"menu_order":0,"comment_status":"closed","ping_status":"closed","template":"","meta":{"_acf_changed":false,"footnotes":""},"class_list":["post-2315","page","type-page","status-publish","hentry"],"acf":[],"_links":{"self":[{"href":"https:\/\/valenti-test.ca\/fr\/wp-json\/wp\/v2\/pages\/2315","targetHints":{"allow":["GET"]}}],"collection":[{"href":"https:\/\/valenti-test.ca\/fr\/wp-json\/wp\/v2\/pages"}],"about":[{"href":"https:\/\/valenti-test.ca\/fr\/wp-json\/wp\/v2\/types\/page"}],"author":[{"embeddable":true,"href":"https:\/\/valenti-test.ca\/fr\/wp-json\/wp\/v2\/users\/1"}],"replies":[{"embeddable":true,"href":"https:\/\/valenti-test.ca\/fr\/wp-json\/wp\/v2\/comments?post=2315"}],"version-history":[{"count":18,"href":"https:\/\/valenti-test.ca\/fr\/wp-json\/wp\/v2\/pages\/2315\/revisions"}],"predecessor-version":[{"id":8493,"href":"https:\/\/valenti-test.ca\/fr\/wp-json\/wp\/v2\/pages\/2315\/revisions\/8493"}],"wp:attachment":[{"href":"https:\/\/valenti-test.ca\/fr\/wp-json\/wp\/v2\/media?parent=2315"}],"curies":[{"name":"wp","href":"https:\/\/api.w.org\/{rel}","templated":true}]}}